{"id":14550,"date":"2017-05-17T19:57:21","date_gmt":"2017-05-17T17:57:21","guid":{"rendered":"http:\/\/www.pelleterialasiberia.com\/?page_id=14550"},"modified":"2022-10-15T11:47:25","modified_gmt":"2022-10-15T09:47:25","slug":"%d0%bf%d0%be%d1%87%d0%b5%d0%bc%d1%83-%d0%bd%d0%b0%d1%82%d1%83%d1%80%d0%b0%d0%bb%d1%8c%d0%bd%d0%b0%d1%8f-%d0%ba%d0%be%d0%b6%d0%b0","status":"publish","type":"page","link":"https:\/\/www.pelleterialasiberia.com\/ru\/%d0%bf%d0%be%d1%87%d0%b5%d0%bc%d1%83-%d0%bd%d0%b0%d1%82%d1%83%d1%80%d0%b0%d0%bb%d1%8c%d0%bd%d0%b0%d1%8f-%d0%ba%d0%be%d0%b6%d0%b0\/","title":{"rendered":"\u041f\u043e\u0447\u0435\u043c\u0443 \u043d\u0430\u0442\u0443\u0440\u0430\u043b\u044c\u043d\u0430\u044f \u043a\u043e\u0436\u0430?"},"content":{"rendered":"<p>\u041a\u043e\u0436\u0430 \u0435\u0441\u0442\u0435\u0441\u0442\u0432\u0435\u043d\u043d\u043e.<\/p>\n<p>\u041a\u043e\u0436\u0430 \u044f\u0432\u043b\u044f\u0435\u0442\u0441\u044f \u043f\u0440\u0438\u0440\u043e\u0434\u043d\u044b\u043c \u0440\u0435\u0441\u0443\u0440\u0441\u043e\u043c, \u0432\u043e\u0437\u043e\u0431\u043d\u043e\u0432\u043b\u044f\u0435\u043c\u044b\u0435 \u0438\u0441\u0442\u043e\u0447\u043d\u0438\u043a\u0438. \u042d\u0442\u043e \u0441\u0430\u043c\u044b\u0439 \u0441\u0442\u0430\u0440\u044b\u0439 \u043c\u0430\u0442\u0435\u0440\u0438\u0430\u043b, \u0438\u0437\u0432\u0435\u0441\u0442\u043d\u044b\u0439 \u0447\u0435\u043b\u043e\u0432\u0435\u043a\u0443, \u0438 \u043e\u043d \u043f\u0440\u0438\u044e\u0442\u0438\u043b \u043d\u0430\u0448\u0438 \u043f\u0440\u0435\u0434\u043a\u0438.<\/p>\n<p>\u041a\u043e\u0436\u0430 \u0441\u043e\u0441\u0442\u043e\u0438\u0442 \u0438\u0437 \u0434\u0432\u0443\u0445 \u0438\u0441\u043f\u043e\u043b\u044c\u0437\u043e\u0432\u0430\u043d\u043d\u044b\u0445 \u0438\u0441\u0442\u043e\u0447\u043d\u0438\u043a\u043e\u0432; \u0441\u043a\u043e\u0442\u0430 \u0438 \u043e\u0431\u0438\u043b\u044c\u043d\u043e\u0435 \u0443\u043f\u0440\u0430\u0432\u043b\u0435\u043d\u0438\u0435 \u0432\u0438\u0434\u0430\u043c\u0438 \u043a\u043e\u043d\u0442\u0440\u043e\u043b\u044f \u0434\u0438\u043a\u043e\u0439 \u043f\u0440\u0438\u0440\u043e\u0434\u044b.<\/p>\n<p>\u041d\u0430 \u0444\u0435\u0440\u043c\u0430\u0445 \u0440\u0430\u0437\u0432\u043e\u0434\u044f\u0442 \u0434\u043e\u043c\u0430\u0448\u043d\u0438\u0445 \u0436\u0438\u0432\u043e\u0442\u043d\u044b\u0445 \u0432 \u0441\u043e\u043e\u0442\u0432\u0435\u0442\u0441\u0442\u0432\u0438\u0438 \u0441\u043e \u0441\u0442\u0440\u043e\u0433\u0438\u043c\u0438 \u043f\u0440\u0430\u0432\u0438\u043b\u0430\u043c\u0438, \u0447\u0442\u043e\u0431\u044b \u0441\u043e\u0445\u0440\u0430\u043d\u0438\u0442\u044c \u0441\u0443\u0449\u0435\u0441\u0442\u0432\u0443\u044e\u0449\u0438\u0439 \u043c\u0430\u043a\u0441\u0438\u043c\u0430\u043b\u044c\u043d\u043e\u0435 \u0431\u043b\u0430\u0433\u043e\u043f\u043e\u043b\u0443\u0447\u0438\u0435 \u0436\u0438\u0432\u043e\u0442\u043d\u044b\u0445. \u0416\u0438\u0432\u043e\u0442\u043d\u044b\u0445 \u0440\u0430\u0437\u0432\u043e\u0434\u044f\u0442 \u0432 \u044d\u0442\u0438\u0445 \u0445\u043e\u0437\u044f\u0439\u0441\u0442\u0432\u0430\u0445 \u043a\u0440\u043e\u043b\u0438\u043a\u0430, \u043d\u043e\u0440\u043a\u0438, \u043b\u0438\u0441\u044b \u0438 \u0448\u0438\u043d\u0448\u0438\u043b\u043b\u044b. \u0421\u0435\u043b\u044c\u0441\u043a\u043e\u0445\u043e\u0437\u044f\u0439\u0441\u0442\u0432\u0435\u043d\u043d\u044b\u0435 \u0436\u0438\u0432\u043e\u0442\u043d\u044b\u0435 \u043f\u0438\u0442\u0430\u044e\u0442\u0441\u044f \u043e\u0442\u0445\u043e\u0434\u0430\u043c\u0438 \u0438 \u0434\u0440\u0443\u0433\u0438\u0445 \u043e\u0442\u0440\u0430\u0441\u043b\u0435\u0439 \u0441\u0435\u043b\u044c\u0441\u043a\u043e\u0433\u043e \u0445\u043e\u0437\u044f\u0439\u0441\u0442\u0432\u0430, \u0438\u0437\u0431\u0435\u0433\u0430\u044f, \u0442\u0430\u043a\u0438\u043c \u043e\u0431\u0440\u0430\u0437\u043e\u043c, \u043d\u0435\u0433\u0430\u0442\u0438\u0432\u043d\u043e \u0432\u043b\u0438\u044f\u044e\u0449\u0438\u0435 \u043d\u0430 \u043e\u043a\u0440\u0443\u0436\u0430\u044e\u0449\u0443\u044e \u0441\u0440\u0435\u0434\u0443. \u0414\u0440\u0443\u0433\u0438\u0435 \u0436\u0438\u0432\u043e\u0442\u043d\u044b\u0435, \u0438\u0441\u043f\u043e\u043b\u044c\u0437\u0443\u0435\u043c\u044b\u0435, \u043d\u0430\u043f\u0440\u0438\u043c\u0435\u0440, \u0431\u0430\u0440\u0430\u043d\u0438\u043d\u0430, \u0432\u043e \u0432\u0441\u0435 \u0435\u0433\u043e \u0432\u0430\u0440\u0438\u0430\u043d\u0442\u0430\u0445 \u0438 \u200b\u200b\u0438\u0441\u0442\u043e\u0447\u043d\u0438\u043a\u0430\u0445, \u043a\u0430\u043a \u043f\u0440\u0430\u0432\u0438\u043b\u043e, \u043f\u0440\u0438\u0445\u043e\u0434\u044f\u0442 \u043e\u0442 \u043a\u0440\u0443\u043f\u043d\u043e\u0433\u043e \u0440\u043e\u0433\u0430\u0442\u043e\u0433\u043e \u0441\u043a\u043e\u0442\u0430 \u043a\u043e\u0436\u0438 \u0438 \u043e\u0441\u0442\u0430\u0442\u043a\u043e\u0432 \u043c\u0430\u0442\u0435\u0440\u0438\u0430\u043b\u0430, \u043f\u0435\u0440\u0435\u0440\u0430\u0431\u043e\u0442\u0430\u043d\u043d\u0430\u044f \u0447\u0435\u0440\u0435\u0437 \u043c\u0435\u0445\u043e\u0432\u0443\u044e \u043f\u0440\u043e\u043c\u044b\u0448\u043b\u0435\u043d\u043d\u043e\u0441\u0442\u044c.<\/p>\n<p>\u041f\u0440\u043e\u0438\u0437\u0432\u043e\u0434\u0441\u0442\u0432\u043e \u043a\u043e\u0436\u0430\u043d\u043e\u0439 \u043e\u0434\u0435\u0436\u0434\u044b \u043f\u043e-\u043f\u0440\u0435\u0436\u043d\u0435\u043c\u0443 \u043e\u0447\u0435\u043d\u044c \u043a\u0443\u0441\u0442\u0430\u0440\u043d\u043e\u0435 \u0440\u0435\u043c\u0435\u0441\u043b\u043e, \u0447\u0430\u0441\u0442\u043e \u043f\u0435\u0440\u0435\u0434\u0430\u0435\u0442\u0441\u044f \u0438\u0437 \u043f\u043e\u043a\u043e\u043b\u0435\u043d\u0438\u044f \u0432 \u043f\u043e\u043a\u043e\u043b\u0435\u043d\u0438\u0435. \u042d\u0442\u043e \u043f\u0440\u043e\u0444\u0435\u0441\u0441\u0438\u044f, \u043a\u043e\u0442\u043e\u0440\u0430\u044f \u0441\u043e\u0437\u0434\u0430\u0435\u0442 \u0431\u043e\u043b\u0435\u0435 \u043c\u0438\u043b\u043b\u0438\u043e\u043d\u0430 \u043a\u0432\u0430\u043b\u0438\u0444\u0438\u0446\u0438\u0440\u043e\u0432\u0430\u043d\u043d\u044b\u0445 \u0440\u0430\u0431\u043e\u0447\u0438\u0445 \u043c\u0435\u0441\u0442 \u043f\u043e \u0432\u0441\u0435\u043c\u0443 \u043c\u0438\u0440\u0443.<\/p>\n<p>La pell \u00e9s <strong>\u00c8TICA<\/strong><\/p>\n<p>Aquest tema\u00a0\u00e9s prioritari \u00a0per la Federaci\u00f3 Internacional de pelleteria i tots els membres de la ind\u00fastria pelletera internacional. Cada vegada avancem m\u00e9s sobre aquest tema i per aix\u00f3 la industria pelletera \u00e9s cada vegada m\u00e9s transparent. Actualment ja hi ha molts pa\u00efsos que operen sota la pol\u00edtica de granja oberta.<\/p>\n<p>Per qualsevol dubte sobre les pol\u00edtiques i les pr\u00e0ctiques de benestar animal es poden posar en contacte amb info@iftf.com.<\/p>\n<p>La pell \u00e9s<strong> SOSTENIBLE<\/strong><\/p>\n<p>La pell \u00e9s una opci\u00f3 conscient per respecar el Medi ambient.<\/p>\n<p>L&#8217;impacte ambiental de la pell natural, si el comparem amb la pell artificial, \u00e9s molt m\u00e9s petit. Un estudi fet per a la DSS Management Consultans Inc aix\u00ed ho demostra.<\/p>\n<p>El terme pell ecologica, per referir-se a la pell artificial \u00e9s del tot equivocat. <strong>La pell ecol\u00f2gica \u00a0\u00e9s la natural.<\/strong><\/p>\n<p>La pell natural \u00e9s biodegradable, contrariament a l&#8217;\u00a0artificial que no deixa de ser pl\u00e0stic.<\/p>\n<p>Les peces de pell s\u00f3n uniques i duren molt temps. Sovint passen de mares a filles. Les peces de pell es poden <strong>reutilitzar, reciclar<\/strong>. Es modernitzen, es tranformen.<\/p>\n<p>La pell \u00e9s<strong>\u00a0BONICA<\/strong><\/p>\n<p>Actualment la pell llueix amb una llum diferent.<\/p>\n<p>Les noves tecniques per tractar la pell permeten dissenys innovadors que la barregen amb tot tipus de materials, llanes, cuirs, sedes&#8230;Les possibilitats s\u00f3n inmenses .<\/p>\n<p>Cal tenir en compte que els dissenys amb pell no s\u00f3n nom\u00e9s per les dones, els homes han entrat amb for\u00e7a dins d&#8217;aquest m\u00f3n.<\/p>\n<p>La pell est\u00e0 lluny d&#8217;estar passada de moda. \u00c9s contempor\u00e0nia, est\u00e0 a l&#8217;avanguarda de la moda i s&#8217;est\u00e0 utilitzant m\u00e9s que mai. La majoria de dissenyadors que presenten col.leccions en les pasarel.les de moda internacional estan utilitzant \u00a0pell.<\/p>\n<p>&nbsp;<\/p>\n","protected":false},"excerpt":{"rendered":"<p>\u041a\u043e\u0436\u0430 \u0435\u0441\u0442\u0435\u0441\u0442\u0432\u0435\u043d\u043d\u043e. \u041a\u043e\u0436\u0430 \u044f\u0432\u043b\u044f\u0435\u0442\u0441\u044f \u043f\u0440\u0438\u0440\u043e\u0434\u043d\u044b\u043c \u0440\u0435\u0441\u0443\u0440\u0441\u043e\u043c, \u0432\u043e\u0437\u043e\u0431\u043d\u043e\u0432\u043b\u044f\u0435\u043c\u044b\u0435 \u0438\u0441\u0442\u043e\u0447\u043d\u0438\u043a\u0438. \u042d\u0442\u043e \u0441\u0430\u043c\u044b\u0439 \u0441\u0442\u0430\u0440\u044b\u0439 \u043c\u0430\u0442\u0435\u0440\u0438\u0430\u043b, \u0438\u0437\u0432\u0435\u0441\u0442\u043d\u044b\u0439 \u0447\u0435\u043b\u043e\u0432\u0435\u043a\u0443, \u0438 \u043e\u043d \u043f\u0440\u0438\u044e\u0442\u0438\u043b \u043d\u0430\u0448\u0438 \u043f\u0440\u0435\u0434\u043a\u0438. \u041a\u043e\u0436\u0430 \u0441\u043e\u0441\u0442\u043e\u0438\u0442 \u0438\u0437 \u0434\u0432\u0443\u0445 \u0438\u0441\u043f\u043e\u043b\u044c\u0437\u043e\u0432\u0430\u043d\u043d\u044b\u0445 \u0438\u0441\u0442\u043e\u0447\u043d\u0438\u043a\u043e\u0432; \u0441\u043a\u043e\u0442\u0430 \u0438 \u043e\u0431\u0438\u043b\u044c\u043d\u043e\u0435 \u0443\u043f\u0440\u0430\u0432\u043b\u0435\u043d\u0438\u0435 \u0432\u0438\u0434\u0430\u043c\u0438 \u043a\u043e\u043d\u0442\u0440\u043e\u043b\u044f \u0434\u0438\u043a\u043e\u0439 \u043f\u0440\u0438\u0440\u043e\u0434\u044b. \u041d\u0430 \u0444\u0435\u0440\u043c\u0430\u0445 \u0440\u0430\u0437\u0432\u043e\u0434\u044f\u0442 \u0434\u043e\u043c\u0430\u0448\u043d\u0438\u0445 \u0436\u0438\u0432\u043e\u0442\u043d\u044b\u0445 \u0432 \u0441\u043e\u043e\u0442\u0432\u0435\u0442\u0441\u0442\u0432\u0438\u0438 \u0441\u043e \u0441\u0442\u0440\u043e\u0433\u0438\u043c\u0438 \u043f\u0440\u0430\u0432\u0438\u043b\u0430\u043c\u0438, \u0447\u0442\u043e\u0431\u044b \u0441\u043e\u0445\u0440\u0430\u043d\u0438\u0442\u044c \u0441\u0443\u0449\u0435\u0441\u0442\u0432\u0443\u044e\u0449\u0438\u0439 \u043c\u0430\u043a\u0441\u0438\u043c\u0430\u043b\u044c\u043d\u043e\u0435 \u0431\u043b\u0430\u0433\u043e\u043f\u043e\u043b\u0443\u0447\u0438\u0435 \u0436\u0438\u0432\u043e\u0442\u043d\u044b\u0445. \u0416\u0438\u0432\u043e\u0442\u043d\u044b\u0445 \u0440\u0430\u0437\u0432\u043e\u0434\u044f\u0442 \u0432 \u044d\u0442\u0438\u0445 \u0445\u043e\u0437\u044f\u0439\u0441\u0442\u0432\u0430\u0445 \u043a\u0440\u043e\u043b\u0438\u043a\u0430,&hellip;<\/p>\n","protected":false},"author":2,"featured_media":0,"parent":0,"menu_order":0,"comment_status":"open","ping_status":"open","template":"","meta":{"footnotes":""},"class_list":["post-14550","page","type-page","status-publish","hentry","description-off"],"yoast_head":"<!-- This site is optimized with the Yoast SEO plugin v25.0 - https:\/\/yoast.com\/wordpress\/plugins\/seo\/ -->\n<title>\u041f\u043e\u0447\u0435\u043c\u0443 \u043d\u0430\u0442\u0443\u0440\u0430\u043b\u044c\u043d\u0430\u044f \u043a\u043e\u0436\u0430? - \u043c\u0435\u0445\u043e\u0432\u043e\u0435 \u0434\u0435\u043b\u043e La Siberia<\/title>\n<meta name=\"robots\" content=\"index, follow, max-snippet:-1, max-image-preview:large, max-video-preview:-1\" \/>\n<link rel=\"canonical\" href=\"https:\/\/www.pelleterialasiberia.com\/ru\/\u043f\u043e\u0447\u0435\u043c\u0443-\u043d\u0430\u0442\u0443\u0440\u0430\u043b\u044c\u043d\u0430\u044f-\u043a\u043e\u0436\u0430\/\" \/>\n<meta property=\"og:locale\" content=\"ru_RU\" \/>\n<meta property=\"og:type\" content=\"article\" \/>\n<meta property=\"og:title\" content=\"\u041f\u043e\u0447\u0435\u043c\u0443 \u043d\u0430\u0442\u0443\u0440\u0430\u043b\u044c\u043d\u0430\u044f \u043a\u043e\u0436\u0430? - \u043c\u0435\u0445\u043e\u0432\u043e\u0435 \u0434\u0435\u043b\u043e La Siberia\" \/>\n<meta property=\"og:description\" content=\"\u041a\u043e\u0436\u0430 \u0435\u0441\u0442\u0435\u0441\u0442\u0432\u0435\u043d\u043d\u043e. \u041a\u043e\u0436\u0430 \u044f\u0432\u043b\u044f\u0435\u0442\u0441\u044f \u043f\u0440\u0438\u0440\u043e\u0434\u043d\u044b\u043c \u0440\u0435\u0441\u0443\u0440\u0441\u043e\u043c, \u0432\u043e\u0437\u043e\u0431\u043d\u043e\u0432\u043b\u044f\u0435\u043c\u044b\u0435 \u0438\u0441\u0442\u043e\u0447\u043d\u0438\u043a\u0438. \u042d\u0442\u043e \u0441\u0430\u043c\u044b\u0439 \u0441\u0442\u0430\u0440\u044b\u0439 \u043c\u0430\u0442\u0435\u0440\u0438\u0430\u043b, \u0438\u0437\u0432\u0435\u0441\u0442\u043d\u044b\u0439 \u0447\u0435\u043b\u043e\u0432\u0435\u043a\u0443, \u0438 \u043e\u043d \u043f\u0440\u0438\u044e\u0442\u0438\u043b \u043d\u0430\u0448\u0438 \u043f\u0440\u0435\u0434\u043a\u0438. \u041a\u043e\u0436\u0430 \u0441\u043e\u0441\u0442\u043e\u0438\u0442 \u0438\u0437 \u0434\u0432\u0443\u0445 \u0438\u0441\u043f\u043e\u043b\u044c\u0437\u043e\u0432\u0430\u043d\u043d\u044b\u0445 \u0438\u0441\u0442\u043e\u0447\u043d\u0438\u043a\u043e\u0432; \u0441\u043a\u043e\u0442\u0430 \u0438 \u043e\u0431\u0438\u043b\u044c\u043d\u043e\u0435 \u0443\u043f\u0440\u0430\u0432\u043b\u0435\u043d\u0438\u0435 \u0432\u0438\u0434\u0430\u043c\u0438 \u043a\u043e\u043d\u0442\u0440\u043e\u043b\u044f \u0434\u0438\u043a\u043e\u0439 \u043f\u0440\u0438\u0440\u043e\u0434\u044b. \u041d\u0430 \u0444\u0435\u0440\u043c\u0430\u0445 \u0440\u0430\u0437\u0432\u043e\u0434\u044f\u0442 \u0434\u043e\u043c\u0430\u0448\u043d\u0438\u0445 \u0436\u0438\u0432\u043e\u0442\u043d\u044b\u0445 \u0432 \u0441\u043e\u043e\u0442\u0432\u0435\u0442\u0441\u0442\u0432\u0438\u0438 \u0441\u043e \u0441\u0442\u0440\u043e\u0433\u0438\u043c\u0438 \u043f\u0440\u0430\u0432\u0438\u043b\u0430\u043c\u0438, \u0447\u0442\u043e\u0431\u044b \u0441\u043e\u0445\u0440\u0430\u043d\u0438\u0442\u044c \u0441\u0443\u0449\u0435\u0441\u0442\u0432\u0443\u044e\u0449\u0438\u0439 \u043c\u0430\u043a\u0441\u0438\u043c\u0430\u043b\u044c\u043d\u043e\u0435 \u0431\u043b\u0430\u0433\u043e\u043f\u043e\u043b\u0443\u0447\u0438\u0435 \u0436\u0438\u0432\u043e\u0442\u043d\u044b\u0445. \u0416\u0438\u0432\u043e\u0442\u043d\u044b\u0445 \u0440\u0430\u0437\u0432\u043e\u0434\u044f\u0442 \u0432 \u044d\u0442\u0438\u0445 \u0445\u043e\u0437\u044f\u0439\u0441\u0442\u0432\u0430\u0445 \u043a\u0440\u043e\u043b\u0438\u043a\u0430,&hellip;\" \/>\n<meta property=\"og:url\" content=\"https:\/\/www.pelleterialasiberia.com\/ru\/\u043f\u043e\u0447\u0435\u043c\u0443-\u043d\u0430\u0442\u0443\u0440\u0430\u043b\u044c\u043d\u0430\u044f-\u043a\u043e\u0436\u0430\/\" \/>\n<meta property=\"og:site_name\" content=\"\u043c\u0435\u0445\u043e\u0432\u043e\u0435 \u0434\u0435\u043b\u043e La Siberia\" \/>\n<meta property=\"article:modified_time\" content=\"2022-10-15T09:47:25+00:00\" \/>\n<meta name=\"twitter:card\" content=\"summary_large_image\" \/>\n<meta name=\"twitter:label1\" content=\"\u041f\u0440\u0438\u043c\u0435\u0440\u043d\u043e\u0435 \u0432\u0440\u0435\u043c\u044f \u0434\u043b\u044f \u0447\u0442\u0435\u043d\u0438\u044f\" \/>\n\t<meta name=\"twitter:data1\" content=\"2 \u043c\u0438\u043d\u0443\u0442\u044b\" \/>\n<script type=\"application\/ld+json\" class=\"yoast-schema-graph\">{\"@context\":\"https:\/\/schema.org\",\"@graph\":[{\"@type\":\"WebPage\",\"@id\":\"https:\/\/www.pelleterialasiberia.com\/ru\/%d0%bf%d0%be%d1%87%d0%b5%d0%bc%d1%83-%d0%bd%d0%b0%d1%82%d1%83%d1%80%d0%b0%d0%bb%d1%8c%d0%bd%d0%b0%d1%8f-%d0%ba%d0%be%d0%b6%d0%b0\/\",\"url\":\"https:\/\/www.pelleterialasiberia.com\/ru\/%d0%bf%d0%be%d1%87%d0%b5%d0%bc%d1%83-%d0%bd%d0%b0%d1%82%d1%83%d1%80%d0%b0%d0%bb%d1%8c%d0%bd%d0%b0%d1%8f-%d0%ba%d0%be%d0%b6%d0%b0\/\",\"name\":\"\u041f\u043e\u0447\u0435\u043c\u0443 \u043d\u0430\u0442\u0443\u0440\u0430\u043b\u044c\u043d\u0430\u044f \u043a\u043e\u0436\u0430? - \u043c\u0435\u0445\u043e\u0432\u043e\u0435 \u0434\u0435\u043b\u043e La Siberia\",\"isPartOf\":{\"@id\":\"https:\/\/www.pelleterialasiberia.com\/ru\/#website\"},\"datePublished\":\"2017-05-17T17:57:21+00:00\",\"dateModified\":\"2022-10-15T09:47:25+00:00\",\"breadcrumb\":{\"@id\":\"https:\/\/www.pelleterialasiberia.com\/ru\/%d0%bf%d0%be%d1%87%d0%b5%d0%bc%d1%83-%d0%bd%d0%b0%d1%82%d1%83%d1%80%d0%b0%d0%bb%d1%8c%d0%bd%d0%b0%d1%8f-%d0%ba%d0%be%d0%b6%d0%b0\/#breadcrumb\"},\"inLanguage\":\"ru-RU\",\"potentialAction\":[{\"@type\":\"ReadAction\",\"target\":[\"https:\/\/www.pelleterialasiberia.com\/ru\/%d0%bf%d0%be%d1%87%d0%b5%d0%bc%d1%83-%d0%bd%d0%b0%d1%82%d1%83%d1%80%d0%b0%d0%bb%d1%8c%d0%bd%d0%b0%d1%8f-%d0%ba%d0%be%d0%b6%d0%b0\/\"]}]},{\"@type\":\"BreadcrumbList\",\"@id\":\"https:\/\/www.pelleterialasiberia.com\/ru\/%d0%bf%d0%be%d1%87%d0%b5%d0%bc%d1%83-%d0%bd%d0%b0%d1%82%d1%83%d1%80%d0%b0%d0%bb%d1%8c%d0%bd%d0%b0%d1%8f-%d0%ba%d0%be%d0%b6%d0%b0\/#breadcrumb\",\"itemListElement\":[{\"@type\":\"ListItem\",\"position\":1,\"name\":\"Inici\",\"item\":\"https:\/\/www.pelleterialasiberia.com\/ru\/\"},{\"@type\":\"ListItem\",\"position\":2,\"name\":\"\u041f\u043e\u0447\u0435\u043c\u0443 \u043d\u0430\u0442\u0443\u0440\u0430\u043b\u044c\u043d\u0430\u044f \u043a\u043e\u0436\u0430?\"}]},{\"@type\":\"WebSite\",\"@id\":\"https:\/\/www.pelleterialasiberia.com\/ru\/#website\",\"url\":\"https:\/\/www.pelleterialasiberia.com\/ru\/\",\"name\":\"\u043c\u0435\u0445\u043e\u0432\u043e\u0435 \u0434\u0435\u043b\u043e La Siberia\",\"description\":\"PELLETERIA BARCELONA\",\"potentialAction\":[{\"@type\":\"SearchAction\",\"target\":{\"@type\":\"EntryPoint\",\"urlTemplate\":\"https:\/\/www.pelleterialasiberia.com\/ru\/?s={search_term_string}\"},\"query-input\":{\"@type\":\"PropertyValueSpecification\",\"valueRequired\":true,\"valueName\":\"search_term_string\"}}],\"inLanguage\":\"ru-RU\"}]}<\/script>\n<!-- \/ Yoast SEO plugin. -->","yoast_head_json":{"title":"\u041f\u043e\u0447\u0435\u043c\u0443 \u043d\u0430\u0442\u0443\u0440\u0430\u043b\u044c\u043d\u0430\u044f \u043a\u043e\u0436\u0430? - \u043c\u0435\u0445\u043e\u0432\u043e\u0435 \u0434\u0435\u043b\u043e La Siberia","robots":{"index":"index","follow":"follow","max-snippet":"max-snippet:-1","max-image-preview":"max-image-preview:large","max-video-preview":"max-video-preview:-1"},"canonical":"https:\/\/www.pelleterialasiberia.com\/ru\/\u043f\u043e\u0447\u0435\u043c\u0443-\u043d\u0430\u0442\u0443\u0440\u0430\u043b\u044c\u043d\u0430\u044f-\u043a\u043e\u0436\u0430\/","og_locale":"ru_RU","og_type":"article","og_title":"\u041f\u043e\u0447\u0435\u043c\u0443 \u043d\u0430\u0442\u0443\u0440\u0430\u043b\u044c\u043d\u0430\u044f \u043a\u043e\u0436\u0430? - \u043c\u0435\u0445\u043e\u0432\u043e\u0435 \u0434\u0435\u043b\u043e La Siberia","og_description":"\u041a\u043e\u0436\u0430 \u0435\u0441\u0442\u0435\u0441\u0442\u0432\u0435\u043d\u043d\u043e. \u041a\u043e\u0436\u0430 \u044f\u0432\u043b\u044f\u0435\u0442\u0441\u044f \u043f\u0440\u0438\u0440\u043e\u0434\u043d\u044b\u043c \u0440\u0435\u0441\u0443\u0440\u0441\u043e\u043c, \u0432\u043e\u0437\u043e\u0431\u043d\u043e\u0432\u043b\u044f\u0435\u043c\u044b\u0435 \u0438\u0441\u0442\u043e\u0447\u043d\u0438\u043a\u0438. \u042d\u0442\u043e \u0441\u0430\u043c\u044b\u0439 \u0441\u0442\u0430\u0440\u044b\u0439 \u043c\u0430\u0442\u0435\u0440\u0438\u0430\u043b, \u0438\u0437\u0432\u0435\u0441\u0442\u043d\u044b\u0439 \u0447\u0435\u043b\u043e\u0432\u0435\u043a\u0443, \u0438 \u043e\u043d \u043f\u0440\u0438\u044e\u0442\u0438\u043b \u043d\u0430\u0448\u0438 \u043f\u0440\u0435\u0434\u043a\u0438. \u041a\u043e\u0436\u0430 \u0441\u043e\u0441\u0442\u043e\u0438\u0442 \u0438\u0437 \u0434\u0432\u0443\u0445 \u0438\u0441\u043f\u043e\u043b\u044c\u0437\u043e\u0432\u0430\u043d\u043d\u044b\u0445 \u0438\u0441\u0442\u043e\u0447\u043d\u0438\u043a\u043e\u0432; \u0441\u043a\u043e\u0442\u0430 \u0438 \u043e\u0431\u0438\u043b\u044c\u043d\u043e\u0435 \u0443\u043f\u0440\u0430\u0432\u043b\u0435\u043d\u0438\u0435 \u0432\u0438\u0434\u0430\u043c\u0438 \u043a\u043e\u043d\u0442\u0440\u043e\u043b\u044f \u0434\u0438\u043a\u043e\u0439 \u043f\u0440\u0438\u0440\u043e\u0434\u044b. \u041d\u0430 \u0444\u0435\u0440\u043c\u0430\u0445 \u0440\u0430\u0437\u0432\u043e\u0434\u044f\u0442 \u0434\u043e\u043c\u0430\u0448\u043d\u0438\u0445 \u0436\u0438\u0432\u043e\u0442\u043d\u044b\u0445 \u0432 \u0441\u043e\u043e\u0442\u0432\u0435\u0442\u0441\u0442\u0432\u0438\u0438 \u0441\u043e \u0441\u0442\u0440\u043e\u0433\u0438\u043c\u0438 \u043f\u0440\u0430\u0432\u0438\u043b\u0430\u043c\u0438, \u0447\u0442\u043e\u0431\u044b \u0441\u043e\u0445\u0440\u0430\u043d\u0438\u0442\u044c \u0441\u0443\u0449\u0435\u0441\u0442\u0432\u0443\u044e\u0449\u0438\u0439 \u043c\u0430\u043a\u0441\u0438\u043c\u0430\u043b\u044c\u043d\u043e\u0435 \u0431\u043b\u0430\u0433\u043e\u043f\u043e\u043b\u0443\u0447\u0438\u0435 \u0436\u0438\u0432\u043e\u0442\u043d\u044b\u0445. \u0416\u0438\u0432\u043e\u0442\u043d\u044b\u0445 \u0440\u0430\u0437\u0432\u043e\u0434\u044f\u0442 \u0432 \u044d\u0442\u0438\u0445 \u0445\u043e\u0437\u044f\u0439\u0441\u0442\u0432\u0430\u0445 \u043a\u0440\u043e\u043b\u0438\u043a\u0430,&hellip;","og_url":"https:\/\/www.pelleterialasiberia.com\/ru\/\u043f\u043e\u0447\u0435\u043c\u0443-\u043d\u0430\u0442\u0443\u0440\u0430\u043b\u044c\u043d\u0430\u044f-\u043a\u043e\u0436\u0430\/","og_site_name":"\u043c\u0435\u0445\u043e\u0432\u043e\u0435 \u0434\u0435\u043b\u043e La Siberia","article_modified_time":"2022-10-15T09:47:25+00:00","twitter_card":"summary_large_image","twitter_misc":{"\u041f\u0440\u0438\u043c\u0435\u0440\u043d\u043e\u0435 \u0432\u0440\u0435\u043c\u044f \u0434\u043b\u044f \u0447\u0442\u0435\u043d\u0438\u044f":"2 \u043c\u0438\u043d\u0443\u0442\u044b"},"schema":{"@context":"https:\/\/schema.org","@graph":[{"@type":"WebPage","@id":"https:\/\/www.pelleterialasiberia.com\/ru\/%d0%bf%d0%be%d1%87%d0%b5%d0%bc%d1%83-%d0%bd%d0%b0%d1%82%d1%83%d1%80%d0%b0%d0%bb%d1%8c%d0%bd%d0%b0%d1%8f-%d0%ba%d0%be%d0%b6%d0%b0\/","url":"https:\/\/www.pelleterialasiberia.com\/ru\/%d0%bf%d0%be%d1%87%d0%b5%d0%bc%d1%83-%d0%bd%d0%b0%d1%82%d1%83%d1%80%d0%b0%d0%bb%d1%8c%d0%bd%d0%b0%d1%8f-%d0%ba%d0%be%d0%b6%d0%b0\/","name":"\u041f\u043e\u0447\u0435\u043c\u0443 \u043d\u0430\u0442\u0443\u0440\u0430\u043b\u044c\u043d\u0430\u044f \u043a\u043e\u0436\u0430? - \u043c\u0435\u0445\u043e\u0432\u043e\u0435 \u0434\u0435\u043b\u043e La Siberia","isPartOf":{"@id":"https:\/\/www.pelleterialasiberia.com\/ru\/#website"},"datePublished":"2017-05-17T17:57:21+00:00","dateModified":"2022-10-15T09:47:25+00:00","breadcrumb":{"@id":"https:\/\/www.pelleterialasiberia.com\/ru\/%d0%bf%d0%be%d1%87%d0%b5%d0%bc%d1%83-%d0%bd%d0%b0%d1%82%d1%83%d1%80%d0%b0%d0%bb%d1%8c%d0%bd%d0%b0%d1%8f-%d0%ba%d0%be%d0%b6%d0%b0\/#breadcrumb"},"inLanguage":"ru-RU","potentialAction":[{"@type":"ReadAction","target":["https:\/\/www.pelleterialasiberia.com\/ru\/%d0%bf%d0%be%d1%87%d0%b5%d0%bc%d1%83-%d0%bd%d0%b0%d1%82%d1%83%d1%80%d0%b0%d0%bb%d1%8c%d0%bd%d0%b0%d1%8f-%d0%ba%d0%be%d0%b6%d0%b0\/"]}]},{"@type":"BreadcrumbList","@id":"https:\/\/www.pelleterialasiberia.com\/ru\/%d0%bf%d0%be%d1%87%d0%b5%d0%bc%d1%83-%d0%bd%d0%b0%d1%82%d1%83%d1%80%d0%b0%d0%bb%d1%8c%d0%bd%d0%b0%d1%8f-%d0%ba%d0%be%d0%b6%d0%b0\/#breadcrumb","itemListElement":[{"@type":"ListItem","position":1,"name":"Inici","item":"https:\/\/www.pelleterialasiberia.com\/ru\/"},{"@type":"ListItem","position":2,"name":"\u041f\u043e\u0447\u0435\u043c\u0443 \u043d\u0430\u0442\u0443\u0440\u0430\u043b\u044c\u043d\u0430\u044f \u043a\u043e\u0436\u0430?"}]},{"@type":"WebSite","@id":"https:\/\/www.pelleterialasiberia.com\/ru\/#website","url":"https:\/\/www.pelleterialasiberia.com\/ru\/","name":"\u043c\u0435\u0445\u043e\u0432\u043e\u0435 \u0434\u0435\u043b\u043e La Siberia","description":"PELLETERIA BARCELONA","potentialAction":[{"@type":"SearchAction","target":{"@type":"EntryPoint","urlTemplate":"https:\/\/www.pelleterialasiberia.com\/ru\/?s={search_term_string}"},"query-input":{"@type":"PropertyValueSpecification","valueRequired":true,"valueName":"search_term_string"}}],"inLanguage":"ru-RU"}]}},"_links":{"self":[{"href":"https:\/\/www.pelleterialasiberia.com\/ru\/wp-json\/wp\/v2\/pages\/14550","targetHints":{"allow":["GET"]}}],"collection":[{"href":"https:\/\/www.pelleterialasiberia.com\/ru\/wp-json\/wp\/v2\/pages"}],"about":[{"href":"https:\/\/www.pelleterialasiberia.com\/ru\/wp-json\/wp\/v2\/types\/page"}],"author":[{"embeddable":true,"href":"https:\/\/www.pelleterialasiberia.com\/ru\/wp-json\/wp\/v2\/users\/2"}],"replies":[{"embeddable":true,"href":"https:\/\/www.pelleterialasiberia.com\/ru\/wp-json\/wp\/v2\/comments?post=14550"}],"version-history":[{"count":6,"href":"https:\/\/www.pelleterialasiberia.com\/ru\/wp-json\/wp\/v2\/pages\/14550\/revisions"}],"predecessor-version":[{"id":14626,"href":"https:\/\/www.pelleterialasiberia.com\/ru\/wp-json\/wp\/v2\/pages\/14550\/revisions\/14626"}],"wp:attachment":[{"href":"https:\/\/www.pelleterialasiberia.com\/ru\/wp-json\/wp\/v2\/media?parent=14550"}],"curies":[{"name":"wp","href":"https:\/\/api.w.org\/{rel}","templated":true}]}}