{"id":13312,"date":"2014-07-22T23:58:04","date_gmt":"2014-07-22T23:58:04","guid":{"rendered":"http:\/\/www.pelleterialasiberia.com\/?page_id=13312"},"modified":"2025-09-22T11:47:12","modified_gmt":"2025-09-22T09:47:12","slug":"whats-new","status":"publish","type":"page","link":"https:\/\/www.pelleterialasiberia.com\/ru\/whats-new\/","title":{"rendered":"What&#8217;s new"},"content":{"rendered":"<div class=\"wpb-content-wrapper\"><p>[vc_row][vc_column][vc_column_text]<\/p>\n<h4 style=\"text-align: center;\">What&#8217;s new<\/h4>\n<h3 style=\"text-align: center;\">Moda pell Barcelona<\/h3>\n<p>&nbsp;<\/p>\n<p>&nbsp;<\/p>\n\n<p>&nbsp;<\/p>\n<h3><\/h3>\n<h3>Double face mouton<\/h3>\n<p>Totes les pells s\u00f3n moda aquesta temporada per\u00f2 les peces de double-face de <strong>mouton<\/strong> son \u00faltima tend\u00e8ncia; ca\u00e7adores que ens traslladen als anys 60, abrics llargs de mouton amb caputxa de colors grisos, terrossos i camels, molts d&#8217;estil bohemi. Abrics m\u00e9s urbans de colors vius o colors combinats i reversibles, ideals per el dia a dia de la ciutat. Peces que ens poden solucionar el dia i la nit de la ciutat.<\/p>\n\n\n<h3>Vis\u00f3 i renard de colors<\/h3>\n<p>Les jaquetes i ca\u00e7adores de<strong> vis\u00f3 o renard<\/strong> aposten per cridar l&#8217;atenci\u00f3; blaus, granats, verds, roses&#8230;Jaquetes amb coll tira o caputxa, amb o sense cremallera que soluciones looks d&#8217;esport i de vestir.<\/p>\n<p>&nbsp;<\/p>\n<p><img loading=\"lazy\" decoding=\"async\" class=\"aligncenter size-full wp-image-15138\" src=\"http:\/\/www.pelleterialasiberia.com\/wp-content\/uploads\/2020\/10\/LASIBERIA-G-NEGRE-2.jpg\" alt=\"\" width=\"1068\" height=\"800\" \/><\/p>\n\n<p>&nbsp;<\/p>\n<h3>Moda pell Barcelona: Abrics de pell de totes mides<\/h3>\n<p>Els abrics de <strong>pell<\/strong> apareixen en un gran ventall de possibilitats; llargs, a genoll, d&#8217;estil oversize o vintage, de color o combinat. Molts d&#8217;ells es poden llu\u00efr amb cintur\u00f3.<\/p>\n<p>&nbsp;<\/p>\n<p><img loading=\"lazy\" decoding=\"async\" class=\"aligncenter size-full wp-image-15116\" src=\"http:\/\/www.pelleterialasiberia.com\/wp-content\/uploads\/2020\/10\/lasiberia-rex-colors-2.jpg\" alt=\"\" width=\"1120\" height=\"800\" \/><\/p>\n\n<p>&nbsp;<\/p>\n<h3><\/h3>\n<h3>Pell combinada amb llana cashmere<\/h3>\n<p>Col\u00b7lecci\u00f3 d&#8217;abrics de<strong> llana<\/strong> cashmere reversibles de color; crema i gris, negre i antracita&#8230;Sempre amb un toc de pell de p\u00e8l llarg, al coll, als punys, a la caputxa, a les butxaques&#8230;Molt confortables i lleugeres. Armilles llargues de vis\u00f3 amb cashmere que es poden portar sobre els abrics de la mateixa llana cashmere.<\/p>\n<p>&nbsp;<\/p>\n<p><img loading=\"lazy\" decoding=\"async\" class=\"aligncenter size-full wp-image-15113\" src=\"http:\/\/www.pelleterialasiberia.com\/wp-content\/uploads\/2020\/10\/lasiberia-llana-mouton.jpg\" alt=\"\" width=\"1068\" height=\"800\" \/><\/p>\n\n<p>&nbsp;<\/p>\n<p>&nbsp;<\/p>\n<h3><\/h3>\n<h3>Les parkes i gabardines reversibles<\/h3>\n<p>Les parkes i les gavardines folrades i reversibles persisteixen i es sofistiquen passant a se aptes tant\u00a0 per a la vida de ciutat com pel lleure.<\/p>\n<p>&nbsp;<\/p>\n<p><img loading=\"lazy\" decoding=\"async\" class=\"aligncenter size-full wp-image-14935\" src=\"http:\/\/www.pelleterialasiberia.com\/wp-content\/uploads\/2019\/09\/VMLASIBERIA-BOMBER.jpg\" alt=\"\" width=\"800\" height=\"800\" \/><\/p>\n<p>&nbsp;<\/p>\n\n<p>&nbsp;<\/p>\n<p><img loading=\"lazy\" decoding=\"async\" class=\"aligncenter size-full wp-image-15154\" src=\"http:\/\/www.pelleterialasiberia.com\/wp-content\/uploads\/2020\/10\/LASIBERIA-TEXTIL-G-4.jpg\" alt=\"\" width=\"1068\" height=\"800\" \/><\/p>\n<p>&nbsp;<\/p>\n\n<p>&nbsp;<\/p>\n<h3><img loading=\"lazy\" decoding=\"async\" class=\"aligncenter size-full wp-image-15149\" src=\"http:\/\/www.pelleterialasiberia.com\/wp-content\/uploads\/2020\/10\/LASIBERIA-TEXTIL-CONILL-NEGRE.jpg\" alt=\"\" width=\"599\" height=\"800\" \/><\/h3>\n<p>&nbsp;<\/p>\n<h4>Moda pell Barcelona. La pell per HOME tamb\u00e9 \u00e9s moda<\/h4>\n<div id=\"attachment_14986\" style=\"width: 609px\" class=\"wp-caption aligncenter\"><img loading=\"lazy\" decoding=\"async\" aria-describedby=\"caption-attachment-14986\" class=\"wp-image-14986 size-full\" title=\"Moda home pell Barcelona\" src=\"http:\/\/www.pelleterialasiberia.com\/wp-content\/uploads\/2019\/10\/LASIBERIA-DOUBLEFACE-H-NEGRE.jpg\" alt=\"Jaqueta pell bomber\" width=\"599\" height=\"800\" \/><p id=\"caption-attachment-14986\" class=\"wp-caption-text\">Jaqueta d&#8217;home bomber de double-face negre<\/p><\/div>\n<p>&nbsp;<\/p>\n\n\n<h3><\/h3>\n<h3 style=\"text-align: left;\">Col.lecci\u00f3 de jaquetes, levites, ca\u00e7adores, .. de napa<\/h3>\n\n\n\n\n\n<p>[\/vc_column_text][\/vc_column][\/vc_row]<\/p>\n<\/div>","protected":false},"excerpt":{"rendered":"<p>[vc_row][vc_column][vc_column_text] What&#8217;s new Moda pell Barcelona &nbsp; &nbsp; &nbsp; Double face mouton Totes les pells s\u00f3n moda aquesta temporada per\u00f2 les peces de double-face de mouton son \u00faltima tend\u00e8ncia; ca\u00e7adores que ens traslladen als anys 60, abrics llargs de mouton amb caputxa de colors grisos, terrossos i camels, molts d&#8217;estil bohemi. Abrics m\u00e9s urbans de&hellip;<\/p>\n","protected":false},"author":1,"featured_media":0,"parent":0,"menu_order":0,"comment_status":"closed","ping_status":"closed","template":"","meta":{"footnotes":""},"class_list":["post-13312","page","type-page","status-publish","hentry","description-off"],"yoast_head":"<!-- This site is optimized with the Yoast SEO plugin v25.0 - https:\/\/yoast.com\/wordpress\/plugins\/seo\/ -->\n<title>What&#039;s new - \u043c\u0435\u0445\u043e\u0432\u043e\u0435 \u0434\u0435\u043b\u043e La Siberia<\/title>\n<meta name=\"robots\" content=\"index, follow, max-snippet:-1, max-image-preview:large, max-video-preview:-1\" \/>\n<link rel=\"canonical\" href=\"https:\/\/www.pelleterialasiberia.com\/ru\/whats-new\/\" \/>\n<meta property=\"og:locale\" content=\"ru_RU\" \/>\n<meta property=\"og:type\" content=\"article\" \/>\n<meta property=\"og:title\" content=\"What&#039;s new - \u043c\u0435\u0445\u043e\u0432\u043e\u0435 \u0434\u0435\u043b\u043e La Siberia\" \/>\n<meta property=\"og:description\" content=\"[vc_row][vc_column][vc_column_text] What&#8217;s new Moda pell Barcelona &nbsp; &nbsp; &nbsp; Double face mouton Totes les pells s\u00f3n moda aquesta temporada per\u00f2 les peces de double-face de mouton son \u00faltima tend\u00e8ncia; ca\u00e7adores que ens traslladen als anys 60, abrics llargs de mouton amb caputxa de colors grisos, terrossos i camels, molts d&#8217;estil bohemi. Abrics m\u00e9s urbans de&hellip;\" \/>\n<meta property=\"og:url\" content=\"https:\/\/www.pelleterialasiberia.com\/ru\/whats-new\/\" \/>\n<meta property=\"og:site_name\" content=\"\u043c\u0435\u0445\u043e\u0432\u043e\u0435 \u0434\u0435\u043b\u043e La Siberia\" \/>\n<meta property=\"article:modified_time\" content=\"2025-09-22T09:47:12+00:00\" \/>\n<meta property=\"og:image\" content=\"http:\/\/www.pelleterialasiberia.com\/wp-content\/uploads\/2020\/10\/LASIBERIA-G-NEGRE-2.jpg\" \/>\n<meta name=\"twitter:card\" content=\"summary_large_image\" \/>\n<meta name=\"twitter:label1\" content=\"\u041f\u0440\u0438\u043c\u0435\u0440\u043d\u043e\u0435 \u0432\u0440\u0435\u043c\u044f \u0434\u043b\u044f \u0447\u0442\u0435\u043d\u0438\u044f\" \/>\n\t<meta name=\"twitter:data1\" content=\"2 \u043c\u0438\u043d\u0443\u0442\u044b\" \/>\n<script type=\"application\/ld+json\" class=\"yoast-schema-graph\">{\"@context\":\"https:\/\/schema.org\",\"@graph\":[{\"@type\":\"WebPage\",\"@id\":\"https:\/\/www.pelleterialasiberia.com\/ru\/whats-new\/\",\"url\":\"https:\/\/www.pelleterialasiberia.com\/ru\/whats-new\/\",\"name\":\"What's new - \u043c\u0435\u0445\u043e\u0432\u043e\u0435 \u0434\u0435\u043b\u043e La Siberia\",\"isPartOf\":{\"@id\":\"https:\/\/www.pelleterialasiberia.com\/ru\/#website\"},\"primaryImageOfPage\":{\"@id\":\"https:\/\/www.pelleterialasiberia.com\/ru\/whats-new\/#primaryimage\"},\"image\":{\"@id\":\"https:\/\/www.pelleterialasiberia.com\/ru\/whats-new\/#primaryimage\"},\"thumbnailUrl\":\"http:\/\/www.pelleterialasiberia.com\/wp-content\/uploads\/2020\/10\/LASIBERIA-G-NEGRE-2.jpg\",\"datePublished\":\"2014-07-22T23:58:04+00:00\",\"dateModified\":\"2025-09-22T09:47:12+00:00\",\"breadcrumb\":{\"@id\":\"https:\/\/www.pelleterialasiberia.com\/ru\/whats-new\/#breadcrumb\"},\"inLanguage\":\"ru-RU\",\"potentialAction\":[{\"@type\":\"ReadAction\",\"target\":[\"https:\/\/www.pelleterialasiberia.com\/ru\/whats-new\/\"]}]},{\"@type\":\"ImageObject\",\"inLanguage\":\"ru-RU\",\"@id\":\"https:\/\/www.pelleterialasiberia.com\/ru\/whats-new\/#primaryimage\",\"url\":\"http:\/\/www.pelleterialasiberia.com\/wp-content\/uploads\/2020\/10\/LASIBERIA-G-NEGRE-2.jpg\",\"contentUrl\":\"http:\/\/www.pelleterialasiberia.com\/wp-content\/uploads\/2020\/10\/LASIBERIA-G-NEGRE-2.jpg\"},{\"@type\":\"BreadcrumbList\",\"@id\":\"https:\/\/www.pelleterialasiberia.com\/ru\/whats-new\/#breadcrumb\",\"itemListElement\":[{\"@type\":\"ListItem\",\"position\":1,\"name\":\"Inici\",\"item\":\"https:\/\/www.pelleterialasiberia.com\/ru\/\"},{\"@type\":\"ListItem\",\"position\":2,\"name\":\"What&#8217;s new\"}]},{\"@type\":\"WebSite\",\"@id\":\"https:\/\/www.pelleterialasiberia.com\/ru\/#website\",\"url\":\"https:\/\/www.pelleterialasiberia.com\/ru\/\",\"name\":\"\u043c\u0435\u0445\u043e\u0432\u043e\u0435 \u0434\u0435\u043b\u043e La Siberia\",\"description\":\"PELLETERIA BARCELONA\",\"potentialAction\":[{\"@type\":\"SearchAction\",\"target\":{\"@type\":\"EntryPoint\",\"urlTemplate\":\"https:\/\/www.pelleterialasiberia.com\/ru\/?s={search_term_string}\"},\"query-input\":{\"@type\":\"PropertyValueSpecification\",\"valueRequired\":true,\"valueName\":\"search_term_string\"}}],\"inLanguage\":\"ru-RU\"}]}<\/script>\n<!-- \/ Yoast SEO plugin. -->","yoast_head_json":{"title":"What's new - \u043c\u0435\u0445\u043e\u0432\u043e\u0435 \u0434\u0435\u043b\u043e La Siberia","robots":{"index":"index","follow":"follow","max-snippet":"max-snippet:-1","max-image-preview":"max-image-preview:large","max-video-preview":"max-video-preview:-1"},"canonical":"https:\/\/www.pelleterialasiberia.com\/ru\/whats-new\/","og_locale":"ru_RU","og_type":"article","og_title":"What's new - \u043c\u0435\u0445\u043e\u0432\u043e\u0435 \u0434\u0435\u043b\u043e La Siberia","og_description":"[vc_row][vc_column][vc_column_text] What&#8217;s new Moda pell Barcelona &nbsp; &nbsp; &nbsp; Double face mouton Totes les pells s\u00f3n moda aquesta temporada per\u00f2 les peces de double-face de mouton son \u00faltima tend\u00e8ncia; ca\u00e7adores que ens traslladen als anys 60, abrics llargs de mouton amb caputxa de colors grisos, terrossos i camels, molts d&#8217;estil bohemi. Abrics m\u00e9s urbans de&hellip;","og_url":"https:\/\/www.pelleterialasiberia.com\/ru\/whats-new\/","og_site_name":"\u043c\u0435\u0445\u043e\u0432\u043e\u0435 \u0434\u0435\u043b\u043e La Siberia","article_modified_time":"2025-09-22T09:47:12+00:00","og_image":[{"url":"http:\/\/www.pelleterialasiberia.com\/wp-content\/uploads\/2020\/10\/LASIBERIA-G-NEGRE-2.jpg","type":"","width":"","height":""}],"twitter_card":"summary_large_image","twitter_misc":{"\u041f\u0440\u0438\u043c\u0435\u0440\u043d\u043e\u0435 \u0432\u0440\u0435\u043c\u044f \u0434\u043b\u044f \u0447\u0442\u0435\u043d\u0438\u044f":"2 \u043c\u0438\u043d\u0443\u0442\u044b"},"schema":{"@context":"https:\/\/schema.org","@graph":[{"@type":"WebPage","@id":"https:\/\/www.pelleterialasiberia.com\/ru\/whats-new\/","url":"https:\/\/www.pelleterialasiberia.com\/ru\/whats-new\/","name":"What's new - \u043c\u0435\u0445\u043e\u0432\u043e\u0435 \u0434\u0435\u043b\u043e La Siberia","isPartOf":{"@id":"https:\/\/www.pelleterialasiberia.com\/ru\/#website"},"primaryImageOfPage":{"@id":"https:\/\/www.pelleterialasiberia.com\/ru\/whats-new\/#primaryimage"},"image":{"@id":"https:\/\/www.pelleterialasiberia.com\/ru\/whats-new\/#primaryimage"},"thumbnailUrl":"http:\/\/www.pelleterialasiberia.com\/wp-content\/uploads\/2020\/10\/LASIBERIA-G-NEGRE-2.jpg","datePublished":"2014-07-22T23:58:04+00:00","dateModified":"2025-09-22T09:47:12+00:00","breadcrumb":{"@id":"https:\/\/www.pelleterialasiberia.com\/ru\/whats-new\/#breadcrumb"},"inLanguage":"ru-RU","potentialAction":[{"@type":"ReadAction","target":["https:\/\/www.pelleterialasiberia.com\/ru\/whats-new\/"]}]},{"@type":"ImageObject","inLanguage":"ru-RU","@id":"https:\/\/www.pelleterialasiberia.com\/ru\/whats-new\/#primaryimage","url":"http:\/\/www.pelleterialasiberia.com\/wp-content\/uploads\/2020\/10\/LASIBERIA-G-NEGRE-2.jpg","contentUrl":"http:\/\/www.pelleterialasiberia.com\/wp-content\/uploads\/2020\/10\/LASIBERIA-G-NEGRE-2.jpg"},{"@type":"BreadcrumbList","@id":"https:\/\/www.pelleterialasiberia.com\/ru\/whats-new\/#breadcrumb","itemListElement":[{"@type":"ListItem","position":1,"name":"Inici","item":"https:\/\/www.pelleterialasiberia.com\/ru\/"},{"@type":"ListItem","position":2,"name":"What&#8217;s new"}]},{"@type":"WebSite","@id":"https:\/\/www.pelleterialasiberia.com\/ru\/#website","url":"https:\/\/www.pelleterialasiberia.com\/ru\/","name":"\u043c\u0435\u0445\u043e\u0432\u043e\u0435 \u0434\u0435\u043b\u043e La Siberia","description":"PELLETERIA BARCELONA","potentialAction":[{"@type":"SearchAction","target":{"@type":"EntryPoint","urlTemplate":"https:\/\/www.pelleterialasiberia.com\/ru\/?s={search_term_string}"},"query-input":{"@type":"PropertyValueSpecification","valueRequired":true,"valueName":"search_term_string"}}],"inLanguage":"ru-RU"}]}},"_links":{"self":[{"href":"https:\/\/www.pelleterialasiberia.com\/ru\/wp-json\/wp\/v2\/pages\/13312","targetHints":{"allow":["GET"]}}],"collection":[{"href":"https:\/\/www.pelleterialasiberia.com\/ru\/wp-json\/wp\/v2\/pages"}],"about":[{"href":"https:\/\/www.pelleterialasiberia.com\/ru\/wp-json\/wp\/v2\/types\/page"}],"author":[{"embeddable":true,"href":"https:\/\/www.pelleterialasiberia.com\/ru\/wp-json\/wp\/v2\/users\/1"}],"replies":[{"embeddable":true,"href":"https:\/\/www.pelleterialasiberia.com\/ru\/wp-json\/wp\/v2\/comments?post=13312"}],"version-history":[{"count":85,"href":"https:\/\/www.pelleterialasiberia.com\/ru\/wp-json\/wp\/v2\/pages\/13312\/revisions"}],"predecessor-version":[{"id":14667,"href":"https:\/\/www.pelleterialasiberia.com\/ru\/wp-json\/wp\/v2\/pages\/13312\/revisions\/14667"}],"wp:attachment":[{"href":"https:\/\/www.pelleterialasiberia.com\/ru\/wp-json\/wp\/v2\/media?parent=13312"}],"curies":[{"name":"wp","href":"https:\/\/api.w.org\/{rel}","templated":true}]}}