{"id":13338,"date":"2014-07-23T00:11:10","date_gmt":"2014-07-23T00:11:10","guid":{"rendered":"http:\/\/www.pelleterialasiberia.com\/?page_id=13338"},"modified":"2022-03-16T12:34:28","modified_gmt":"2022-03-16T11:34:28","slug":"limpieza-mantenimiento-conservacion","status":"publish","type":"page","link":"https:\/\/www.pelleterialasiberia.com\/es\/limpieza-mantenimiento-conservacion\/","title":{"rendered":"Limpieza \/ Mantenimiento \/ Conservaci\u00f3n"},"content":{"rendered":"<div class=\"wpb-content-wrapper\"><p>[vc_row][vc_column][vc_column_text]<\/p>\n<p>En la Siberia ofrecemos el servicio de limpieza y mantenimiento de prendas de peleter\u00eda.<\/p>\n<p>Tambi\u00e9n la conservaci\u00f3n y guarda durante los meses de m\u00e1s calor.<\/p>\n<p>&nbsp;<\/p>\n<p>&nbsp;<\/p>\n<p>Algunos consejos pr\u00e1cticos:<\/p>\n<ul>\n<li>No guarde nunca las piezas de peleter\u00eda en fundas de pl\u00e1stico.<\/li>\n<li>Cubra las piezas en fundas de algod\u00f3n o transpirables.<\/li>\n<li>Si el pelo es de color blanco, gris o clarete la de proteger el bien de la luz solar con una funda gris o azul. Estos colores con el tiempo se vuelven amarillentos.<\/li>\n<li>Coloquio alg\u00fan producto anti polillas en el armario para prevenir cualquier disgusto.<\/li>\n<li>Si se moja deje que se seque al natural. Una vez seco, el sacude en\u00e9rgicamente cogi\u00e9ndolo por debajo. De esta manera el pelo volver\u00e1 a erizarse y a lucir. (Nunca utilice el secador de pelo, ni la plancha, ni ponga la piel encima de un radiador o de una fuente fuerte de calor para secarlo)<\/li>\n<li>Ll\u00e9velo a limpiar y bombear de vez en cuando y notar\u00e1 como vuelve a cobrar vida. Es mejor confiar en la experiencia de establecimientos especializados<\/li>\n<li>La mejor manera de conservar un abrigo de piel es llev\u00e1ndolo.<\/li>\n<\/ul>\n<p>[\/vc_column_text]<div class=\"gap\" style=\"line-height: 20px; height: 20px;\"><\/div>[\/vc_column][\/vc_row][vc_row][vc_column width=\u00bb1\/1&#8243;][vc_column_text]<\/p>\n\n\t\t\t<style type='text\/css'>\n\t\t\t\t#gallery-2 {\n\t\t\t\t\tmargin: auto;\n\t\t\t\t}\n\t\t\t\t#gallery-2 .gallery-item {\n\t\t\t\t\tfloat: left;\n\t\t\t\t\tmargin-top: 10px;\n\t\t\t\t\ttext-align: center;\n\t\t\t\t\twidth: 33%;\n\t\t\t\t}\n\t\t\t\t#gallery-2 img {\n\t\t\t\t\tborder: 2px solid #cfcfcf;\n\t\t\t\t}\n\t\t\t\t#gallery-2 .gallery-caption {\n\t\t\t\t\tmargin-left: 0;\n\t\t\t\t}\n\t\t\t\t\/* see gallery_shortcode() in wp-includes\/media.php *\/\n\t\t\t<\/style>\n\t\t<div id='gallery-2' class='dt-gallery-container gallery galleryid-13338 gallery-columns-3 gallery-size-thumbnail'><dl class='gallery-item'>\n\t\t\t\t<dt class='gallery-icon landscape'>\n\t\t\t\t\t<a class=\"rollover rollover-zoom dt-pswp-item\" title=\"\" data-dt-img-description=\"\" data-large_image_width=\"567\" data-large_image_height=\"380\"href='https:\/\/www.pelleterialasiberia.com\/es\/wp-content\/uploads\/sites\/4\/2014\/07\/DSC_0126.jpg'><img loading=\"lazy\" decoding=\"async\" width=\"150\" height=\"150\" src=\"https:\/\/www.pelleterialasiberia.com\/es\/wp-content\/uploads\/sites\/4\/2014\/07\/DSC_0126-150x150.jpg\" class=\"attachment-thumbnail size-thumbnail\" alt=\"\" \/><\/a>\n\t\t\t\t<\/dt><\/dl><dl class='gallery-item'>\n\t\t\t\t<dt class='gallery-icon landscape'>\n\t\t\t\t\t<a class=\"rollover rollover-zoom dt-pswp-item\" title=\"\" data-dt-img-description=\"\" data-large_image_width=\"567\" data-large_image_height=\"380\"href='https:\/\/www.pelleterialasiberia.com\/es\/wp-content\/uploads\/sites\/4\/2014\/07\/DSC_0123.jpg'><img loading=\"lazy\" decoding=\"async\" width=\"150\" height=\"150\" src=\"https:\/\/www.pelleterialasiberia.com\/es\/wp-content\/uploads\/sites\/4\/2014\/07\/DSC_0123-150x150.jpg\" class=\"attachment-thumbnail size-thumbnail\" alt=\"\" \/><\/a>\n\t\t\t\t<\/dt><\/dl><dl class='gallery-item'>\n\t\t\t\t<dt class='gallery-icon landscape'>\n\t\t\t\t\t<a class=\"rollover rollover-zoom dt-pswp-item\" title=\"\" data-dt-img-description=\"\" data-large_image_width=\"567\" data-large_image_height=\"380\"href='https:\/\/www.pelleterialasiberia.com\/es\/wp-content\/uploads\/sites\/4\/2014\/07\/DSC_0119.jpg'><img loading=\"lazy\" decoding=\"async\" width=\"150\" height=\"150\" src=\"https:\/\/www.pelleterialasiberia.com\/es\/wp-content\/uploads\/sites\/4\/2014\/07\/DSC_0119-150x150.jpg\" class=\"attachment-thumbnail size-thumbnail\" alt=\"\" \/><\/a>\n\t\t\t\t<\/dt><\/dl><br style=\"clear: both\" \/>\n\t\t\t<\/div>\n\n<p>[\/vc_column_text][\/vc_column][\/vc_row]<\/p>\n<\/div>","protected":false},"excerpt":{"rendered":"<p>[vc_row][vc_column][vc_column_text] En la Siberia ofrecemos el servicio de limpieza y mantenimiento de prendas de peleter\u00eda. Tambi\u00e9n la conservaci\u00f3n y guarda durante los meses de m\u00e1s calor. &nbsp; &nbsp; Algunos consejos pr\u00e1cticos: No guarde nunca las piezas de peleter\u00eda en fundas de pl\u00e1stico. Cubra las piezas en fundas de algod\u00f3n o transpirables. Si el pelo es&hellip;<\/p>\n","protected":false},"author":1,"featured_media":0,"parent":0,"menu_order":0,"comment_status":"closed","ping_status":"closed","template":"","meta":{"footnotes":""},"class_list":["post-13338","page","type-page","status-publish","hentry","description-off"],"yoast_head":"<!-- This site is optimized with the Yoast SEO plugin v25.0 - https:\/\/yoast.com\/wordpress\/plugins\/seo\/ -->\n<title>Limpieza \/ Mantenimiento \/ Conservaci\u00f3n - Peleter\u00eda la Siberia<\/title>\n<meta name=\"robots\" content=\"index, follow, max-snippet:-1, max-image-preview:large, max-video-preview:-1\" \/>\n<link rel=\"canonical\" href=\"https:\/\/www.pelleterialasiberia.com\/es\/limpieza-mantenimiento-conservacion\/\" \/>\n<meta property=\"og:locale\" content=\"es_ES\" \/>\n<meta property=\"og:type\" content=\"article\" \/>\n<meta property=\"og:title\" content=\"Limpieza \/ Mantenimiento \/ Conservaci\u00f3n - Peleter\u00eda la Siberia\" \/>\n<meta property=\"og:description\" content=\"[vc_row][vc_column][vc_column_text] En la Siberia ofrecemos el servicio de limpieza y mantenimiento de prendas de peleter\u00eda. Tambi\u00e9n la conservaci\u00f3n y guarda durante los meses de m\u00e1s calor. &nbsp; &nbsp; Algunos consejos pr\u00e1cticos: No guarde nunca las piezas de peleter\u00eda en fundas de pl\u00e1stico. Cubra las piezas en fundas de algod\u00f3n o transpirables. Si el pelo es&hellip;\" \/>\n<meta property=\"og:url\" content=\"https:\/\/www.pelleterialasiberia.com\/es\/limpieza-mantenimiento-conservacion\/\" \/>\n<meta property=\"og:site_name\" content=\"Peleter\u00eda la Siberia\" \/>\n<meta property=\"article:modified_time\" content=\"2022-03-16T11:34:28+00:00\" \/>\n<meta name=\"twitter:card\" content=\"summary_large_image\" \/>\n<meta name=\"twitter:label1\" content=\"Tiempo de lectura\" \/>\n\t<meta name=\"twitter:data1\" content=\"1 minuto\" \/>\n<script type=\"application\/ld+json\" class=\"yoast-schema-graph\">{\"@context\":\"https:\/\/schema.org\",\"@graph\":[{\"@type\":\"WebPage\",\"@id\":\"https:\/\/www.pelleterialasiberia.com\/es\/limpieza-mantenimiento-conservacion\/\",\"url\":\"https:\/\/www.pelleterialasiberia.com\/es\/limpieza-mantenimiento-conservacion\/\",\"name\":\"Limpieza \/ Mantenimiento \/ Conservaci\u00f3n - Peleter\u00eda la Siberia\",\"isPartOf\":{\"@id\":\"https:\/\/www.pelleterialasiberia.com\/es\/#website\"},\"datePublished\":\"2014-07-23T00:11:10+00:00\",\"dateModified\":\"2022-03-16T11:34:28+00:00\",\"breadcrumb\":{\"@id\":\"https:\/\/www.pelleterialasiberia.com\/es\/limpieza-mantenimiento-conservacion\/#breadcrumb\"},\"inLanguage\":\"es\",\"potentialAction\":[{\"@type\":\"ReadAction\",\"target\":[\"https:\/\/www.pelleterialasiberia.com\/es\/limpieza-mantenimiento-conservacion\/\"]}]},{\"@type\":\"BreadcrumbList\",\"@id\":\"https:\/\/www.pelleterialasiberia.com\/es\/limpieza-mantenimiento-conservacion\/#breadcrumb\",\"itemListElement\":[{\"@type\":\"ListItem\",\"position\":1,\"name\":\"Inici\",\"item\":\"https:\/\/www.pelleterialasiberia.com\/es\/\"},{\"@type\":\"ListItem\",\"position\":2,\"name\":\"Limpieza \/ Mantenimiento \/ Conservaci\u00f3n\"}]},{\"@type\":\"WebSite\",\"@id\":\"https:\/\/www.pelleterialasiberia.com\/es\/#website\",\"url\":\"https:\/\/www.pelleterialasiberia.com\/es\/\",\"name\":\"Peleter\u00eda la Siberia\",\"description\":\"PELLETERIA BARCELONA\",\"potentialAction\":[{\"@type\":\"SearchAction\",\"target\":{\"@type\":\"EntryPoint\",\"urlTemplate\":\"https:\/\/www.pelleterialasiberia.com\/es\/?s={search_term_string}\"},\"query-input\":{\"@type\":\"PropertyValueSpecification\",\"valueRequired\":true,\"valueName\":\"search_term_string\"}}],\"inLanguage\":\"es\"}]}<\/script>\n<!-- \/ Yoast SEO plugin. -->","yoast_head_json":{"title":"Limpieza \/ Mantenimiento \/ Conservaci\u00f3n - Peleter\u00eda la Siberia","robots":{"index":"index","follow":"follow","max-snippet":"max-snippet:-1","max-image-preview":"max-image-preview:large","max-video-preview":"max-video-preview:-1"},"canonical":"https:\/\/www.pelleterialasiberia.com\/es\/limpieza-mantenimiento-conservacion\/","og_locale":"es_ES","og_type":"article","og_title":"Limpieza \/ Mantenimiento \/ Conservaci\u00f3n - Peleter\u00eda la Siberia","og_description":"[vc_row][vc_column][vc_column_text] En la Siberia ofrecemos el servicio de limpieza y mantenimiento de prendas de peleter\u00eda. Tambi\u00e9n la conservaci\u00f3n y guarda durante los meses de m\u00e1s calor. &nbsp; &nbsp; Algunos consejos pr\u00e1cticos: No guarde nunca las piezas de peleter\u00eda en fundas de pl\u00e1stico. Cubra las piezas en fundas de algod\u00f3n o transpirables. Si el pelo es&hellip;","og_url":"https:\/\/www.pelleterialasiberia.com\/es\/limpieza-mantenimiento-conservacion\/","og_site_name":"Peleter\u00eda la Siberia","article_modified_time":"2022-03-16T11:34:28+00:00","twitter_card":"summary_large_image","twitter_misc":{"Tiempo de lectura":"1 minuto"},"schema":{"@context":"https:\/\/schema.org","@graph":[{"@type":"WebPage","@id":"https:\/\/www.pelleterialasiberia.com\/es\/limpieza-mantenimiento-conservacion\/","url":"https:\/\/www.pelleterialasiberia.com\/es\/limpieza-mantenimiento-conservacion\/","name":"Limpieza \/ Mantenimiento \/ Conservaci\u00f3n - Peleter\u00eda la Siberia","isPartOf":{"@id":"https:\/\/www.pelleterialasiberia.com\/es\/#website"},"datePublished":"2014-07-23T00:11:10+00:00","dateModified":"2022-03-16T11:34:28+00:00","breadcrumb":{"@id":"https:\/\/www.pelleterialasiberia.com\/es\/limpieza-mantenimiento-conservacion\/#breadcrumb"},"inLanguage":"es","potentialAction":[{"@type":"ReadAction","target":["https:\/\/www.pelleterialasiberia.com\/es\/limpieza-mantenimiento-conservacion\/"]}]},{"@type":"BreadcrumbList","@id":"https:\/\/www.pelleterialasiberia.com\/es\/limpieza-mantenimiento-conservacion\/#breadcrumb","itemListElement":[{"@type":"ListItem","position":1,"name":"Inici","item":"https:\/\/www.pelleterialasiberia.com\/es\/"},{"@type":"ListItem","position":2,"name":"Limpieza \/ Mantenimiento \/ Conservaci\u00f3n"}]},{"@type":"WebSite","@id":"https:\/\/www.pelleterialasiberia.com\/es\/#website","url":"https:\/\/www.pelleterialasiberia.com\/es\/","name":"Peleter\u00eda la Siberia","description":"PELLETERIA BARCELONA","potentialAction":[{"@type":"SearchAction","target":{"@type":"EntryPoint","urlTemplate":"https:\/\/www.pelleterialasiberia.com\/es\/?s={search_term_string}"},"query-input":{"@type":"PropertyValueSpecification","valueRequired":true,"valueName":"search_term_string"}}],"inLanguage":"es"}]}},"_links":{"self":[{"href":"https:\/\/www.pelleterialasiberia.com\/es\/wp-json\/wp\/v2\/pages\/13338","targetHints":{"allow":["GET"]}}],"collection":[{"href":"https:\/\/www.pelleterialasiberia.com\/es\/wp-json\/wp\/v2\/pages"}],"about":[{"href":"https:\/\/www.pelleterialasiberia.com\/es\/wp-json\/wp\/v2\/types\/page"}],"author":[{"embeddable":true,"href":"https:\/\/www.pelleterialasiberia.com\/es\/wp-json\/wp\/v2\/users\/1"}],"replies":[{"embeddable":true,"href":"https:\/\/www.pelleterialasiberia.com\/es\/wp-json\/wp\/v2\/comments?post=13338"}],"version-history":[{"count":14,"href":"https:\/\/www.pelleterialasiberia.com\/es\/wp-json\/wp\/v2\/pages\/13338\/revisions"}],"predecessor-version":[{"id":14623,"href":"https:\/\/www.pelleterialasiberia.com\/es\/wp-json\/wp\/v2\/pages\/13338\/revisions\/14623"}],"wp:attachment":[{"href":"https:\/\/www.pelleterialasiberia.com\/es\/wp-json\/wp\/v2\/media?parent=13338"}],"curies":[{"name":"wp","href":"https:\/\/api.w.org\/{rel}","templated":true}]}}