{"id":13332,"date":"2014-07-23T00:08:47","date_gmt":"2014-07-23T00:08:47","guid":{"rendered":"http:\/\/www.pelleterialasiberia.com\/?page_id=13332"},"modified":"2024-07-04T19:30:47","modified_gmt":"2024-07-04T17:30:47","slug":"transformacion-actualizacion","status":"publish","type":"page","link":"https:\/\/www.pelleterialasiberia.com\/es\/transformacion-actualizacion\/","title":{"rendered":"Transformaci\u00f3n \/ actualizaci\u00f3n"},"content":{"rendered":"<div class=\"wpb-content-wrapper\"><p>[vc_row][vc_column][vc_column_text]<\/p>\n<p>Hay objetos que forman parte de nuestra vida, de nuestra esencia. Esto tambi\u00e9n ocurre con las piezas de piel. En ponernos las evocamos recuerdos de momentos inolvidables de nuestra vida. Sin embargo la moda cambia, y dejamos de utilizarlas.<\/p>\n<p>Es por esta raz\u00f3n que, en La Siberia, le ofrecemos nuestro servicio de actualizaci\u00f3n de piezas.<\/p>\n<p>El equipo de profesionales de nuestros talleres har\u00e1n que esta pieza, que ya no llevamos, se transforme en otra totalmente moderna y portable. Tambi\u00e9n la podemos transformar en un plaid por el sof\u00e1, una estola, un sombrero &#8230;<\/p>\n<p>Hay que recordar que las piezas de piel son sostenibles, reutilizables y biodegradables.<\/p>\n<p>En manos de nuestros asesores vuestra pieza de piel favorita devolver\u00e1 a la vida!<\/p>\n<blockquote><p>&nbsp;<\/p>\n\n\t\t\t<style type='text\/css'>\n\t\t\t\t#gallery-2 {\n\t\t\t\t\tmargin: auto;\n\t\t\t\t}\n\t\t\t\t#gallery-2 .gallery-item {\n\t\t\t\t\tfloat: left;\n\t\t\t\t\tmargin-top: 10px;\n\t\t\t\t\ttext-align: center;\n\t\t\t\t\twidth: 33%;\n\t\t\t\t}\n\t\t\t\t#gallery-2 img {\n\t\t\t\t\tborder: 2px solid #cfcfcf;\n\t\t\t\t}\n\t\t\t\t#gallery-2 .gallery-caption {\n\t\t\t\t\tmargin-left: 0;\n\t\t\t\t}\n\t\t\t\t\/* see gallery_shortcode() in wp-includes\/media.php *\/\n\t\t\t<\/style>\n\t\t<div id='gallery-2' class='dt-gallery-container gallery galleryid-13332 gallery-columns-3 gallery-size-thumbnail'><dl class='gallery-item'>\n\t\t\t\t<dt class='gallery-icon portrait'>\n\t\t\t\t\t<a class=\"rollover\" href='https:\/\/www.pelleterialasiberia.com\/es\/dt_gallery\/moda-col-leccions\/siberia-taller\/'><img loading=\"lazy\" decoding=\"async\" width=\"150\" height=\"150\" src=\"https:\/\/www.pelleterialasiberia.com\/es\/wp-content\/uploads\/sites\/4\/2014\/11\/siberia-taller-150x150.jpg\" class=\"attachment-thumbnail size-thumbnail\" alt=\"artesania-lasiberia-pelleteria\" aria-describedby=\"gallery-2-13447\" \/><\/a>\n\t\t\t\t<\/dt>\n\t\t\t\t\t<dd class='wp-caption-text gallery-caption' id='gallery-2-13447'>\n\t\t\t\t\tDesfer abrics per transformar-los\n\t\t\t\t\t<\/dd><\/dl><dl class='gallery-item'>\n\t\t\t\t<dt class='gallery-icon portrait'>\n\t\t\t\t\t<a class=\"rollover\" href='https:\/\/www.pelleterialasiberia.com\/es\/transformacion-actualizacion\/vm-lasiberia-abadias-proces12\/'><img loading=\"lazy\" decoding=\"async\" width=\"150\" height=\"150\" src=\"https:\/\/www.pelleterialasiberia.com\/es\/wp-content\/uploads\/sites\/4\/2014\/07\/vm-lasiberia-abadias-proces12-150x150.jpg\" class=\"attachment-thumbnail size-thumbnail\" alt=\"arreglos-pelleteria\" aria-describedby=\"gallery-2-14397\" \/><\/a>\n\t\t\t\t<\/dt>\n\t\t\t\t\t<dd class='wp-caption-text gallery-caption' id='gallery-2-14397'>\n\t\t\t\t\tPreparaci\u00f3 pells per clavar\n\t\t\t\t\t<\/dd><\/dl><dl class='gallery-item'>\n\t\t\t\t<dt class='gallery-icon landscape'>\n\t\t\t\t\t<a class=\"rollover\" href='https:\/\/www.pelleterialasiberia.com\/es\/transformacion-actualizacion\/vm-lasiberia-abadias-proces10\/'><img loading=\"lazy\" decoding=\"async\" width=\"150\" height=\"150\" src=\"https:\/\/www.pelleterialasiberia.com\/es\/wp-content\/uploads\/sites\/4\/2014\/07\/vm-lasiberia-abadias-proces10-150x150.jpg\" class=\"attachment-thumbnail size-thumbnail\" alt=\"arreglos-pell-vison\" aria-describedby=\"gallery-2-14398\" \/><\/a>\n\t\t\t\t<\/dt>\n\t\t\t\t\t<dd class='wp-caption-text gallery-caption' id='gallery-2-14398'>\n\t\t\t\t\tClassificaci\u00f3 pells segons patr\u00f3\n\t\t\t\t\t<\/dd><\/dl><br style=\"clear: both\" \/><dl class='gallery-item'>\n\t\t\t\t<dt class='gallery-icon portrait'>\n\t\t\t\t\t<a class=\"rollover\" href='https:\/\/www.pelleterialasiberia.com\/es\/transformacion-actualizacion\/vm-lasiberia-abadias-proces1\/'><img loading=\"lazy\" decoding=\"async\" width=\"150\" height=\"150\" src=\"https:\/\/www.pelleterialasiberia.com\/es\/wp-content\/uploads\/sites\/4\/2014\/07\/vm-lasiberia-abadias-proces1-150x150.jpg\" class=\"attachment-thumbnail size-thumbnail\" alt=\"taller-transformacio\" aria-describedby=\"gallery-2-14401\" \/><\/a>\n\t\t\t\t<\/dt>\n\t\t\t\t\t<dd class='wp-caption-text gallery-caption' id='gallery-2-14401'>\n\t\t\t\t\tClavatge de les pells\n\t\t\t\t\t<\/dd><\/dl><dl class='gallery-item'>\n\t\t\t\t<dt class='gallery-icon portrait'>\n\t\t\t\t\t<a class=\"rollover\" href='https:\/\/www.pelleterialasiberia.com\/es\/transformacion-actualizacion\/vm-lasiberia-abadias-proces2\/'><img loading=\"lazy\" decoding=\"async\" width=\"150\" height=\"150\" src=\"https:\/\/www.pelleterialasiberia.com\/es\/wp-content\/uploads\/sites\/4\/2014\/07\/vm-lasiberia-abadias-proces2-150x150.jpg\" class=\"attachment-thumbnail size-thumbnail\" alt=\"arreglos-peleteria-piel\" aria-describedby=\"gallery-2-14402\" \/><\/a>\n\t\t\t\t<\/dt>\n\t\t\t\t\t<dd class='wp-caption-text gallery-caption' id='gallery-2-14402'>\n\t\t\t\t\tDesclavatge de les pells\n\t\t\t\t\t<\/dd><\/dl><dl class='gallery-item'>\n\t\t\t\t<dt class='gallery-icon portrait'>\n\t\t\t\t\t<a class=\"rollover\" href='https:\/\/www.pelleterialasiberia.com\/es\/transformacion-actualizacion\/vm-lasiberia-abadias-proces11\/'><img loading=\"lazy\" decoding=\"async\" width=\"150\" height=\"150\" src=\"https:\/\/www.pelleterialasiberia.com\/es\/wp-content\/uploads\/sites\/4\/2014\/07\/vm-lasiberia-abadias-proces11-150x150.jpg\" class=\"attachment-thumbnail size-thumbnail\" alt=\"arreglos-peleteria-transformacio\" aria-describedby=\"gallery-2-14399\" \/><\/a>\n\t\t\t\t<\/dt>\n\t\t\t\t\t<dd class='wp-caption-text gallery-caption' id='gallery-2-14399'>\n\t\t\t\t\tCosit peces m\u00e0quina pelletera\n\t\t\t\t\t<\/dd><\/dl><br style=\"clear: both\" \/><dl class='gallery-item'>\n\t\t\t\t<dt class='gallery-icon portrait'>\n\t\t\t\t\t<a class=\"rollover\" href='https:\/\/www.pelleterialasiberia.com\/es\/transformacion-actualizacion\/vm-lasiberia-abadias-proces3\/'><img loading=\"lazy\" decoding=\"async\" width=\"150\" height=\"150\" src=\"https:\/\/www.pelleterialasiberia.com\/es\/wp-content\/uploads\/sites\/4\/2014\/07\/vm-lasiberia-abadias-proces3-150x150.jpg\" class=\"attachment-thumbnail size-thumbnail\" alt=\"arreglos-peleteria\" aria-describedby=\"gallery-2-14403\" \/><\/a>\n\t\t\t\t<\/dt>\n\t\t\t\t\t<dd class='wp-caption-text gallery-caption' id='gallery-2-14403'>\n\t\t\t\t\tRetallat de pells per formar peces\n\t\t\t\t\t<\/dd><\/dl><dl class='gallery-item'>\n\t\t\t\t<dt class='gallery-icon landscape'>\n\t\t\t\t\t<a class=\"rollover\" href='https:\/\/www.pelleterialasiberia.com\/es\/transformacion-actualizacion\/vm-lasiberia-abadias-proces4\/'><img loading=\"lazy\" decoding=\"async\" width=\"150\" height=\"150\" src=\"https:\/\/www.pelleterialasiberia.com\/es\/wp-content\/uploads\/sites\/4\/2014\/07\/vm-lasiberia-abadias-proces4-150x150.jpg\" class=\"attachment-thumbnail size-thumbnail\" alt=\"arreglos-peleteria\" aria-describedby=\"gallery-2-14404\" \/><\/a>\n\t\t\t\t<\/dt>\n\t\t\t\t\t<dd class='wp-caption-text gallery-caption' id='gallery-2-14404'>\n\t\t\t\t\tTallar pells segons patr\u00f3\n\t\t\t\t\t<\/dd><\/dl><dl class='gallery-item'>\n\t\t\t\t<dt class='gallery-icon portrait'>\n\t\t\t\t\t<a class=\"rollover\" href='https:\/\/www.pelleterialasiberia.com\/es\/?attachment_id=13537'><img loading=\"lazy\" decoding=\"async\" width=\"150\" height=\"150\" src=\"https:\/\/www.pelleterialasiberia.com\/es\/wp-content\/uploads\/sites\/4\/2014\/11\/foto-1-e1416907951378-150x150.jpg\" class=\"attachment-thumbnail size-thumbnail\" alt=\"pelleteria-siberia-transformacion\" \/><\/a>\n\t\t\t\t<\/dt><\/dl><br style=\"clear: both\" \/><dl class='gallery-item'>\n\t\t\t\t<dt class='gallery-icon portrait'>\n\t\t\t\t\t<a class=\"rollover\" href='https:\/\/www.pelleterialasiberia.com\/es\/transformacion-actualizacion\/vm-lasiberia-abadias-proces5\/'><img loading=\"lazy\" decoding=\"async\" width=\"150\" height=\"150\" src=\"https:\/\/www.pelleterialasiberia.com\/es\/wp-content\/uploads\/sites\/4\/2014\/07\/vm-lasiberia-abadias-proces5-150x150.jpg\" class=\"attachment-thumbnail size-thumbnail\" alt=\"confeccio-pelleteria-piel-arreglo\" aria-describedby=\"gallery-2-14405\" \/><\/a>\n\t\t\t\t<\/dt>\n\t\t\t\t\t<dd class='wp-caption-text gallery-caption' id='gallery-2-14405'>\n\t\t\t\t\tProc\u00e8s encintat\n\t\t\t\t\t<\/dd><\/dl><dl class='gallery-item'>\n\t\t\t\t<dt class='gallery-icon landscape'>\n\t\t\t\t\t<a class=\"rollover\" href='https:\/\/www.pelleterialasiberia.com\/es\/transformacion-actualizacion\/foto-4-2\/'><img loading=\"lazy\" decoding=\"async\" width=\"150\" height=\"150\" src=\"https:\/\/www.pelleterialasiberia.com\/es\/wp-content\/uploads\/sites\/4\/2014\/07\/foto-4-150x150.jpg\" class=\"attachment-thumbnail size-thumbnail\" alt=\"handmade fur\" aria-describedby=\"gallery-2-14168\" \/><\/a>\n\t\t\t\t<\/dt>\n\t\t\t\t\t<dd class='wp-caption-text gallery-caption' id='gallery-2-14168'>\n\t\t\t\t\tTirejat de pells\n\t\t\t\t\t<\/dd><\/dl><dl class='gallery-item'>\n\t\t\t\t<dt class='gallery-icon landscape'>\n\t\t\t\t\t<a class=\"rollover\" href='https:\/\/www.pelleterialasiberia.com\/es\/?attachment_id=13538'><img loading=\"lazy\" decoding=\"async\" width=\"150\" height=\"150\" src=\"https:\/\/www.pelleterialasiberia.com\/es\/wp-content\/uploads\/sites\/4\/2014\/11\/foto-2-e1434623032523-150x150.jpg\" class=\"attachment-thumbnail size-thumbnail\" alt=\"arreglos-pelleteria-piel\" aria-describedby=\"gallery-2-13538\" \/><\/a>\n\t\t\t\t<\/dt>\n\t\t\t\t\t<dd class='wp-caption-text gallery-caption' id='gallery-2-13538'>\n\t\t\t\t\tRetallar peces de pell\n\t\t\t\t\t<\/dd><\/dl><br style=\"clear: both\" \/><dl class='gallery-item'>\n\t\t\t\t<dt class='gallery-icon landscape'>\n\t\t\t\t\t<a class=\"rollover\" href='https:\/\/www.pelleterialasiberia.com\/es\/recerca-3\/'><img loading=\"lazy\" decoding=\"async\" width=\"150\" height=\"150\" src=\"https:\/\/www.pelleterialasiberia.com\/es\/wp-content\/uploads\/sites\/4\/2014\/12\/recerca1-150x150.jpg\" class=\"attachment-thumbnail size-thumbnail\" alt=\"\" aria-describedby=\"gallery-2-13605\" \/><\/a>\n\t\t\t\t<\/dt>\n\t\t\t\t\t<dd class='wp-caption-text gallery-caption' id='gallery-2-13605'>\n\t\t\t\t\tCombinaci\u00f3 punt i pell\n\t\t\t\t\t<\/dd><\/dl><dl class='gallery-item'>\n\t\t\t\t<dt class='gallery-icon landscape'>\n\t\t\t\t\t<a class=\"rollover\" href='https:\/\/www.pelleterialasiberia.com\/es\/?attachment_id=13539'><img loading=\"lazy\" decoding=\"async\" width=\"150\" height=\"150\" src=\"https:\/\/www.pelleterialasiberia.com\/es\/wp-content\/uploads\/sites\/4\/2014\/11\/foto-3-e1416907929203-150x150.jpg\" class=\"attachment-thumbnail size-thumbnail\" alt=\"fetama-lasiberia-taller-arreglos\" aria-describedby=\"gallery-2-13539\" \/><\/a>\n\t\t\t\t<\/dt>\n\t\t\t\t\t<dd class='wp-caption-text gallery-caption' id='gallery-2-13539'>\n\t\t\t\t\tFolrar \n\t\t\t\t\t<\/dd><\/dl><dl class='gallery-item'>\n\t\t\t\t<dt class='gallery-icon portrait'>\n\t\t\t\t\t<a class=\"rollover\" href='https:\/\/www.pelleterialasiberia.com\/es\/transformacion-actualizacion\/vm-lasiberia-abadias-proces6\/'><img loading=\"lazy\" decoding=\"async\" width=\"150\" height=\"150\" src=\"https:\/\/www.pelleterialasiberia.com\/es\/wp-content\/uploads\/sites\/4\/2014\/07\/vm-lasiberia-abadias-proces6-150x150.jpg\" class=\"attachment-thumbnail size-thumbnail\" alt=\"Arreglos-pelleteria\" aria-describedby=\"gallery-2-14400\" \/><\/a>\n\t\t\t\t<\/dt>\n\t\t\t\t\t<dd class='wp-caption-text gallery-caption' id='gallery-2-14400'>\n\t\t\t\t\tFolrat\n\t\t\t\t\t<\/dd><\/dl><br style=\"clear: both\" \/>\n\t\t\t<\/div>\n<\/blockquote>\n<p>[\/vc_column_text]<div class=\"gap\" style=\"line-height: 20px; height: 20px;\"><\/div>[\/vc_column][\/vc_row]<\/p>\n<\/div>","protected":false},"excerpt":{"rendered":"<p>[vc_row][vc_column][vc_column_text] Hay objetos que forman parte de nuestra vida, de nuestra esencia. Esto tambi\u00e9n ocurre con las piezas de piel. En ponernos las evocamos recuerdos de momentos inolvidables de nuestra vida. Sin embargo la moda cambia, y dejamos de utilizarlas. Es por esta raz\u00f3n que, en La Siberia, le ofrecemos nuestro servicio de actualizaci\u00f3n de&hellip;<\/p>\n","protected":false},"author":1,"featured_media":0,"parent":0,"menu_order":0,"comment_status":"closed","ping_status":"closed","template":"","meta":{"footnotes":""},"class_list":["post-13332","page","type-page","status-publish","hentry","description-off"],"yoast_head":"<!-- This site is optimized with the Yoast SEO plugin v25.0 - https:\/\/yoast.com\/wordpress\/plugins\/seo\/ -->\n<title>Transformaci\u00f3n \/ actualizaci\u00f3n - Peleter\u00eda la Siberia<\/title>\n<meta name=\"description\" content=\"Arreglos de piel, actualizaci\u00f3n, modernizaci\u00f3n prendas de peleteria. Transformamos, arreglamos, modernizamos piezas que han quedado anticuadas y desfasadas\" \/>\n<meta name=\"robots\" content=\"index, follow, max-snippet:-1, max-image-preview:large, max-video-preview:-1\" \/>\n<link rel=\"canonical\" href=\"https:\/\/www.pelleterialasiberia.com\/es\/transformacion-actualizacion\/\" \/>\n<meta property=\"og:locale\" content=\"es_ES\" \/>\n<meta property=\"og:type\" content=\"article\" \/>\n<meta property=\"og:title\" content=\"Transformaci\u00f3n \/ actualizaci\u00f3n - Peleter\u00eda la Siberia\" \/>\n<meta property=\"og:description\" content=\"Arreglos de piel, actualizaci\u00f3n, modernizaci\u00f3n prendas de peleteria. Transformamos, arreglamos, modernizamos piezas que han quedado anticuadas y desfasadas\" \/>\n<meta property=\"og:url\" content=\"https:\/\/www.pelleterialasiberia.com\/es\/transformacion-actualizacion\/\" \/>\n<meta property=\"og:site_name\" content=\"Peleter\u00eda la Siberia\" \/>\n<meta property=\"article:modified_time\" content=\"2024-07-04T17:30:47+00:00\" \/>\n<meta name=\"twitter:card\" content=\"summary_large_image\" \/>\n<meta name=\"twitter:label1\" content=\"Tiempo de lectura\" \/>\n\t<meta name=\"twitter:data1\" content=\"1 minuto\" \/>\n<script type=\"application\/ld+json\" class=\"yoast-schema-graph\">{\"@context\":\"https:\/\/schema.org\",\"@graph\":[{\"@type\":\"WebPage\",\"@id\":\"https:\/\/www.pelleterialasiberia.com\/es\/transformacion-actualizacion\/\",\"url\":\"https:\/\/www.pelleterialasiberia.com\/es\/transformacion-actualizacion\/\",\"name\":\"Transformaci\u00f3n \/ actualizaci\u00f3n - Peleter\u00eda la Siberia\",\"isPartOf\":{\"@id\":\"https:\/\/www.pelleterialasiberia.com\/es\/#website\"},\"datePublished\":\"2014-07-23T00:08:47+00:00\",\"dateModified\":\"2024-07-04T17:30:47+00:00\",\"description\":\"Arreglos de piel, actualizaci\u00f3n, modernizaci\u00f3n prendas de peleteria. Transformamos, arreglamos, modernizamos piezas que han quedado anticuadas y desfasadas\",\"breadcrumb\":{\"@id\":\"https:\/\/www.pelleterialasiberia.com\/es\/transformacion-actualizacion\/#breadcrumb\"},\"inLanguage\":\"es\",\"potentialAction\":[{\"@type\":\"ReadAction\",\"target\":[\"https:\/\/www.pelleterialasiberia.com\/es\/transformacion-actualizacion\/\"]}]},{\"@type\":\"BreadcrumbList\",\"@id\":\"https:\/\/www.pelleterialasiberia.com\/es\/transformacion-actualizacion\/#breadcrumb\",\"itemListElement\":[{\"@type\":\"ListItem\",\"position\":1,\"name\":\"Inici\",\"item\":\"https:\/\/www.pelleterialasiberia.com\/es\/\"},{\"@type\":\"ListItem\",\"position\":2,\"name\":\"Transformaci\u00f3n \/ actualizaci\u00f3n\"}]},{\"@type\":\"WebSite\",\"@id\":\"https:\/\/www.pelleterialasiberia.com\/es\/#website\",\"url\":\"https:\/\/www.pelleterialasiberia.com\/es\/\",\"name\":\"Peleter\u00eda la Siberia\",\"description\":\"PELLETERIA BARCELONA\",\"potentialAction\":[{\"@type\":\"SearchAction\",\"target\":{\"@type\":\"EntryPoint\",\"urlTemplate\":\"https:\/\/www.pelleterialasiberia.com\/es\/?s={search_term_string}\"},\"query-input\":{\"@type\":\"PropertyValueSpecification\",\"valueRequired\":true,\"valueName\":\"search_term_string\"}}],\"inLanguage\":\"es\"}]}<\/script>\n<!-- \/ Yoast SEO plugin. -->","yoast_head_json":{"title":"Transformaci\u00f3n \/ actualizaci\u00f3n - Peleter\u00eda la Siberia","description":"Arreglos de piel, actualizaci\u00f3n, modernizaci\u00f3n prendas de peleteria. Transformamos, arreglamos, modernizamos piezas que han quedado anticuadas y desfasadas","robots":{"index":"index","follow":"follow","max-snippet":"max-snippet:-1","max-image-preview":"max-image-preview:large","max-video-preview":"max-video-preview:-1"},"canonical":"https:\/\/www.pelleterialasiberia.com\/es\/transformacion-actualizacion\/","og_locale":"es_ES","og_type":"article","og_title":"Transformaci\u00f3n \/ actualizaci\u00f3n - Peleter\u00eda la Siberia","og_description":"Arreglos de piel, actualizaci\u00f3n, modernizaci\u00f3n prendas de peleteria. Transformamos, arreglamos, modernizamos piezas que han quedado anticuadas y desfasadas","og_url":"https:\/\/www.pelleterialasiberia.com\/es\/transformacion-actualizacion\/","og_site_name":"Peleter\u00eda la Siberia","article_modified_time":"2024-07-04T17:30:47+00:00","twitter_card":"summary_large_image","twitter_misc":{"Tiempo de lectura":"1 minuto"},"schema":{"@context":"https:\/\/schema.org","@graph":[{"@type":"WebPage","@id":"https:\/\/www.pelleterialasiberia.com\/es\/transformacion-actualizacion\/","url":"https:\/\/www.pelleterialasiberia.com\/es\/transformacion-actualizacion\/","name":"Transformaci\u00f3n \/ actualizaci\u00f3n - Peleter\u00eda la Siberia","isPartOf":{"@id":"https:\/\/www.pelleterialasiberia.com\/es\/#website"},"datePublished":"2014-07-23T00:08:47+00:00","dateModified":"2024-07-04T17:30:47+00:00","description":"Arreglos de piel, actualizaci\u00f3n, modernizaci\u00f3n prendas de peleteria. Transformamos, arreglamos, modernizamos piezas que han quedado anticuadas y desfasadas","breadcrumb":{"@id":"https:\/\/www.pelleterialasiberia.com\/es\/transformacion-actualizacion\/#breadcrumb"},"inLanguage":"es","potentialAction":[{"@type":"ReadAction","target":["https:\/\/www.pelleterialasiberia.com\/es\/transformacion-actualizacion\/"]}]},{"@type":"BreadcrumbList","@id":"https:\/\/www.pelleterialasiberia.com\/es\/transformacion-actualizacion\/#breadcrumb","itemListElement":[{"@type":"ListItem","position":1,"name":"Inici","item":"https:\/\/www.pelleterialasiberia.com\/es\/"},{"@type":"ListItem","position":2,"name":"Transformaci\u00f3n \/ actualizaci\u00f3n"}]},{"@type":"WebSite","@id":"https:\/\/www.pelleterialasiberia.com\/es\/#website","url":"https:\/\/www.pelleterialasiberia.com\/es\/","name":"Peleter\u00eda la Siberia","description":"PELLETERIA BARCELONA","potentialAction":[{"@type":"SearchAction","target":{"@type":"EntryPoint","urlTemplate":"https:\/\/www.pelleterialasiberia.com\/es\/?s={search_term_string}"},"query-input":{"@type":"PropertyValueSpecification","valueRequired":true,"valueName":"search_term_string"}}],"inLanguage":"es"}]}},"_links":{"self":[{"href":"https:\/\/www.pelleterialasiberia.com\/es\/wp-json\/wp\/v2\/pages\/13332","targetHints":{"allow":["GET"]}}],"collection":[{"href":"https:\/\/www.pelleterialasiberia.com\/es\/wp-json\/wp\/v2\/pages"}],"about":[{"href":"https:\/\/www.pelleterialasiberia.com\/es\/wp-json\/wp\/v2\/types\/page"}],"author":[{"embeddable":true,"href":"https:\/\/www.pelleterialasiberia.com\/es\/wp-json\/wp\/v2\/users\/1"}],"replies":[{"embeddable":true,"href":"https:\/\/www.pelleterialasiberia.com\/es\/wp-json\/wp\/v2\/comments?post=13332"}],"version-history":[{"count":14,"href":"https:\/\/www.pelleterialasiberia.com\/es\/wp-json\/wp\/v2\/pages\/13332\/revisions"}],"predecessor-version":[{"id":14628,"href":"https:\/\/www.pelleterialasiberia.com\/es\/wp-json\/wp\/v2\/pages\/13332\/revisions\/14628"}],"wp:attachment":[{"href":"https:\/\/www.pelleterialasiberia.com\/es\/wp-json\/wp\/v2\/media?parent=13332"}],"curies":[{"name":"wp","href":"https:\/\/api.w.org\/{rel}","templated":true}]}}