{"id":13329,"date":"2014-07-23T00:07:52","date_gmt":"2014-07-23T00:07:52","guid":{"rendered":"http:\/\/www.pelleterialasiberia.com\/?page_id=13329"},"modified":"2018-06-18T12:29:33","modified_gmt":"2018-06-18T10:29:33","slug":"asesoramiento-personal","status":"publish","type":"page","link":"https:\/\/www.pelleterialasiberia.com\/es\/asesoramiento-personal\/","title":{"rendered":"Asesoramiento personal"},"content":{"rendered":"<div class=\"wpb-content-wrapper\"><p>[vc_row][vc_column][vc_column_text]Servicio \u00fanico de <strong>asesoramiento personal<\/strong>.<\/p>\n<p>Somos un equipo de expertos buenos conocedores del mundo de la piel, con mucha experiencia y amantes seguidores del mundo de la moda y de las \u00faltimas tendencias.<\/p>\n<p>El asesoraremos cuidadosamente a fin de que su elecci\u00f3n sea un \u00e9xito, se adecue a sus necesidades y refuerce su personalidad.<\/p>\n<p>&nbsp;<\/p>\n<p>&nbsp;<\/p>\n<p><a class=\"dt-single-image\" href=\"http:\/\/www.pelleterialasiberia.com\/wp-content\/uploads\/sites\/4\/2014\/07\/Equip-Hor.jpg\" data-dt-img-description=\"\"><img loading=\"lazy\" decoding=\"async\" class=\"aligncenter wp-image-13358 size-full\" src=\"http:\/\/www.pelleterialasiberia.com\/wp-content\/uploads\/sites\/4\/2014\/07\/Equip-Hor.jpg\" alt=\"La Siberia, Barcelona\" width=\"567\" height=\"377\" srcset=\"https:\/\/www.pelleterialasiberia.com\/es\/wp-content\/uploads\/sites\/4\/2014\/07\/Equip-Hor.jpg 567w, https:\/\/www.pelleterialasiberia.com\/es\/wp-content\/uploads\/sites\/4\/2014\/07\/Equip-Hor-300x199.jpg 300w\" sizes=\"auto, (max-width: 567px) 100vw, 567px\" \/><\/a>[\/vc_column_text]<div class=\"gap\" style=\"line-height: 20px; height: 20px;\"><\/div>[\/vc_column][\/vc_row][vc_row][vc_column width=\u00bb1\/2&#8243;][\/vc_column][\/vc_row]<\/p>\n<\/div>","protected":false},"excerpt":{"rendered":"<p>[vc_row][vc_column][vc_column_text]Servicio \u00fanico de asesoramiento personal. Somos un equipo de expertos buenos conocedores del mundo de la piel, con mucha experiencia y amantes seguidores del mundo de la moda y de las \u00faltimas tendencias. El asesoraremos cuidadosamente a fin de que su elecci\u00f3n sea un \u00e9xito, se adecue a sus necesidades y refuerce su personalidad. &nbsp;&hellip;<\/p>\n","protected":false},"author":1,"featured_media":0,"parent":0,"menu_order":0,"comment_status":"closed","ping_status":"closed","template":"","meta":{"footnotes":""},"class_list":["post-13329","page","type-page","status-publish","hentry","description-off"],"yoast_head":"<!-- This site is optimized with the Yoast SEO plugin v25.0 - https:\/\/yoast.com\/wordpress\/plugins\/seo\/ -->\n<title>Asesoramiento personal - Peleter\u00eda la Siberia<\/title>\n<meta name=\"robots\" content=\"index, follow, max-snippet:-1, max-image-preview:large, max-video-preview:-1\" \/>\n<link rel=\"canonical\" href=\"https:\/\/www.pelleterialasiberia.com\/es\/asesoramiento-personal\/\" \/>\n<meta property=\"og:locale\" content=\"es_ES\" \/>\n<meta property=\"og:type\" content=\"article\" \/>\n<meta property=\"og:title\" content=\"Asesoramiento personal - Peleter\u00eda la Siberia\" \/>\n<meta property=\"og:description\" content=\"[vc_row][vc_column][vc_column_text]Servicio \u00fanico de asesoramiento personal. Somos un equipo de expertos buenos conocedores del mundo de la piel, con mucha experiencia y amantes seguidores del mundo de la moda y de las \u00faltimas tendencias. El asesoraremos cuidadosamente a fin de que su elecci\u00f3n sea un \u00e9xito, se adecue a sus necesidades y refuerce su personalidad. &nbsp;&hellip;\" \/>\n<meta property=\"og:url\" content=\"https:\/\/www.pelleterialasiberia.com\/es\/asesoramiento-personal\/\" \/>\n<meta property=\"og:site_name\" content=\"Peleter\u00eda la Siberia\" \/>\n<meta property=\"article:modified_time\" content=\"2018-06-18T10:29:33+00:00\" \/>\n<meta property=\"og:image\" content=\"http:\/\/www.pelleterialasiberia.com\/wp-content\/uploads\/sites\/4\/2014\/07\/Equip-Hor.jpg\" \/>\n<meta name=\"twitter:card\" content=\"summary_large_image\" \/>\n<script type=\"application\/ld+json\" class=\"yoast-schema-graph\">{\"@context\":\"https:\/\/schema.org\",\"@graph\":[{\"@type\":\"WebPage\",\"@id\":\"https:\/\/www.pelleterialasiberia.com\/es\/asesoramiento-personal\/\",\"url\":\"https:\/\/www.pelleterialasiberia.com\/es\/asesoramiento-personal\/\",\"name\":\"Asesoramiento personal - Peleter\u00eda la Siberia\",\"isPartOf\":{\"@id\":\"https:\/\/www.pelleterialasiberia.com\/es\/#website\"},\"primaryImageOfPage\":{\"@id\":\"https:\/\/www.pelleterialasiberia.com\/es\/asesoramiento-personal\/#primaryimage\"},\"image\":{\"@id\":\"https:\/\/www.pelleterialasiberia.com\/es\/asesoramiento-personal\/#primaryimage\"},\"thumbnailUrl\":\"http:\/\/www.pelleterialasiberia.com\/wp-content\/uploads\/sites\/4\/2014\/07\/Equip-Hor.jpg\",\"datePublished\":\"2014-07-23T00:07:52+00:00\",\"dateModified\":\"2018-06-18T10:29:33+00:00\",\"breadcrumb\":{\"@id\":\"https:\/\/www.pelleterialasiberia.com\/es\/asesoramiento-personal\/#breadcrumb\"},\"inLanguage\":\"es\",\"potentialAction\":[{\"@type\":\"ReadAction\",\"target\":[\"https:\/\/www.pelleterialasiberia.com\/es\/asesoramiento-personal\/\"]}]},{\"@type\":\"ImageObject\",\"inLanguage\":\"es\",\"@id\":\"https:\/\/www.pelleterialasiberia.com\/es\/asesoramiento-personal\/#primaryimage\",\"url\":\"http:\/\/www.pelleterialasiberia.com\/wp-content\/uploads\/sites\/4\/2014\/07\/Equip-Hor.jpg\",\"contentUrl\":\"http:\/\/www.pelleterialasiberia.com\/wp-content\/uploads\/sites\/4\/2014\/07\/Equip-Hor.jpg\"},{\"@type\":\"BreadcrumbList\",\"@id\":\"https:\/\/www.pelleterialasiberia.com\/es\/asesoramiento-personal\/#breadcrumb\",\"itemListElement\":[{\"@type\":\"ListItem\",\"position\":1,\"name\":\"Inici\",\"item\":\"https:\/\/www.pelleterialasiberia.com\/es\/\"},{\"@type\":\"ListItem\",\"position\":2,\"name\":\"Asesoramiento personal\"}]},{\"@type\":\"WebSite\",\"@id\":\"https:\/\/www.pelleterialasiberia.com\/es\/#website\",\"url\":\"https:\/\/www.pelleterialasiberia.com\/es\/\",\"name\":\"Peleter\u00eda la Siberia\",\"description\":\"PELLETERIA BARCELONA\",\"potentialAction\":[{\"@type\":\"SearchAction\",\"target\":{\"@type\":\"EntryPoint\",\"urlTemplate\":\"https:\/\/www.pelleterialasiberia.com\/es\/?s={search_term_string}\"},\"query-input\":{\"@type\":\"PropertyValueSpecification\",\"valueRequired\":true,\"valueName\":\"search_term_string\"}}],\"inLanguage\":\"es\"}]}<\/script>\n<!-- \/ Yoast SEO plugin. -->","yoast_head_json":{"title":"Asesoramiento personal - Peleter\u00eda la Siberia","robots":{"index":"index","follow":"follow","max-snippet":"max-snippet:-1","max-image-preview":"max-image-preview:large","max-video-preview":"max-video-preview:-1"},"canonical":"https:\/\/www.pelleterialasiberia.com\/es\/asesoramiento-personal\/","og_locale":"es_ES","og_type":"article","og_title":"Asesoramiento personal - Peleter\u00eda la Siberia","og_description":"[vc_row][vc_column][vc_column_text]Servicio \u00fanico de asesoramiento personal. Somos un equipo de expertos buenos conocedores del mundo de la piel, con mucha experiencia y amantes seguidores del mundo de la moda y de las \u00faltimas tendencias. El asesoraremos cuidadosamente a fin de que su elecci\u00f3n sea un \u00e9xito, se adecue a sus necesidades y refuerce su personalidad. &nbsp;&hellip;","og_url":"https:\/\/www.pelleterialasiberia.com\/es\/asesoramiento-personal\/","og_site_name":"Peleter\u00eda la Siberia","article_modified_time":"2018-06-18T10:29:33+00:00","og_image":[{"url":"http:\/\/www.pelleterialasiberia.com\/wp-content\/uploads\/sites\/4\/2014\/07\/Equip-Hor.jpg","type":"","width":"","height":""}],"twitter_card":"summary_large_image","schema":{"@context":"https:\/\/schema.org","@graph":[{"@type":"WebPage","@id":"https:\/\/www.pelleterialasiberia.com\/es\/asesoramiento-personal\/","url":"https:\/\/www.pelleterialasiberia.com\/es\/asesoramiento-personal\/","name":"Asesoramiento personal - Peleter\u00eda la Siberia","isPartOf":{"@id":"https:\/\/www.pelleterialasiberia.com\/es\/#website"},"primaryImageOfPage":{"@id":"https:\/\/www.pelleterialasiberia.com\/es\/asesoramiento-personal\/#primaryimage"},"image":{"@id":"https:\/\/www.pelleterialasiberia.com\/es\/asesoramiento-personal\/#primaryimage"},"thumbnailUrl":"http:\/\/www.pelleterialasiberia.com\/wp-content\/uploads\/sites\/4\/2014\/07\/Equip-Hor.jpg","datePublished":"2014-07-23T00:07:52+00:00","dateModified":"2018-06-18T10:29:33+00:00","breadcrumb":{"@id":"https:\/\/www.pelleterialasiberia.com\/es\/asesoramiento-personal\/#breadcrumb"},"inLanguage":"es","potentialAction":[{"@type":"ReadAction","target":["https:\/\/www.pelleterialasiberia.com\/es\/asesoramiento-personal\/"]}]},{"@type":"ImageObject","inLanguage":"es","@id":"https:\/\/www.pelleterialasiberia.com\/es\/asesoramiento-personal\/#primaryimage","url":"http:\/\/www.pelleterialasiberia.com\/wp-content\/uploads\/sites\/4\/2014\/07\/Equip-Hor.jpg","contentUrl":"http:\/\/www.pelleterialasiberia.com\/wp-content\/uploads\/sites\/4\/2014\/07\/Equip-Hor.jpg"},{"@type":"BreadcrumbList","@id":"https:\/\/www.pelleterialasiberia.com\/es\/asesoramiento-personal\/#breadcrumb","itemListElement":[{"@type":"ListItem","position":1,"name":"Inici","item":"https:\/\/www.pelleterialasiberia.com\/es\/"},{"@type":"ListItem","position":2,"name":"Asesoramiento personal"}]},{"@type":"WebSite","@id":"https:\/\/www.pelleterialasiberia.com\/es\/#website","url":"https:\/\/www.pelleterialasiberia.com\/es\/","name":"Peleter\u00eda la Siberia","description":"PELLETERIA BARCELONA","potentialAction":[{"@type":"SearchAction","target":{"@type":"EntryPoint","urlTemplate":"https:\/\/www.pelleterialasiberia.com\/es\/?s={search_term_string}"},"query-input":{"@type":"PropertyValueSpecification","valueRequired":true,"valueName":"search_term_string"}}],"inLanguage":"es"}]}},"_links":{"self":[{"href":"https:\/\/www.pelleterialasiberia.com\/es\/wp-json\/wp\/v2\/pages\/13329","targetHints":{"allow":["GET"]}}],"collection":[{"href":"https:\/\/www.pelleterialasiberia.com\/es\/wp-json\/wp\/v2\/pages"}],"about":[{"href":"https:\/\/www.pelleterialasiberia.com\/es\/wp-json\/wp\/v2\/types\/page"}],"author":[{"embeddable":true,"href":"https:\/\/www.pelleterialasiberia.com\/es\/wp-json\/wp\/v2\/users\/1"}],"replies":[{"embeddable":true,"href":"https:\/\/www.pelleterialasiberia.com\/es\/wp-json\/wp\/v2\/comments?post=13329"}],"version-history":[{"count":12,"href":"https:\/\/www.pelleterialasiberia.com\/es\/wp-json\/wp\/v2\/pages\/13329\/revisions"}],"predecessor-version":[{"id":14604,"href":"https:\/\/www.pelleterialasiberia.com\/es\/wp-json\/wp\/v2\/pages\/13329\/revisions\/14604"}],"wp:attachment":[{"href":"https:\/\/www.pelleterialasiberia.com\/es\/wp-json\/wp\/v2\/media?parent=13329"}],"curies":[{"name":"wp","href":"https:\/\/api.w.org\/{rel}","templated":true}]}}