{"id":13326,"date":"2014-07-23T00:07:00","date_gmt":"2014-07-23T00:07:00","guid":{"rendered":"http:\/\/www.pelleterialasiberia.com\/?page_id=13326"},"modified":"2022-10-14T13:30:31","modified_gmt":"2022-10-14T11:30:31","slug":"historia","status":"publish","type":"page","link":"https:\/\/www.pelleterialasiberia.com\/es\/historia\/","title":{"rendered":"M\u00e1s de cien a\u00f1os de historia"},"content":{"rendered":"<div class=\"wpb-content-wrapper\"><p>[vc_row][vc_column width=\u00bb1\/3&#8243;][vc_single_image image=\u00bb13646&#8243; css_animation=\u00bbbounce\u00bb border_color=\u00bbgrey\u00bb img_link_large=\u00bbyes\u00bb img_link_target=\u00bb_self\u00bb img_size=\u00bbmedium\u00bb alignment=\u00bbcenter\u00bb][vc_empty_space height=\u00bb12px\u00bb][vc_single_image image=\u00bb13413&#8243; css_animation=\u00bbbounce\u00bb alignment=\u00bbcenter\u00bb border_color=\u00bbgrey\u00bb img_link_large=\u00bbyes\u00bb img_link_target=\u00bb_self\u00bb img_size=\u00bbmedium\u00bb][vc_empty_space height=\u00bb12px\u00bb][vc_single_image image=\u00bb13400&#8243; css_animation=\u00bbbounce\u00bb alignment=\u00bbcenter\u00bb border_color=\u00bbgrey\u00bb img_link_large=\u00bbyes\u00bb img_link_target=\u00bb_self\u00bb img_size=\u00bbmedium\u00bb][vc_empty_space height=\u00bb12px\u00bb][vc_single_image image=\u00bb13412&#8243; css_animation=\u00bbbounce\u00bb alignment=\u00bbcenter\u00bb border_color=\u00bbgrey\u00bb img_link_large=\u00bbyes\u00bb img_link_target=\u00bb_self\u00bb img_size=\u00bbmedium\u00bb][vc_empty_space height=\u00bb12px\u00bb][vc_single_image image=\u00bb13397&#8243; css_animation=\u00bbbounce\u00bb alignment=\u00bbcenter\u00bb border_color=\u00bbgrey\u00bb img_link_large=\u00bbyes\u00bb img_link_target=\u00bb_self\u00bb img_size=\u00bbmedium\u00bb][vc_empty_space height=\u00bb12px\u00bb][vc_single_image image=\u00bb13405&#8243; css_animation=\u00bbbounce\u00bb alignment=\u00bbcenter\u00bb border_color=\u00bbgrey\u00bb img_link_large=\u00bbyes\u00bb img_link_target=\u00bb_self\u00bb img_size=\u00bbmedium\u00bb][vc_empty_space height=\u00bb12px\u00bb][vc_single_image image=\u00bb13656&#8243; css_animation=\u00bbbounce\u00bb alignment=\u00bbcenter\u00bb border_color=\u00bbgrey\u00bb img_link_large=\u00bbyes\u00bb img_link_target=\u00bb_self\u00bb img_size=\u00bbmedium\u00bb][\/vc_column][vc_column width=\u00bb2\/3&#8243;][vc_column_text]La Peleter\u00eda Siberia fue fundada en 1891 por Josep Tic\u00f3 y Rebert. Aquel cambio de siglo es una de las etapas m\u00e1s creativas, m\u00e1s apasionantes y m\u00e1s decisivas de nuestra historia reciente, y dio nacimiento a multitud de iniciativas y de empresas como la nuestra.<\/p>\n<p>Viviendo al mismo impulso de un pueblo que derrama energ\u00eda, un chico muy joven proveniente de Balaguer llega a Barcelona dispuesto a abrirse camino. Es Jos\u00e9 Tic\u00f3 y Rebert (1.870-1.936). Entra de aprendiz en una casa de curtidos, Can Montiu, y adivina el brillante futuro de la peleter\u00eda. Con este designe marcha en Par\u00eds para conocer el oficio y se puso a trabajar en Can Revillon, famosa casa ahora y entonces en todo el mundo. All\u00ed aprendi\u00f3 el oficio de cortador con un hijo de la casa Revillon. All\u00ed, en Par\u00eds, madura la idea de establecerse por su cuenta.<\/p>\n<p>Era un momento bueno ya que se acababa de introducir la sofisticada m\u00e1quina de coser pieles (1890), que revolucionaba la hasta entonces dif\u00edcil costura a mano.<\/p>\n<p>El joven Tic\u00f3 se cas\u00f3 con Victorina Roig y Falguera e instal\u00f3 su negocio en la calle de la Portaferrissa cuando s\u00f3lo ten\u00eda 21 a\u00f1os.<\/p>\n<p>Eligi\u00f3 como nombre del establecimiento Peleter\u00eda Siberia, porque la Siberia es uno de los territorios m\u00e1s ricos en pieles de todo el mundo.<\/p>\n<p>Pronto se traslad\u00f3 a la calle de Petritxol y luego en la calle de Santa Ana.<\/p>\n<p>El \u00e9xito del negocio y la din\u00e1mica de la ciudad que sale de las murallas para ensancharse hicieron que en 1907 Josep Tic\u00f3 instalara en el mismo lugar donde hoy se encuentra la casa matriz, a la derecha de la Ensanche, en la Rambla de Catalu\u00f1a, chafl\u00e1n con la Gran V\u00eda de las Cortes Catalanas.<\/p>\n<p>La Siberia fue la primera peleter\u00eda propiamente dicha de Barcelona y de todo el Estado. Hasta entonces de pieles finas s\u00f3lo se utilizaban para ornamentaci\u00f3n. A partir de ese momento se empiezan a hacer prendas de vestir, especialmente abrigos, capas. Es en este sentido que puede considerarse la pionera en el introducci\u00f3n de la peleter\u00eda.<\/p>\n<p>Con la expansi\u00f3n econ\u00f3mica vivida en Catalu\u00f1a en el tiempo de la Gran Guerra, La Siberia creci\u00f3 vertiginosamente. Se confeccionaban art\u00edculos para todo el Estado, incluso para la Casa Real. Entonces se construy\u00f3 la f\u00e1brica de curtidos en Balaguer, uno de los pocos edificios modernistas de la ciudad, que fue derribado a finales de 1982.<\/p>\n<p>La Siberia no s\u00f3lo fue importante por ser la primera y principal del pa\u00eds; gan\u00f3 uno de los premios de la Exposici\u00f3n Internacional de 1929, sino tambi\u00e9n lo fue como escuela de nuevos peleteros.<\/p>\n<p>Los a\u00f1os 1918 y 1919 la decoraci\u00f3n de la tienda fue completamente reformada por iniciativa de Jos\u00e9 M Tic\u00f3 y Roig que se estableci\u00f3 como peletero en Londres. \u00c9sta, hecha por el interiorista Carlos Rojas de estilo cercano al arte Dec\u00f3, es la que a\u00fan se conserva hoy. Las molduras con una riqueza impresionante se mantienen en un estado literalmente perfecto.<\/p>\n<p>Aunque la exposici\u00f3n Universal de 1929, Barcelona y todo el mundo entr\u00f3 en una depresi\u00f3n econ\u00f3mica general que afect\u00f3 profundamente la Peleter\u00eda La Siberia. Fue entonces, 1932, cuando Mariano Espar, yerno del fundador, compr\u00f3 el negocio a Jos\u00e9 Tic\u00f3 y Rebert\u00e9s.<\/p>\n<p>Con la guerra civil la empresa es colectivizada junto con la f\u00e1brica de Balaguer y la empresa vive los momentos m\u00e1s tristes con la muerte de Mariano Espar, en 1936 y despu\u00e9s Jos\u00e9 Tic\u00f3 y Rebert\u00e9s.<\/p>\n<p>En 1936 la f\u00e1brica de curtidos de Balaguer se desmantelada y trasladada a Burgos con designios oscuros. Merced Tic\u00f3 y Rojo es al frente de la casa y se vive una \u00e9poca de dificultades.<\/p>\n<p>Con la recuperaci\u00f3n econ\u00f3mica que sigue el plan de estabilizaci\u00f3n se fue abriendo las importaciones y la recuperaci\u00f3n se hace evidente.<\/p>\n<p>En 1959 se hace una nueva gran reforma de los escaparates y se abren los vest\u00edbulos manteniendo los anteriores del establecimiento.<\/p>\n<p>A partir de 1963 la Peleter\u00eda La Siberia presenta unas colecciones complet\u00edsimas, requeridas m\u00e1s de una vez en el extranjero. La casa pasa de manera efectiva a depender de la tercera generaci\u00f3n: Victoria, Maria Merc\u00e8, Jos\u00e9 y Ignacio EsparTic\u00f3. Con este equipo colaboran tambi\u00e9n Maria del Carmen Almeda y Montse Figueras.<\/p>\n<p>La ciudad crece sin detenerse y la parte alta se ha convertido en un segundo centro vital y, ya pensando en la celebraci\u00f3n del centenario, en 1988, se abren unos nuevos salones en la calle Ganduxer, con una ambientaci\u00f3n delicada, c\u00e1lida y confortable.<\/p>\n<p>Todas las capas de la sociedad catalana, desde la burgues\u00eda a la aristocracia, pasando por el mundo profesional, intelectual y art\u00edstico, han sido cliente de la casa. Los nombres de Picasso, Dal\u00ed y Mir\u00f3 son ejemplos significativos.<\/p>\n<p>Actualmente la Peleter\u00eda La Siberia sigue como referente de moda en piel de la ciudad y desde el nuevo milenio la cuarta generaci\u00f3n de peleteros, Victoria Espar Almeda y Marc Espar Figueras, llevan el tim\u00f3n de la empresa.<\/p>\n<p>La cuarta generaci\u00f3n, combina con acierto su herencia y el conocimiento del oficio con las nuevas tendencias, la modernidad y las necesidades de la mujer actual.[\/vc_column_text][\/vc_column][\/vc_row][vc_row][vc_column width=\u00bb1\/1&#8243;][vc_empty_space height=\u00bb12px\u00bb][\/vc_column][\/vc_row]<\/p>\n<\/div>","protected":false},"excerpt":{"rendered":"<p>[vc_row][vc_column width=\u00bb1\/3&#8243;][vc_single_image image=\u00bb13646&#8243; css_animation=\u00bbbounce\u00bb border_color=\u00bbgrey\u00bb img_link_large=\u00bbyes\u00bb img_link_target=\u00bb_self\u00bb img_size=\u00bbmedium\u00bb alignment=\u00bbcenter\u00bb][vc_empty_space height=\u00bb12px\u00bb][vc_single_image image=\u00bb13413&#8243; css_animation=\u00bbbounce\u00bb alignment=\u00bbcenter\u00bb border_color=\u00bbgrey\u00bb img_link_large=\u00bbyes\u00bb img_link_target=\u00bb_self\u00bb img_size=\u00bbmedium\u00bb][vc_empty_space height=\u00bb12px\u00bb][vc_single_image image=\u00bb13400&#8243; css_animation=\u00bbbounce\u00bb alignment=\u00bbcenter\u00bb border_color=\u00bbgrey\u00bb img_link_large=\u00bbyes\u00bb img_link_target=\u00bb_self\u00bb img_size=\u00bbmedium\u00bb][vc_empty_space height=\u00bb12px\u00bb][vc_single_image image=\u00bb13412&#8243; css_animation=\u00bbbounce\u00bb alignment=\u00bbcenter\u00bb border_color=\u00bbgrey\u00bb img_link_large=\u00bbyes\u00bb img_link_target=\u00bb_self\u00bb img_size=\u00bbmedium\u00bb][vc_empty_space height=\u00bb12px\u00bb][vc_single_image image=\u00bb13397&#8243; css_animation=\u00bbbounce\u00bb alignment=\u00bbcenter\u00bb border_color=\u00bbgrey\u00bb img_link_large=\u00bbyes\u00bb img_link_target=\u00bb_self\u00bb img_size=\u00bbmedium\u00bb][vc_empty_space height=\u00bb12px\u00bb][vc_single_image image=\u00bb13405&#8243; css_animation=\u00bbbounce\u00bb alignment=\u00bbcenter\u00bb border_color=\u00bbgrey\u00bb img_link_large=\u00bbyes\u00bb img_link_target=\u00bb_self\u00bb img_size=\u00bbmedium\u00bb][vc_empty_space height=\u00bb12px\u00bb][vc_single_image image=\u00bb13656&#8243; css_animation=\u00bbbounce\u00bb alignment=\u00bbcenter\u00bb border_color=\u00bbgrey\u00bb img_link_large=\u00bbyes\u00bb&hellip;<\/p>\n","protected":false},"author":1,"featured_media":0,"parent":0,"menu_order":0,"comment_status":"closed","ping_status":"closed","template":"","meta":{"footnotes":""},"class_list":["post-13326","page","type-page","status-publish","hentry","description-off"],"yoast_head":"<!-- This site is optimized with the Yoast SEO plugin v25.0 - https:\/\/yoast.com\/wordpress\/plugins\/seo\/ -->\n<title>M\u00e1s de cien a\u00f1os de historia - Peleter\u00eda la Siberia<\/title>\n<meta name=\"robots\" content=\"index, follow, max-snippet:-1, max-image-preview:large, max-video-preview:-1\" \/>\n<link rel=\"canonical\" href=\"https:\/\/www.pelleterialasiberia.com\/es\/historia\/\" \/>\n<meta property=\"og:locale\" content=\"es_ES\" \/>\n<meta property=\"og:type\" content=\"article\" \/>\n<meta property=\"og:title\" content=\"M\u00e1s de cien a\u00f1os de historia - Peleter\u00eda la Siberia\" \/>\n<meta property=\"og:description\" content=\"[vc_row][vc_column width=\u00bb1\/3&#8243;][vc_single_image image=\u00bb13646&#8243; css_animation=\u00bbbounce\u00bb border_color=\u00bbgrey\u00bb img_link_large=\u00bbyes\u00bb img_link_target=\u00bb_self\u00bb img_size=\u00bbmedium\u00bb alignment=\u00bbcenter\u00bb][vc_empty_space height=\u00bb12px\u00bb][vc_single_image image=\u00bb13413&#8243; css_animation=\u00bbbounce\u00bb alignment=\u00bbcenter\u00bb border_color=\u00bbgrey\u00bb img_link_large=\u00bbyes\u00bb img_link_target=\u00bb_self\u00bb img_size=\u00bbmedium\u00bb][vc_empty_space height=\u00bb12px\u00bb][vc_single_image image=\u00bb13400&#8243; css_animation=\u00bbbounce\u00bb alignment=\u00bbcenter\u00bb border_color=\u00bbgrey\u00bb img_link_large=\u00bbyes\u00bb img_link_target=\u00bb_self\u00bb img_size=\u00bbmedium\u00bb][vc_empty_space height=\u00bb12px\u00bb][vc_single_image image=\u00bb13412&#8243; css_animation=\u00bbbounce\u00bb alignment=\u00bbcenter\u00bb border_color=\u00bbgrey\u00bb img_link_large=\u00bbyes\u00bb img_link_target=\u00bb_self\u00bb img_size=\u00bbmedium\u00bb][vc_empty_space height=\u00bb12px\u00bb][vc_single_image image=\u00bb13397&#8243; css_animation=\u00bbbounce\u00bb alignment=\u00bbcenter\u00bb border_color=\u00bbgrey\u00bb img_link_large=\u00bbyes\u00bb img_link_target=\u00bb_self\u00bb img_size=\u00bbmedium\u00bb][vc_empty_space height=\u00bb12px\u00bb][vc_single_image image=\u00bb13405&#8243; css_animation=\u00bbbounce\u00bb alignment=\u00bbcenter\u00bb border_color=\u00bbgrey\u00bb img_link_large=\u00bbyes\u00bb img_link_target=\u00bb_self\u00bb img_size=\u00bbmedium\u00bb][vc_empty_space height=\u00bb12px\u00bb][vc_single_image image=\u00bb13656&#8243; css_animation=\u00bbbounce\u00bb alignment=\u00bbcenter\u00bb border_color=\u00bbgrey\u00bb img_link_large=\u00bbyes\u00bb&hellip;\" \/>\n<meta property=\"og:url\" content=\"https:\/\/www.pelleterialasiberia.com\/es\/historia\/\" \/>\n<meta property=\"og:site_name\" content=\"Peleter\u00eda la Siberia\" \/>\n<meta property=\"article:modified_time\" content=\"2022-10-14T11:30:31+00:00\" \/>\n<meta name=\"twitter:card\" content=\"summary_large_image\" \/>\n<meta name=\"twitter:label1\" content=\"Tiempo de lectura\" \/>\n\t<meta name=\"twitter:data1\" content=\"6 minutos\" \/>\n<script type=\"application\/ld+json\" class=\"yoast-schema-graph\">{\"@context\":\"https:\/\/schema.org\",\"@graph\":[{\"@type\":\"WebPage\",\"@id\":\"https:\/\/www.pelleterialasiberia.com\/es\/historia\/\",\"url\":\"https:\/\/www.pelleterialasiberia.com\/es\/historia\/\",\"name\":\"M\u00e1s de cien a\u00f1os de historia - Peleter\u00eda la Siberia\",\"isPartOf\":{\"@id\":\"https:\/\/www.pelleterialasiberia.com\/es\/#website\"},\"datePublished\":\"2014-07-23T00:07:00+00:00\",\"dateModified\":\"2022-10-14T11:30:31+00:00\",\"breadcrumb\":{\"@id\":\"https:\/\/www.pelleterialasiberia.com\/es\/historia\/#breadcrumb\"},\"inLanguage\":\"es\",\"potentialAction\":[{\"@type\":\"ReadAction\",\"target\":[\"https:\/\/www.pelleterialasiberia.com\/es\/historia\/\"]}]},{\"@type\":\"BreadcrumbList\",\"@id\":\"https:\/\/www.pelleterialasiberia.com\/es\/historia\/#breadcrumb\",\"itemListElement\":[{\"@type\":\"ListItem\",\"position\":1,\"name\":\"Inici\",\"item\":\"https:\/\/www.pelleterialasiberia.com\/es\/\"},{\"@type\":\"ListItem\",\"position\":2,\"name\":\"M\u00e1s de cien a\u00f1os de historia\"}]},{\"@type\":\"WebSite\",\"@id\":\"https:\/\/www.pelleterialasiberia.com\/es\/#website\",\"url\":\"https:\/\/www.pelleterialasiberia.com\/es\/\",\"name\":\"Peleter\u00eda la Siberia\",\"description\":\"PELLETERIA BARCELONA\",\"potentialAction\":[{\"@type\":\"SearchAction\",\"target\":{\"@type\":\"EntryPoint\",\"urlTemplate\":\"https:\/\/www.pelleterialasiberia.com\/es\/?s={search_term_string}\"},\"query-input\":{\"@type\":\"PropertyValueSpecification\",\"valueRequired\":true,\"valueName\":\"search_term_string\"}}],\"inLanguage\":\"es\"}]}<\/script>\n<!-- \/ Yoast SEO plugin. -->","yoast_head_json":{"title":"M\u00e1s de cien a\u00f1os de historia - Peleter\u00eda la Siberia","robots":{"index":"index","follow":"follow","max-snippet":"max-snippet:-1","max-image-preview":"max-image-preview:large","max-video-preview":"max-video-preview:-1"},"canonical":"https:\/\/www.pelleterialasiberia.com\/es\/historia\/","og_locale":"es_ES","og_type":"article","og_title":"M\u00e1s de cien a\u00f1os de historia - Peleter\u00eda la Siberia","og_description":"[vc_row][vc_column width=\u00bb1\/3&#8243;][vc_single_image image=\u00bb13646&#8243; css_animation=\u00bbbounce\u00bb border_color=\u00bbgrey\u00bb img_link_large=\u00bbyes\u00bb img_link_target=\u00bb_self\u00bb img_size=\u00bbmedium\u00bb alignment=\u00bbcenter\u00bb][vc_empty_space height=\u00bb12px\u00bb][vc_single_image image=\u00bb13413&#8243; css_animation=\u00bbbounce\u00bb alignment=\u00bbcenter\u00bb border_color=\u00bbgrey\u00bb img_link_large=\u00bbyes\u00bb img_link_target=\u00bb_self\u00bb img_size=\u00bbmedium\u00bb][vc_empty_space height=\u00bb12px\u00bb][vc_single_image image=\u00bb13400&#8243; css_animation=\u00bbbounce\u00bb alignment=\u00bbcenter\u00bb border_color=\u00bbgrey\u00bb img_link_large=\u00bbyes\u00bb img_link_target=\u00bb_self\u00bb img_size=\u00bbmedium\u00bb][vc_empty_space height=\u00bb12px\u00bb][vc_single_image image=\u00bb13412&#8243; css_animation=\u00bbbounce\u00bb alignment=\u00bbcenter\u00bb border_color=\u00bbgrey\u00bb img_link_large=\u00bbyes\u00bb img_link_target=\u00bb_self\u00bb img_size=\u00bbmedium\u00bb][vc_empty_space height=\u00bb12px\u00bb][vc_single_image image=\u00bb13397&#8243; css_animation=\u00bbbounce\u00bb alignment=\u00bbcenter\u00bb border_color=\u00bbgrey\u00bb img_link_large=\u00bbyes\u00bb img_link_target=\u00bb_self\u00bb img_size=\u00bbmedium\u00bb][vc_empty_space height=\u00bb12px\u00bb][vc_single_image image=\u00bb13405&#8243; css_animation=\u00bbbounce\u00bb alignment=\u00bbcenter\u00bb border_color=\u00bbgrey\u00bb img_link_large=\u00bbyes\u00bb img_link_target=\u00bb_self\u00bb img_size=\u00bbmedium\u00bb][vc_empty_space height=\u00bb12px\u00bb][vc_single_image image=\u00bb13656&#8243; css_animation=\u00bbbounce\u00bb alignment=\u00bbcenter\u00bb border_color=\u00bbgrey\u00bb img_link_large=\u00bbyes\u00bb&hellip;","og_url":"https:\/\/www.pelleterialasiberia.com\/es\/historia\/","og_site_name":"Peleter\u00eda la Siberia","article_modified_time":"2022-10-14T11:30:31+00:00","twitter_card":"summary_large_image","twitter_misc":{"Tiempo de lectura":"6 minutos"},"schema":{"@context":"https:\/\/schema.org","@graph":[{"@type":"WebPage","@id":"https:\/\/www.pelleterialasiberia.com\/es\/historia\/","url":"https:\/\/www.pelleterialasiberia.com\/es\/historia\/","name":"M\u00e1s de cien a\u00f1os de historia - Peleter\u00eda la Siberia","isPartOf":{"@id":"https:\/\/www.pelleterialasiberia.com\/es\/#website"},"datePublished":"2014-07-23T00:07:00+00:00","dateModified":"2022-10-14T11:30:31+00:00","breadcrumb":{"@id":"https:\/\/www.pelleterialasiberia.com\/es\/historia\/#breadcrumb"},"inLanguage":"es","potentialAction":[{"@type":"ReadAction","target":["https:\/\/www.pelleterialasiberia.com\/es\/historia\/"]}]},{"@type":"BreadcrumbList","@id":"https:\/\/www.pelleterialasiberia.com\/es\/historia\/#breadcrumb","itemListElement":[{"@type":"ListItem","position":1,"name":"Inici","item":"https:\/\/www.pelleterialasiberia.com\/es\/"},{"@type":"ListItem","position":2,"name":"M\u00e1s de cien a\u00f1os de historia"}]},{"@type":"WebSite","@id":"https:\/\/www.pelleterialasiberia.com\/es\/#website","url":"https:\/\/www.pelleterialasiberia.com\/es\/","name":"Peleter\u00eda la Siberia","description":"PELLETERIA BARCELONA","potentialAction":[{"@type":"SearchAction","target":{"@type":"EntryPoint","urlTemplate":"https:\/\/www.pelleterialasiberia.com\/es\/?s={search_term_string}"},"query-input":{"@type":"PropertyValueSpecification","valueRequired":true,"valueName":"search_term_string"}}],"inLanguage":"es"}]}},"_links":{"self":[{"href":"https:\/\/www.pelleterialasiberia.com\/es\/wp-json\/wp\/v2\/pages\/13326","targetHints":{"allow":["GET"]}}],"collection":[{"href":"https:\/\/www.pelleterialasiberia.com\/es\/wp-json\/wp\/v2\/pages"}],"about":[{"href":"https:\/\/www.pelleterialasiberia.com\/es\/wp-json\/wp\/v2\/types\/page"}],"author":[{"embeddable":true,"href":"https:\/\/www.pelleterialasiberia.com\/es\/wp-json\/wp\/v2\/users\/1"}],"replies":[{"embeddable":true,"href":"https:\/\/www.pelleterialasiberia.com\/es\/wp-json\/wp\/v2\/comments?post=13326"}],"version-history":[{"count":31,"href":"https:\/\/www.pelleterialasiberia.com\/es\/wp-json\/wp\/v2\/pages\/13326\/revisions"}],"predecessor-version":[{"id":14673,"href":"https:\/\/www.pelleterialasiberia.com\/es\/wp-json\/wp\/v2\/pages\/13326\/revisions\/14673"}],"wp:attachment":[{"href":"https:\/\/www.pelleterialasiberia.com\/es\/wp-json\/wp\/v2\/media?parent=13326"}],"curies":[{"name":"wp","href":"https:\/\/api.w.org\/{rel}","templated":true}]}}