{"id":13323,"date":"2014-07-23T00:06:12","date_gmt":"2014-07-23T00:06:12","guid":{"rendered":"http:\/\/www.pelleterialasiberia.com\/?page_id=13323"},"modified":"2023-01-09T16:57:10","modified_gmt":"2023-01-09T15:57:10","slug":"presentacion","status":"publish","type":"page","link":"https:\/\/www.pelleterialasiberia.com\/es\/presentacion\/","title":{"rendered":"Presentaci\u00f3n"},"content":{"rendered":"<div class=\"wpb-content-wrapper\"><p>[vc_row][vc_column][vc_column_text]<img loading=\"lazy\" decoding=\"async\" class=\"aligncenter size-full wp-image-13543\" src=\"http:\/\/www.pelleterialasiberia.com\/wp-content\/uploads\/sites\/4\/2014\/03\/la-siberia-salo-pelleteria.jpeg\" alt=\"La Siberia salo pelleteria\" width=\"526\" height=\"388\" srcset=\"https:\/\/www.pelleterialasiberia.com\/es\/wp-content\/uploads\/sites\/4\/2014\/03\/la-siberia-salo-pelleteria.jpeg 526w, https:\/\/www.pelleterialasiberia.com\/es\/wp-content\/uploads\/sites\/4\/2014\/03\/la-siberia-salo-pelleteria-300x221.jpeg 300w\" sizes=\"auto, (max-width: 526px) 100vw, 526px\" \/><\/p>\n<p>&nbsp;<\/p>\n<p style=\"text-align: center;\">En la Peleter\u00eda Siberia Barcelona, \u200b\u200bfundada en 1891, somos pioneros en todo el estado en la confecci\u00f3n de alta peleter\u00eda y seguimos trabajando la piel con la misma exigencia y rigor que al inicio, siguiendo las \u00faltimas tendencias de moda internacional.<\/p>\n<p style=\"text-align: center;\">En nuestros talleres tranforma en piezas de lujo pieles de chinchilla, vis\u00f3n, renard, mouton, rex &#8230;.. Las nuevas tecnolog\u00edas que se utilizan nos permiten tratar la piel y hacerla ligera, souple y dulce como el terciopelo. Con colores naturales o tintados que aportan un toque de sensualidad, de misterio y de glamour que hacen que la pieza sea \u00fanica. Estaremos muy contentos de recibirlos en nuestros establecimientos, uno de ellos de estilo modernista, por donde han pasado personajes como Salvador Dal\u00ed, Picasso o Mir\u00f3, y pondremos a su disposici\u00f3n un asesoramiento personalizado y m\u00e1s de cien a\u00f1os de experiencia en el tratamiento de este material tan noble como es la piel. Podr\u00e1n elegir entre los numerosos modelos y complementos que proponemos cada temporada o bien le confeccionaremos la pieza a medida. Esperamos poder atenderles personalmente<\/p>\n<p>\u00a0[\/vc_column_text]<div class=\"gap\" style=\"line-height: 20px; height: 20px;\"><\/div>[\/vc_column][\/vc_row][vc_row][vc_column width=\u00bb1\/2&#8243;][\/vc_column][\/vc_row]<\/p>\n<\/div>","protected":false},"excerpt":{"rendered":"<p>[vc_row][vc_column][vc_column_text] &nbsp; En la Peleter\u00eda Siberia Barcelona, \u200b\u200bfundada en 1891, somos pioneros en todo el estado en la confecci\u00f3n de alta peleter\u00eda y seguimos trabajando la piel con la misma exigencia y rigor que al inicio, siguiendo las \u00faltimas tendencias de moda internacional. En nuestros talleres tranforma en piezas de lujo pieles de chinchilla, vis\u00f3n,&hellip;<\/p>\n","protected":false},"author":1,"featured_media":0,"parent":0,"menu_order":0,"comment_status":"closed","ping_status":"closed","template":"","meta":{"footnotes":""},"class_list":["post-13323","page","type-page","status-publish","hentry","description-off"],"yoast_head":"<!-- This site is optimized with the Yoast SEO plugin v25.0 - https:\/\/yoast.com\/wordpress\/plugins\/seo\/ -->\n<title>Presentaci\u00f3n - Peleter\u00eda la Siberia<\/title>\n<meta name=\"robots\" content=\"index, follow, max-snippet:-1, max-image-preview:large, max-video-preview:-1\" \/>\n<link rel=\"canonical\" href=\"https:\/\/www.pelleterialasiberia.com\/es\/presentacion\/\" \/>\n<meta property=\"og:locale\" content=\"es_ES\" \/>\n<meta property=\"og:type\" content=\"article\" \/>\n<meta property=\"og:title\" content=\"Presentaci\u00f3n - Peleter\u00eda la Siberia\" \/>\n<meta property=\"og:description\" content=\"[vc_row][vc_column][vc_column_text] &nbsp; En la Peleter\u00eda Siberia Barcelona, \u200b\u200bfundada en 1891, somos pioneros en todo el estado en la confecci\u00f3n de alta peleter\u00eda y seguimos trabajando la piel con la misma exigencia y rigor que al inicio, siguiendo las \u00faltimas tendencias de moda internacional. En nuestros talleres tranforma en piezas de lujo pieles de chinchilla, vis\u00f3n,&hellip;\" \/>\n<meta property=\"og:url\" content=\"https:\/\/www.pelleterialasiberia.com\/es\/presentacion\/\" \/>\n<meta property=\"og:site_name\" content=\"Peleter\u00eda la Siberia\" \/>\n<meta property=\"article:modified_time\" content=\"2023-01-09T15:57:10+00:00\" \/>\n<meta property=\"og:image\" content=\"http:\/\/www.pelleterialasiberia.com\/wp-content\/uploads\/sites\/4\/2014\/03\/la-siberia-salo-pelleteria.jpeg\" \/>\n<meta name=\"twitter:card\" content=\"summary_large_image\" \/>\n<meta name=\"twitter:label1\" content=\"Tiempo de lectura\" \/>\n\t<meta name=\"twitter:data1\" content=\"1 minuto\" \/>\n<script type=\"application\/ld+json\" class=\"yoast-schema-graph\">{\"@context\":\"https:\/\/schema.org\",\"@graph\":[{\"@type\":\"WebPage\",\"@id\":\"https:\/\/www.pelleterialasiberia.com\/es\/presentacion\/\",\"url\":\"https:\/\/www.pelleterialasiberia.com\/es\/presentacion\/\",\"name\":\"Presentaci\u00f3n - Peleter\u00eda la Siberia\",\"isPartOf\":{\"@id\":\"https:\/\/www.pelleterialasiberia.com\/es\/#website\"},\"primaryImageOfPage\":{\"@id\":\"https:\/\/www.pelleterialasiberia.com\/es\/presentacion\/#primaryimage\"},\"image\":{\"@id\":\"https:\/\/www.pelleterialasiberia.com\/es\/presentacion\/#primaryimage\"},\"thumbnailUrl\":\"http:\/\/www.pelleterialasiberia.com\/wp-content\/uploads\/sites\/4\/2014\/03\/la-siberia-salo-pelleteria.jpeg\",\"datePublished\":\"2014-07-23T00:06:12+00:00\",\"dateModified\":\"2023-01-09T15:57:10+00:00\",\"breadcrumb\":{\"@id\":\"https:\/\/www.pelleterialasiberia.com\/es\/presentacion\/#breadcrumb\"},\"inLanguage\":\"es\",\"potentialAction\":[{\"@type\":\"ReadAction\",\"target\":[\"https:\/\/www.pelleterialasiberia.com\/es\/presentacion\/\"]}]},{\"@type\":\"ImageObject\",\"inLanguage\":\"es\",\"@id\":\"https:\/\/www.pelleterialasiberia.com\/es\/presentacion\/#primaryimage\",\"url\":\"http:\/\/www.pelleterialasiberia.com\/wp-content\/uploads\/sites\/4\/2014\/03\/la-siberia-salo-pelleteria.jpeg\",\"contentUrl\":\"http:\/\/www.pelleterialasiberia.com\/wp-content\/uploads\/sites\/4\/2014\/03\/la-siberia-salo-pelleteria.jpeg\"},{\"@type\":\"BreadcrumbList\",\"@id\":\"https:\/\/www.pelleterialasiberia.com\/es\/presentacion\/#breadcrumb\",\"itemListElement\":[{\"@type\":\"ListItem\",\"position\":1,\"name\":\"Inici\",\"item\":\"https:\/\/www.pelleterialasiberia.com\/es\/\"},{\"@type\":\"ListItem\",\"position\":2,\"name\":\"Presentaci\u00f3n\"}]},{\"@type\":\"WebSite\",\"@id\":\"https:\/\/www.pelleterialasiberia.com\/es\/#website\",\"url\":\"https:\/\/www.pelleterialasiberia.com\/es\/\",\"name\":\"Peleter\u00eda la Siberia\",\"description\":\"PELLETERIA BARCELONA\",\"potentialAction\":[{\"@type\":\"SearchAction\",\"target\":{\"@type\":\"EntryPoint\",\"urlTemplate\":\"https:\/\/www.pelleterialasiberia.com\/es\/?s={search_term_string}\"},\"query-input\":{\"@type\":\"PropertyValueSpecification\",\"valueRequired\":true,\"valueName\":\"search_term_string\"}}],\"inLanguage\":\"es\"}]}<\/script>\n<!-- \/ Yoast SEO plugin. -->","yoast_head_json":{"title":"Presentaci\u00f3n - Peleter\u00eda la Siberia","robots":{"index":"index","follow":"follow","max-snippet":"max-snippet:-1","max-image-preview":"max-image-preview:large","max-video-preview":"max-video-preview:-1"},"canonical":"https:\/\/www.pelleterialasiberia.com\/es\/presentacion\/","og_locale":"es_ES","og_type":"article","og_title":"Presentaci\u00f3n - Peleter\u00eda la Siberia","og_description":"[vc_row][vc_column][vc_column_text] &nbsp; En la Peleter\u00eda Siberia Barcelona, \u200b\u200bfundada en 1891, somos pioneros en todo el estado en la confecci\u00f3n de alta peleter\u00eda y seguimos trabajando la piel con la misma exigencia y rigor que al inicio, siguiendo las \u00faltimas tendencias de moda internacional. En nuestros talleres tranforma en piezas de lujo pieles de chinchilla, vis\u00f3n,&hellip;","og_url":"https:\/\/www.pelleterialasiberia.com\/es\/presentacion\/","og_site_name":"Peleter\u00eda la Siberia","article_modified_time":"2023-01-09T15:57:10+00:00","og_image":[{"url":"http:\/\/www.pelleterialasiberia.com\/wp-content\/uploads\/sites\/4\/2014\/03\/la-siberia-salo-pelleteria.jpeg","type":"","width":"","height":""}],"twitter_card":"summary_large_image","twitter_misc":{"Tiempo de lectura":"1 minuto"},"schema":{"@context":"https:\/\/schema.org","@graph":[{"@type":"WebPage","@id":"https:\/\/www.pelleterialasiberia.com\/es\/presentacion\/","url":"https:\/\/www.pelleterialasiberia.com\/es\/presentacion\/","name":"Presentaci\u00f3n - Peleter\u00eda la Siberia","isPartOf":{"@id":"https:\/\/www.pelleterialasiberia.com\/es\/#website"},"primaryImageOfPage":{"@id":"https:\/\/www.pelleterialasiberia.com\/es\/presentacion\/#primaryimage"},"image":{"@id":"https:\/\/www.pelleterialasiberia.com\/es\/presentacion\/#primaryimage"},"thumbnailUrl":"http:\/\/www.pelleterialasiberia.com\/wp-content\/uploads\/sites\/4\/2014\/03\/la-siberia-salo-pelleteria.jpeg","datePublished":"2014-07-23T00:06:12+00:00","dateModified":"2023-01-09T15:57:10+00:00","breadcrumb":{"@id":"https:\/\/www.pelleterialasiberia.com\/es\/presentacion\/#breadcrumb"},"inLanguage":"es","potentialAction":[{"@type":"ReadAction","target":["https:\/\/www.pelleterialasiberia.com\/es\/presentacion\/"]}]},{"@type":"ImageObject","inLanguage":"es","@id":"https:\/\/www.pelleterialasiberia.com\/es\/presentacion\/#primaryimage","url":"http:\/\/www.pelleterialasiberia.com\/wp-content\/uploads\/sites\/4\/2014\/03\/la-siberia-salo-pelleteria.jpeg","contentUrl":"http:\/\/www.pelleterialasiberia.com\/wp-content\/uploads\/sites\/4\/2014\/03\/la-siberia-salo-pelleteria.jpeg"},{"@type":"BreadcrumbList","@id":"https:\/\/www.pelleterialasiberia.com\/es\/presentacion\/#breadcrumb","itemListElement":[{"@type":"ListItem","position":1,"name":"Inici","item":"https:\/\/www.pelleterialasiberia.com\/es\/"},{"@type":"ListItem","position":2,"name":"Presentaci\u00f3n"}]},{"@type":"WebSite","@id":"https:\/\/www.pelleterialasiberia.com\/es\/#website","url":"https:\/\/www.pelleterialasiberia.com\/es\/","name":"Peleter\u00eda la Siberia","description":"PELLETERIA BARCELONA","potentialAction":[{"@type":"SearchAction","target":{"@type":"EntryPoint","urlTemplate":"https:\/\/www.pelleterialasiberia.com\/es\/?s={search_term_string}"},"query-input":{"@type":"PropertyValueSpecification","valueRequired":true,"valueName":"search_term_string"}}],"inLanguage":"es"}]}},"_links":{"self":[{"href":"https:\/\/www.pelleterialasiberia.com\/es\/wp-json\/wp\/v2\/pages\/13323","targetHints":{"allow":["GET"]}}],"collection":[{"href":"https:\/\/www.pelleterialasiberia.com\/es\/wp-json\/wp\/v2\/pages"}],"about":[{"href":"https:\/\/www.pelleterialasiberia.com\/es\/wp-json\/wp\/v2\/types\/page"}],"author":[{"embeddable":true,"href":"https:\/\/www.pelleterialasiberia.com\/es\/wp-json\/wp\/v2\/users\/1"}],"replies":[{"embeddable":true,"href":"https:\/\/www.pelleterialasiberia.com\/es\/wp-json\/wp\/v2\/comments?post=13323"}],"version-history":[{"count":15,"href":"https:\/\/www.pelleterialasiberia.com\/es\/wp-json\/wp\/v2\/pages\/13323\/revisions"}],"predecessor-version":[{"id":14626,"href":"https:\/\/www.pelleterialasiberia.com\/es\/wp-json\/wp\/v2\/pages\/13323\/revisions\/14626"}],"wp:attachment":[{"href":"https:\/\/www.pelleterialasiberia.com\/es\/wp-json\/wp\/v2\/media?parent=13323"}],"curies":[{"name":"wp","href":"https:\/\/api.w.org\/{rel}","templated":true}]}}