{"id":13318,"date":"2014-07-23T00:03:54","date_gmt":"2014-07-23T00:03:54","guid":{"rendered":"http:\/\/www.pelleterialasiberia.com\/?page_id=13318"},"modified":"2025-09-22T11:36:21","modified_gmt":"2025-09-22T09:36:21","slug":"complementos-de-piel","status":"publish","type":"page","link":"https:\/\/www.pelleterialasiberia.com\/es\/complementos-de-piel\/","title":{"rendered":"Complementos de piel"},"content":{"rendered":"<div class=\"wpb-content-wrapper\"><p>[vc_row][vc_column][vc_column_text]<\/p>\n<h4 style=\"text-align: center;\">Complementos de piel<\/h4>\n<h4 style=\"text-align: center;\">Colecci\u00f3n de complementos y accessorios de piel<\/h4>\n<p style=\"text-align: center;\">Con los complementos conseguimos que el look sea perfecto.<\/p>\n<p style=\"text-align: center;\">Un buen complemento puede salvar tu look.<\/p>\n<p style=\"text-align: center;\">Nosotros ofrecemos complementos confeccionados con piel y la posibilidad de hacer tu complemento personalizado y unico.<\/p>\n<p style=\"text-align: center;\">Puedes escoger la piel, el estilo, el tipo de forro,..ya que disponemos de taller propio.<\/p>\n<p style=\"text-align: center;\">Tenemos bolsos, sombreros, bufandas, guentes, pu\u00f1os, cinturones, estolas,&#8230;<\/p>\n<p style=\"text-align: center;\"><img loading=\"lazy\" decoding=\"async\" class=\"size-full wp-image-15298 aligncenter\" src=\"http:\/\/www.pelleterialasiberia.com\/wp-content\/uploads\/2021\/10\/lasiberia-mink-bag.jpg\" alt=\"\" width=\"800\" height=\"800\" \/><\/p>\n<p>&nbsp;<\/p>\n\n<p>&nbsp;<\/p>\n\n\t\t\t<style type='text\/css'>\n\t\t\t\t#gallery-4 {\n\t\t\t\t\tmargin: auto;\n\t\t\t\t}\n\t\t\t\t#gallery-4 .gallery-item {\n\t\t\t\t\tfloat: left;\n\t\t\t\t\tmargin-top: 10px;\n\t\t\t\t\ttext-align: center;\n\t\t\t\t\twidth: 100%;\n\t\t\t\t}\n\t\t\t\t#gallery-4 img {\n\t\t\t\t\tborder: 2px solid #cfcfcf;\n\t\t\t\t}\n\t\t\t\t#gallery-4 .gallery-caption {\n\t\t\t\t\tmargin-left: 0;\n\t\t\t\t}\n\t\t\t\t\/* see gallery_shortcode() in wp-includes\/media.php *\/\n\t\t\t<\/style>\n\t\t<div id='gallery-4' class='dt-gallery-container gallery galleryid-13318 gallery-columns-1 gallery-size-large'><dl class='gallery-item'>\n\t\t\t\t<dt class='gallery-icon landscape'>\n\t\t\t\t\t<a class=\"rollover\" href='https:\/\/www.pelleterialasiberia.com\/es\/colecciones\/vmlasiberia-silverfox-bag080\/'><img loading=\"lazy\" decoding=\"async\" width=\"320\" height=\"320\" src=\"https:\/\/www.pelleterialasiberia.com\/es\/wp-content\/uploads\/sites\/4\/2014\/07\/vmlasiberia-silverfox-bag080.jpg\" class=\"attachment-large size-large\" alt=\"silverfox-bag-vmlasiberia\" aria-describedby=\"gallery-4-14251\" srcset=\"https:\/\/www.pelleterialasiberia.com\/es\/wp-content\/uploads\/sites\/4\/2014\/07\/vmlasiberia-silverfox-bag080.jpg 320w, https:\/\/www.pelleterialasiberia.com\/es\/wp-content\/uploads\/sites\/4\/2014\/07\/vmlasiberia-silverfox-bag080-150x150.jpg 150w, https:\/\/www.pelleterialasiberia.com\/es\/wp-content\/uploads\/sites\/4\/2014\/07\/vmlasiberia-silverfox-bag080-300x300.jpg 300w\" sizes=\"auto, (max-width: 320px) 100vw, 320px\" \/><\/a>\n\t\t\t\t<\/dt>\n\t\t\t\t\t<dd class='wp-caption-text gallery-caption' id='gallery-4-14251'>\n\t\t\t\t\tBolso renard argente i cuir\n\t\t\t\t\t<\/dd><\/dl><br style=\"clear: both\" \/>\n\t\t\t<\/div>\n\n\n\n\t\t\t<style type='text\/css'>\n\t\t\t\t#gallery-8 {\n\t\t\t\t\tmargin: auto;\n\t\t\t\t}\n\t\t\t\t#gallery-8 .gallery-item {\n\t\t\t\t\tfloat: left;\n\t\t\t\t\tmargin-top: 10px;\n\t\t\t\t\ttext-align: center;\n\t\t\t\t\twidth: 25%;\n\t\t\t\t}\n\t\t\t\t#gallery-8 img {\n\t\t\t\t\tborder: 2px solid #cfcfcf;\n\t\t\t\t}\n\t\t\t\t#gallery-8 .gallery-caption {\n\t\t\t\t\tmargin-left: 0;\n\t\t\t\t}\n\t\t\t\t\/* see gallery_shortcode() in wp-includes\/media.php *\/\n\t\t\t<\/style>\n\t\t<div id='gallery-8' class='dt-gallery-container gallery galleryid-13318 gallery-columns-4 gallery-size-medium'><dl class='gallery-item'>\n\t\t\t\t<dt class='gallery-icon portrait'>\n\t\t\t\t\t<a class=\"rollover\" href='https:\/\/www.pelleterialasiberia.com\/es\/whats-new\/vmlasiberia-punt-renard-verd-petate\/'><img loading=\"lazy\" decoding=\"async\" width=\"200\" height=\"300\" src=\"https:\/\/www.pelleterialasiberia.com\/es\/wp-content\/uploads\/sites\/4\/2014\/07\/vmlasiberia-punt-renard-verd-petate-200x300.jpg\" class=\"attachment-medium size-medium\" alt=\"peteate-pell-renard\" aria-describedby=\"gallery-8-14273\" srcset=\"https:\/\/www.pelleterialasiberia.com\/es\/wp-content\/uploads\/sites\/4\/2014\/07\/vmlasiberia-punt-renard-verd-petate-200x300.jpg 200w, https:\/\/www.pelleterialasiberia.com\/es\/wp-content\/uploads\/sites\/4\/2014\/07\/vmlasiberia-punt-renard-verd-petate-683x1024.jpg 683w, https:\/\/www.pelleterialasiberia.com\/es\/wp-content\/uploads\/sites\/4\/2014\/07\/vmlasiberia-punt-renard-verd-petate.jpg 533w\" sizes=\"auto, (max-width: 200px) 100vw, 200px\" \/><\/a>\n\t\t\t\t<\/dt>\n\t\t\t\t\t<dd class='wp-caption-text gallery-caption' id='gallery-8-14273'>\n\t\t\t\t\tBossa petate punt blau mar\u00e9 amb renard argent\u00e9 tirejat verd i tartan\n\t\t\t\t\t<\/dd><\/dl><dl class='gallery-item'>\n\t\t\t\t<dt class='gallery-icon landscape'>\n\t\t\t\t\t<a class=\"rollover\" href='https:\/\/www.pelleterialasiberia.com\/es\/whats-new\/vmlasiberia-poltre-marro-bossa\/'><img loading=\"lazy\" decoding=\"async\" width=\"300\" height=\"200\" src=\"https:\/\/www.pelleterialasiberia.com\/es\/wp-content\/uploads\/sites\/4\/2014\/07\/vmlasiberia-poltre-marro-bossa-300x200.jpg\" class=\"attachment-medium size-medium\" alt=\"\" aria-describedby=\"gallery-8-14262\" srcset=\"https:\/\/www.pelleterialasiberia.com\/es\/wp-content\/uploads\/sites\/4\/2014\/07\/vmlasiberia-poltre-marro-bossa-300x200.jpg 300w, https:\/\/www.pelleterialasiberia.com\/es\/wp-content\/uploads\/sites\/4\/2014\/07\/vmlasiberia-poltre-marro-bossa-1024x683.jpg 1024w, https:\/\/www.pelleterialasiberia.com\/es\/wp-content\/uploads\/sites\/4\/2014\/07\/vmlasiberia-poltre-marro-bossa.jpg 1200w\" sizes=\"auto, (max-width: 300px) 100vw, 300px\" \/><\/a>\n\t\t\t\t<\/dt>\n\t\t\t\t\t<dd class='wp-caption-text gallery-caption' id='gallery-8-14262'>\n\t\t\t\t\tBossa de poltre marr\u00f3\n\t\t\t\t\t<\/dd><\/dl><dl class='gallery-item'>\n\t\t\t\t<dt class='gallery-icon portrait'>\n\t\t\t\t\t<a class=\"rollover\" href='https:\/\/www.pelleterialasiberia.com\/es\/whats-new\/vmlasiberia-17-bag-lludria-2\/'><img loading=\"lazy\" decoding=\"async\" width=\"230\" height=\"300\" src=\"https:\/\/www.pelleterialasiberia.com\/es\/wp-content\/uploads\/sites\/4\/2014\/07\/vmlasiberia-17-bag-lludria-2-230x300.jpg\" class=\"attachment-medium size-medium\" alt=\"\" aria-describedby=\"gallery-8-14474\" srcset=\"https:\/\/www.pelleterialasiberia.com\/es\/wp-content\/uploads\/sites\/4\/2014\/07\/vmlasiberia-17-bag-lludria-2-230x300.jpg 230w, https:\/\/www.pelleterialasiberia.com\/es\/wp-content\/uploads\/sites\/4\/2014\/07\/vmlasiberia-17-bag-lludria-2-785x1024.jpg 785w, https:\/\/www.pelleterialasiberia.com\/es\/wp-content\/uploads\/sites\/4\/2014\/07\/vmlasiberia-17-bag-lludria-2.jpg 613w\" sizes=\"auto, (max-width: 230px) 100vw, 230px\" \/><\/a>\n\t\t\t\t<\/dt>\n\t\t\t\t\t<dd class='wp-caption-text gallery-caption' id='gallery-8-14474'>\n\t\t\t\t\tBossa castor marr\u00f3\n\t\t\t\t\t<\/dd><\/dl><dl class='gallery-item'>\n\t\t\t\t<dt class='gallery-icon portrait'>\n\t\t\t\t\t<a class=\"rollover\" href='https:\/\/www.pelleterialasiberia.com\/es\/whats-new\/vmlasiberia-17-bag-bandolera\/'><img loading=\"lazy\" decoding=\"async\" width=\"200\" height=\"300\" src=\"https:\/\/www.pelleterialasiberia.com\/es\/wp-content\/uploads\/sites\/4\/2014\/07\/vmlasiberia-17-bag-bandolera-200x300.jpg\" class=\"attachment-medium size-medium\" alt=\"\" aria-describedby=\"gallery-8-14471\" srcset=\"https:\/\/www.pelleterialasiberia.com\/es\/wp-content\/uploads\/sites\/4\/2014\/07\/vmlasiberia-17-bag-bandolera-200x300.jpg 200w, https:\/\/www.pelleterialasiberia.com\/es\/wp-content\/uploads\/sites\/4\/2014\/07\/vmlasiberia-17-bag-bandolera-682x1024.jpg 682w, https:\/\/www.pelleterialasiberia.com\/es\/wp-content\/uploads\/sites\/4\/2014\/07\/vmlasiberia-17-bag-bandolera.jpg 533w\" sizes=\"auto, (max-width: 200px) 100vw, 200px\" \/><\/a>\n\t\t\t\t<\/dt>\n\t\t\t\t\t<dd class='wp-caption-text gallery-caption' id='gallery-8-14471'>\n\t\t\t\t\tbandolera vis\u00f3\n\t\t\t\t\t<\/dd><\/dl><br style=\"clear: both\" \/><dl class='gallery-item'>\n\t\t\t\t<dt class='gallery-icon portrait'>\n\t\t\t\t\t<a class=\"rollover\" href='https:\/\/www.pelleterialasiberia.com\/es\/whats-new\/vmlasiberia-17-bag-mouton-blanc\/'><img loading=\"lazy\" decoding=\"async\" width=\"241\" height=\"300\" src=\"https:\/\/www.pelleterialasiberia.com\/es\/wp-content\/uploads\/sites\/4\/2014\/07\/vmlasiberia-17-bag-mouton-blanc-241x300.jpg\" class=\"attachment-medium size-medium\" alt=\"\" srcset=\"https:\/\/www.pelleterialasiberia.com\/es\/wp-content\/uploads\/sites\/4\/2014\/07\/vmlasiberia-17-bag-mouton-blanc-241x300.jpg 241w, https:\/\/www.pelleterialasiberia.com\/es\/wp-content\/uploads\/sites\/4\/2014\/07\/vmlasiberia-17-bag-mouton-blanc-824x1024.jpg 824w, https:\/\/www.pelleterialasiberia.com\/es\/wp-content\/uploads\/sites\/4\/2014\/07\/vmlasiberia-17-bag-mouton-blanc.jpg 643w\" sizes=\"auto, (max-width: 241px) 100vw, 241px\" \/><\/a>\n\t\t\t\t<\/dt><\/dl><dl class='gallery-item'>\n\t\t\t\t<dt class='gallery-icon portrait'>\n\t\t\t\t\t<a class=\"rollover\" href='https:\/\/www.pelleterialasiberia.com\/es\/whats-new\/vmlasiberia-17-bag-mouton-2\/'><img loading=\"lazy\" decoding=\"async\" width=\"236\" height=\"300\" src=\"https:\/\/www.pelleterialasiberia.com\/es\/wp-content\/uploads\/sites\/4\/2014\/07\/vmlasiberia-17-bag-mouton-2-236x300.jpg\" class=\"attachment-medium size-medium\" alt=\"\" srcset=\"https:\/\/www.pelleterialasiberia.com\/es\/wp-content\/uploads\/sites\/4\/2014\/07\/vmlasiberia-17-bag-mouton-2-236x300.jpg 236w, https:\/\/www.pelleterialasiberia.com\/es\/wp-content\/uploads\/sites\/4\/2014\/07\/vmlasiberia-17-bag-mouton-2-804x1024.jpg 804w, https:\/\/www.pelleterialasiberia.com\/es\/wp-content\/uploads\/sites\/4\/2014\/07\/vmlasiberia-17-bag-mouton-2.jpg 628w\" sizes=\"auto, (max-width: 236px) 100vw, 236px\" \/><\/a>\n\t\t\t\t<\/dt><\/dl><dl class='gallery-item'>\n\t\t\t\t<dt class='gallery-icon portrait'>\n\t\t\t\t\t<a class=\"rollover\" href='https:\/\/www.pelleterialasiberia.com\/es\/whats-new\/vmlasiberia-fox-pompom-red\/'><img loading=\"lazy\" decoding=\"async\" width=\"200\" height=\"300\" src=\"https:\/\/www.pelleterialasiberia.com\/es\/wp-content\/uploads\/sites\/4\/2014\/07\/vmlasiberia-fox-pompom-red-200x300.jpg\" class=\"attachment-medium size-medium\" alt=\"\" srcset=\"https:\/\/www.pelleterialasiberia.com\/es\/wp-content\/uploads\/sites\/4\/2014\/07\/vmlasiberia-fox-pompom-red-200x300.jpg 200w, https:\/\/www.pelleterialasiberia.com\/es\/wp-content\/uploads\/sites\/4\/2014\/07\/vmlasiberia-fox-pompom-red-683x1024.jpg 683w, https:\/\/www.pelleterialasiberia.com\/es\/wp-content\/uploads\/sites\/4\/2014\/07\/vmlasiberia-fox-pompom-red.jpg 533w\" sizes=\"auto, (max-width: 200px) 100vw, 200px\" \/><\/a>\n\t\t\t\t<\/dt><\/dl>\n\t\t\t\t<br style='clear: both' \/>\n\t\t\t<\/div>\n\n<p>[\/vc_column_text][\/vc_column][\/vc_row][vc_row][vc_column][vc_media_grid grid_id=\u00bbvc_gid:1726485811745-2fcc6c78-2de5-6&#8243;][\/vc_column][\/vc_row]<\/p>\n<\/div>","protected":false},"excerpt":{"rendered":"<p>[vc_row][vc_column][vc_column_text] Complementos de piel Colecci\u00f3n de complementos y accessorios de piel Con los complementos conseguimos que el look sea perfecto. Un buen complemento puede salvar tu look. Nosotros ofrecemos complementos confeccionados con piel y la posibilidad de hacer tu complemento personalizado y unico. Puedes escoger la piel, el estilo, el tipo de forro,..ya que disponemos&hellip;<\/p>\n","protected":false},"author":1,"featured_media":14716,"parent":0,"menu_order":0,"comment_status":"closed","ping_status":"closed","template":"","meta":{"footnotes":""},"class_list":["post-13318","page","type-page","status-publish","has-post-thumbnail","hentry","description-off"],"yoast_head":"<!-- This site is optimized with the Yoast SEO plugin v25.0 - https:\/\/yoast.com\/wordpress\/plugins\/seo\/ -->\n<title>Complementos de piel - Peleter\u00eda la Siberia<\/title>\n<meta name=\"description\" content=\"Complementos y accesorios de piel y peleter\u00eda. Bolsos, carteras, cinturones, guantes, estolas, bufandas, sombreros... Confecci\u00f3n a medida\" \/>\n<meta name=\"robots\" content=\"index, follow, max-snippet:-1, max-image-preview:large, max-video-preview:-1\" \/>\n<link rel=\"canonical\" href=\"https:\/\/www.pelleterialasiberia.com\/es\/complementos-de-piel\/\" \/>\n<meta property=\"og:locale\" content=\"es_ES\" \/>\n<meta property=\"og:type\" content=\"article\" \/>\n<meta property=\"og:title\" content=\"Complementos de piel - Peleter\u00eda la Siberia\" \/>\n<meta property=\"og:description\" content=\"Complementos y accesorios de piel y peleter\u00eda. Bolsos, carteras, cinturones, guantes, estolas, bufandas, sombreros... Confecci\u00f3n a medida\" \/>\n<meta property=\"og:url\" content=\"https:\/\/www.pelleterialasiberia.com\/es\/complementos-de-piel\/\" \/>\n<meta property=\"og:site_name\" content=\"Peleter\u00eda la Siberia\" \/>\n<meta property=\"article:modified_time\" content=\"2025-09-22T09:36:21+00:00\" \/>\n<meta name=\"twitter:card\" content=\"summary_large_image\" \/>\n<meta name=\"twitter:label1\" content=\"Tiempo de lectura\" \/>\n\t<meta name=\"twitter:data1\" content=\"1 minuto\" \/>\n<script type=\"application\/ld+json\" class=\"yoast-schema-graph\">{\"@context\":\"https:\/\/schema.org\",\"@graph\":[{\"@type\":\"WebPage\",\"@id\":\"https:\/\/www.pelleterialasiberia.com\/es\/complementos-de-piel\/\",\"url\":\"https:\/\/www.pelleterialasiberia.com\/es\/complementos-de-piel\/\",\"name\":\"Complementos de piel - Peleter\u00eda la Siberia\",\"isPartOf\":{\"@id\":\"https:\/\/www.pelleterialasiberia.com\/es\/#website\"},\"primaryImageOfPage\":{\"@id\":\"https:\/\/www.pelleterialasiberia.com\/es\/complementos-de-piel\/#primaryimage\"},\"image\":{\"@id\":\"https:\/\/www.pelleterialasiberia.com\/es\/complementos-de-piel\/#primaryimage\"},\"thumbnailUrl\":\"https:\/\/www.pelleterialasiberia.com\/es\/wp-content\/uploads\/sites\/4\/2024\/09\/202110lasiberia-mink-bag.jpg\",\"datePublished\":\"2014-07-23T00:03:54+00:00\",\"dateModified\":\"2025-09-22T09:36:21+00:00\",\"description\":\"Complementos y accesorios de piel y peleter\u00eda. Bolsos, carteras, cinturones, guantes, estolas, bufandas, sombreros... Confecci\u00f3n a medida\",\"breadcrumb\":{\"@id\":\"https:\/\/www.pelleterialasiberia.com\/es\/complementos-de-piel\/#breadcrumb\"},\"inLanguage\":\"es\",\"potentialAction\":[{\"@type\":\"ReadAction\",\"target\":[\"https:\/\/www.pelleterialasiberia.com\/es\/complementos-de-piel\/\"]}]},{\"@type\":\"ImageObject\",\"inLanguage\":\"es\",\"@id\":\"https:\/\/www.pelleterialasiberia.com\/es\/complementos-de-piel\/#primaryimage\",\"url\":\"https:\/\/www.pelleterialasiberia.com\/es\/wp-content\/uploads\/sites\/4\/2024\/09\/202110lasiberia-mink-bag.jpg\",\"contentUrl\":\"https:\/\/www.pelleterialasiberia.com\/es\/wp-content\/uploads\/sites\/4\/2024\/09\/202110lasiberia-mink-bag.jpg\",\"width\":800,\"height\":800},{\"@type\":\"BreadcrumbList\",\"@id\":\"https:\/\/www.pelleterialasiberia.com\/es\/complementos-de-piel\/#breadcrumb\",\"itemListElement\":[{\"@type\":\"ListItem\",\"position\":1,\"name\":\"Inici\",\"item\":\"https:\/\/www.pelleterialasiberia.com\/es\/\"},{\"@type\":\"ListItem\",\"position\":2,\"name\":\"Complementos de piel\"}]},{\"@type\":\"WebSite\",\"@id\":\"https:\/\/www.pelleterialasiberia.com\/es\/#website\",\"url\":\"https:\/\/www.pelleterialasiberia.com\/es\/\",\"name\":\"Peleter\u00eda la Siberia\",\"description\":\"PELLETERIA BARCELONA\",\"potentialAction\":[{\"@type\":\"SearchAction\",\"target\":{\"@type\":\"EntryPoint\",\"urlTemplate\":\"https:\/\/www.pelleterialasiberia.com\/es\/?s={search_term_string}\"},\"query-input\":{\"@type\":\"PropertyValueSpecification\",\"valueRequired\":true,\"valueName\":\"search_term_string\"}}],\"inLanguage\":\"es\"}]}<\/script>\n<!-- \/ Yoast SEO plugin. -->","yoast_head_json":{"title":"Complementos de piel - Peleter\u00eda la Siberia","description":"Complementos y accesorios de piel y peleter\u00eda. Bolsos, carteras, cinturones, guantes, estolas, bufandas, sombreros... Confecci\u00f3n a medida","robots":{"index":"index","follow":"follow","max-snippet":"max-snippet:-1","max-image-preview":"max-image-preview:large","max-video-preview":"max-video-preview:-1"},"canonical":"https:\/\/www.pelleterialasiberia.com\/es\/complementos-de-piel\/","og_locale":"es_ES","og_type":"article","og_title":"Complementos de piel - Peleter\u00eda la Siberia","og_description":"Complementos y accesorios de piel y peleter\u00eda. Bolsos, carteras, cinturones, guantes, estolas, bufandas, sombreros... Confecci\u00f3n a medida","og_url":"https:\/\/www.pelleterialasiberia.com\/es\/complementos-de-piel\/","og_site_name":"Peleter\u00eda la Siberia","article_modified_time":"2025-09-22T09:36:21+00:00","twitter_card":"summary_large_image","twitter_misc":{"Tiempo de lectura":"1 minuto"},"schema":{"@context":"https:\/\/schema.org","@graph":[{"@type":"WebPage","@id":"https:\/\/www.pelleterialasiberia.com\/es\/complementos-de-piel\/","url":"https:\/\/www.pelleterialasiberia.com\/es\/complementos-de-piel\/","name":"Complementos de piel - Peleter\u00eda la Siberia","isPartOf":{"@id":"https:\/\/www.pelleterialasiberia.com\/es\/#website"},"primaryImageOfPage":{"@id":"https:\/\/www.pelleterialasiberia.com\/es\/complementos-de-piel\/#primaryimage"},"image":{"@id":"https:\/\/www.pelleterialasiberia.com\/es\/complementos-de-piel\/#primaryimage"},"thumbnailUrl":"https:\/\/www.pelleterialasiberia.com\/es\/wp-content\/uploads\/sites\/4\/2024\/09\/202110lasiberia-mink-bag.jpg","datePublished":"2014-07-23T00:03:54+00:00","dateModified":"2025-09-22T09:36:21+00:00","description":"Complementos y accesorios de piel y peleter\u00eda. Bolsos, carteras, cinturones, guantes, estolas, bufandas, sombreros... Confecci\u00f3n a medida","breadcrumb":{"@id":"https:\/\/www.pelleterialasiberia.com\/es\/complementos-de-piel\/#breadcrumb"},"inLanguage":"es","potentialAction":[{"@type":"ReadAction","target":["https:\/\/www.pelleterialasiberia.com\/es\/complementos-de-piel\/"]}]},{"@type":"ImageObject","inLanguage":"es","@id":"https:\/\/www.pelleterialasiberia.com\/es\/complementos-de-piel\/#primaryimage","url":"https:\/\/www.pelleterialasiberia.com\/es\/wp-content\/uploads\/sites\/4\/2024\/09\/202110lasiberia-mink-bag.jpg","contentUrl":"https:\/\/www.pelleterialasiberia.com\/es\/wp-content\/uploads\/sites\/4\/2024\/09\/202110lasiberia-mink-bag.jpg","width":800,"height":800},{"@type":"BreadcrumbList","@id":"https:\/\/www.pelleterialasiberia.com\/es\/complementos-de-piel\/#breadcrumb","itemListElement":[{"@type":"ListItem","position":1,"name":"Inici","item":"https:\/\/www.pelleterialasiberia.com\/es\/"},{"@type":"ListItem","position":2,"name":"Complementos de piel"}]},{"@type":"WebSite","@id":"https:\/\/www.pelleterialasiberia.com\/es\/#website","url":"https:\/\/www.pelleterialasiberia.com\/es\/","name":"Peleter\u00eda la Siberia","description":"PELLETERIA BARCELONA","potentialAction":[{"@type":"SearchAction","target":{"@type":"EntryPoint","urlTemplate":"https:\/\/www.pelleterialasiberia.com\/es\/?s={search_term_string}"},"query-input":{"@type":"PropertyValueSpecification","valueRequired":true,"valueName":"search_term_string"}}],"inLanguage":"es"}]}},"_links":{"self":[{"href":"https:\/\/www.pelleterialasiberia.com\/es\/wp-json\/wp\/v2\/pages\/13318","targetHints":{"allow":["GET"]}}],"collection":[{"href":"https:\/\/www.pelleterialasiberia.com\/es\/wp-json\/wp\/v2\/pages"}],"about":[{"href":"https:\/\/www.pelleterialasiberia.com\/es\/wp-json\/wp\/v2\/types\/page"}],"author":[{"embeddable":true,"href":"https:\/\/www.pelleterialasiberia.com\/es\/wp-json\/wp\/v2\/users\/1"}],"replies":[{"embeddable":true,"href":"https:\/\/www.pelleterialasiberia.com\/es\/wp-json\/wp\/v2\/comments?post=13318"}],"version-history":[{"count":23,"href":"https:\/\/www.pelleterialasiberia.com\/es\/wp-json\/wp\/v2\/pages\/13318\/revisions"}],"predecessor-version":[{"id":14717,"href":"https:\/\/www.pelleterialasiberia.com\/es\/wp-json\/wp\/v2\/pages\/13318\/revisions\/14717"}],"wp:featuredmedia":[{"embeddable":true,"href":"https:\/\/www.pelleterialasiberia.com\/es\/wp-json\/wp\/v2\/media\/14716"}],"wp:attachment":[{"href":"https:\/\/www.pelleterialasiberia.com\/es\/wp-json\/wp\/v2\/media?parent=13318"}],"curies":[{"name":"wp","href":"https:\/\/api.w.org\/{rel}","templated":true}]}}