{"id":13312,"date":"2014-07-22T23:58:04","date_gmt":"2014-07-22T23:58:04","guid":{"rendered":"http:\/\/www.pelleterialasiberia.com\/?page_id=13312"},"modified":"2025-09-22T11:47:12","modified_gmt":"2025-09-22T09:47:12","slug":"whats-new","status":"publish","type":"page","link":"https:\/\/www.pelleterialasiberia.com\/es\/whats-new\/","title":{"rendered":"What&#8217;s new"},"content":{"rendered":"<div class=\"wpb-content-wrapper\"><p>[vc_row][vc_column][vc_column_text]<\/p>\n<h4 style=\"text-align: center;\">What&#8217;s new<\/h4>\n<h3 style=\"text-align: center;\">Barcelona leather and fur fashion<\/h3>\n\n<p>&nbsp;<\/p>\n<h3><\/h3>\n<h3>Sheepskin shearling<\/h3>\n<p>.<\/p>\n\n\n<h3>Mink and fox<\/h3>\n<p>&nbsp;<\/p>\n<p>&nbsp;<\/p>\n<p><img loading=\"lazy\" decoding=\"async\" class=\"aligncenter size-full wp-image-15138\" src=\"http:\/\/www.pelleterialasiberia.com\/wp-content\/uploads\/2020\/10\/LASIBERIA-G-NEGRE-2.jpg\" alt=\"\" width=\"1068\" height=\"800\" \/><\/p>\n\n<p>&nbsp;<\/p>\n<h3>Barcelona Fur Fashion: all kind of coats<\/h3>\n<p>&nbsp;<\/p>\n<p>&nbsp;<\/p>\n<p><img loading=\"lazy\" decoding=\"async\" class=\"aligncenter size-full wp-image-15116\" src=\"http:\/\/www.pelleterialasiberia.com\/wp-content\/uploads\/2020\/10\/lasiberia-rex-colors-2.jpg\" alt=\"\" width=\"1120\" height=\"800\" \/><\/p>\n\n<p>&nbsp;<\/p>\n<h3><\/h3>\n<h3>Fur and cashmere style<\/h3>\n<p>&nbsp;<\/p>\n<p>&nbsp;<\/p>\n<p><img loading=\"lazy\" decoding=\"async\" class=\"aligncenter size-full wp-image-15113\" src=\"http:\/\/www.pelleterialasiberia.com\/wp-content\/uploads\/2020\/10\/lasiberia-llana-mouton.jpg\" alt=\"\" width=\"1068\" height=\"800\" \/><\/p>\n\n<p>&nbsp;<\/p>\n<p>&nbsp;<\/p>\n<h3><\/h3>\n<h3>Rain coats with fur<\/h3>\n<p>&nbsp;<\/p>\n<p>&nbsp;<\/p>\n<p><img loading=\"lazy\" decoding=\"async\" class=\"aligncenter size-full wp-image-14935\" src=\"http:\/\/www.pelleterialasiberia.com\/wp-content\/uploads\/2019\/09\/VMLASIBERIA-BOMBER.jpg\" alt=\"\" width=\"800\" height=\"800\" \/><\/p>\n<p>&nbsp;<\/p>\n\n<p>&nbsp;<\/p>\n<p><img loading=\"lazy\" decoding=\"async\" class=\"aligncenter size-full wp-image-15154\" src=\"http:\/\/www.pelleterialasiberia.com\/wp-content\/uploads\/2020\/10\/LASIBERIA-TEXTIL-G-4.jpg\" alt=\"\" width=\"1068\" height=\"800\" \/><\/p>\n<p>&nbsp;<\/p>\n\n<p>&nbsp;<\/p>\n<h3><img loading=\"lazy\" decoding=\"async\" class=\"aligncenter size-full wp-image-15149\" src=\"http:\/\/www.pelleterialasiberia.com\/wp-content\/uploads\/2020\/10\/LASIBERIA-TEXTIL-CONILL-NEGRE.jpg\" alt=\"\" width=\"599\" height=\"800\" \/><\/h3>\n<p>&nbsp;<\/p>\n<h3>Barcelona fur and leather fashion also for men<\/h3>\n<p>&nbsp;<\/p>\n<div id=\"attachment_14986\" style=\"width: 609px\" class=\"wp-caption aligncenter\"><img loading=\"lazy\" decoding=\"async\" aria-describedby=\"caption-attachment-14986\" class=\"wp-image-14986 size-full\" title=\"Moda home pell Barcelona\" src=\"http:\/\/www.pelleterialasiberia.com\/wp-content\/uploads\/2019\/10\/LASIBERIA-DOUBLEFACE-H-NEGRE.jpg\" alt=\"Jaqueta pell bomber\" width=\"599\" height=\"800\" \/><p id=\"caption-attachment-14986\" class=\"wp-caption-text\">Jaqueta d&#8217;home bomber de double-face negre<\/p><\/div>\n<p>&nbsp;<\/p>\n\n\n<h3><\/h3>\n<h3 style=\"text-align: left;\">Leather collection<\/h3>\n\n\n\n\n\n<p>[\/vc_column_text][\/vc_column][\/vc_row]<\/p>\n<\/div>","protected":false},"excerpt":{"rendered":"<p>[vc_row][vc_column][vc_column_text] What&#8217;s new Barcelona leather and fur fashion &nbsp; Sheepskin shearling . Mink and fox &nbsp; &nbsp; &nbsp; Barcelona Fur Fashion: all kind of coats &nbsp; &nbsp; &nbsp; Fur and cashmere style &nbsp; &nbsp; &nbsp; &nbsp; Rain coats with fur &nbsp; &nbsp; &nbsp; &nbsp; &nbsp; &nbsp; &nbsp; Barcelona fur and leather fashion also for men&hellip;<\/p>\n","protected":false},"author":1,"featured_media":0,"parent":0,"menu_order":0,"comment_status":"closed","ping_status":"closed","template":"","meta":{"footnotes":""},"class_list":["post-13312","page","type-page","status-publish","hentry","description-off"],"yoast_head":"<!-- This site is optimized with the Yoast SEO plugin v25.0 - https:\/\/yoast.com\/wordpress\/plugins\/seo\/ -->\n<title>What&#039;s new - Peleter\u00eda la Siberia<\/title>\n<meta name=\"description\" content=\"Piel dise\u00f1ada y cofeccionada en Barcelona. Colecci\u00f3n de todo tipo de prendas y complementos de piel y ante. Para mujer y caballero. Confecci\u00f3n a medida\" \/>\n<meta name=\"robots\" content=\"index, follow, max-snippet:-1, max-image-preview:large, max-video-preview:-1\" \/>\n<link rel=\"canonical\" href=\"https:\/\/www.pelleterialasiberia.com\/es\/whats-new\/\" \/>\n<meta property=\"og:locale\" content=\"es_ES\" \/>\n<meta property=\"og:type\" content=\"article\" \/>\n<meta property=\"og:title\" content=\"What&#039;s new - Peleter\u00eda la Siberia\" \/>\n<meta property=\"og:description\" content=\"Piel dise\u00f1ada y cofeccionada en Barcelona. Colecci\u00f3n de todo tipo de prendas y complementos de piel y ante. Para mujer y caballero. Confecci\u00f3n a medida\" \/>\n<meta property=\"og:url\" content=\"https:\/\/www.pelleterialasiberia.com\/es\/whats-new\/\" \/>\n<meta property=\"og:site_name\" content=\"Peleter\u00eda la Siberia\" \/>\n<meta property=\"article:modified_time\" content=\"2025-09-22T09:47:12+00:00\" \/>\n<meta property=\"og:image\" content=\"http:\/\/www.pelleterialasiberia.com\/wp-content\/uploads\/2020\/10\/LASIBERIA-G-NEGRE-2.jpg\" \/>\n<meta name=\"twitter:card\" content=\"summary_large_image\" \/>\n<meta name=\"twitter:label1\" content=\"Tiempo de lectura\" \/>\n\t<meta name=\"twitter:data1\" content=\"1 minuto\" \/>\n<script type=\"application\/ld+json\" class=\"yoast-schema-graph\">{\"@context\":\"https:\/\/schema.org\",\"@graph\":[{\"@type\":\"WebPage\",\"@id\":\"https:\/\/www.pelleterialasiberia.com\/es\/whats-new\/\",\"url\":\"https:\/\/www.pelleterialasiberia.com\/es\/whats-new\/\",\"name\":\"What's new - Peleter\u00eda la Siberia\",\"isPartOf\":{\"@id\":\"https:\/\/www.pelleterialasiberia.com\/es\/#website\"},\"primaryImageOfPage\":{\"@id\":\"https:\/\/www.pelleterialasiberia.com\/es\/whats-new\/#primaryimage\"},\"image\":{\"@id\":\"https:\/\/www.pelleterialasiberia.com\/es\/whats-new\/#primaryimage\"},\"thumbnailUrl\":\"http:\/\/www.pelleterialasiberia.com\/wp-content\/uploads\/2020\/10\/LASIBERIA-G-NEGRE-2.jpg\",\"datePublished\":\"2014-07-22T23:58:04+00:00\",\"dateModified\":\"2025-09-22T09:47:12+00:00\",\"description\":\"Piel dise\u00f1ada y cofeccionada en Barcelona. Colecci\u00f3n de todo tipo de prendas y complementos de piel y ante. Para mujer y caballero. Confecci\u00f3n a medida\",\"breadcrumb\":{\"@id\":\"https:\/\/www.pelleterialasiberia.com\/es\/whats-new\/#breadcrumb\"},\"inLanguage\":\"es\",\"potentialAction\":[{\"@type\":\"ReadAction\",\"target\":[\"https:\/\/www.pelleterialasiberia.com\/es\/whats-new\/\"]}]},{\"@type\":\"ImageObject\",\"inLanguage\":\"es\",\"@id\":\"https:\/\/www.pelleterialasiberia.com\/es\/whats-new\/#primaryimage\",\"url\":\"http:\/\/www.pelleterialasiberia.com\/wp-content\/uploads\/2020\/10\/LASIBERIA-G-NEGRE-2.jpg\",\"contentUrl\":\"http:\/\/www.pelleterialasiberia.com\/wp-content\/uploads\/2020\/10\/LASIBERIA-G-NEGRE-2.jpg\"},{\"@type\":\"BreadcrumbList\",\"@id\":\"https:\/\/www.pelleterialasiberia.com\/es\/whats-new\/#breadcrumb\",\"itemListElement\":[{\"@type\":\"ListItem\",\"position\":1,\"name\":\"Inici\",\"item\":\"https:\/\/www.pelleterialasiberia.com\/es\/\"},{\"@type\":\"ListItem\",\"position\":2,\"name\":\"What&#8217;s new\"}]},{\"@type\":\"WebSite\",\"@id\":\"https:\/\/www.pelleterialasiberia.com\/es\/#website\",\"url\":\"https:\/\/www.pelleterialasiberia.com\/es\/\",\"name\":\"Peleter\u00eda la Siberia\",\"description\":\"PELLETERIA BARCELONA\",\"potentialAction\":[{\"@type\":\"SearchAction\",\"target\":{\"@type\":\"EntryPoint\",\"urlTemplate\":\"https:\/\/www.pelleterialasiberia.com\/es\/?s={search_term_string}\"},\"query-input\":{\"@type\":\"PropertyValueSpecification\",\"valueRequired\":true,\"valueName\":\"search_term_string\"}}],\"inLanguage\":\"es\"}]}<\/script>\n<!-- \/ Yoast SEO plugin. -->","yoast_head_json":{"title":"What's new - Peleter\u00eda la Siberia","description":"Piel dise\u00f1ada y cofeccionada en Barcelona. Colecci\u00f3n de todo tipo de prendas y complementos de piel y ante. Para mujer y caballero. Confecci\u00f3n a medida","robots":{"index":"index","follow":"follow","max-snippet":"max-snippet:-1","max-image-preview":"max-image-preview:large","max-video-preview":"max-video-preview:-1"},"canonical":"https:\/\/www.pelleterialasiberia.com\/es\/whats-new\/","og_locale":"es_ES","og_type":"article","og_title":"What's new - Peleter\u00eda la Siberia","og_description":"Piel dise\u00f1ada y cofeccionada en Barcelona. Colecci\u00f3n de todo tipo de prendas y complementos de piel y ante. Para mujer y caballero. Confecci\u00f3n a medida","og_url":"https:\/\/www.pelleterialasiberia.com\/es\/whats-new\/","og_site_name":"Peleter\u00eda la Siberia","article_modified_time":"2025-09-22T09:47:12+00:00","og_image":[{"url":"http:\/\/www.pelleterialasiberia.com\/wp-content\/uploads\/2020\/10\/LASIBERIA-G-NEGRE-2.jpg","type":"","width":"","height":""}],"twitter_card":"summary_large_image","twitter_misc":{"Tiempo de lectura":"1 minuto"},"schema":{"@context":"https:\/\/schema.org","@graph":[{"@type":"WebPage","@id":"https:\/\/www.pelleterialasiberia.com\/es\/whats-new\/","url":"https:\/\/www.pelleterialasiberia.com\/es\/whats-new\/","name":"What's new - Peleter\u00eda la Siberia","isPartOf":{"@id":"https:\/\/www.pelleterialasiberia.com\/es\/#website"},"primaryImageOfPage":{"@id":"https:\/\/www.pelleterialasiberia.com\/es\/whats-new\/#primaryimage"},"image":{"@id":"https:\/\/www.pelleterialasiberia.com\/es\/whats-new\/#primaryimage"},"thumbnailUrl":"http:\/\/www.pelleterialasiberia.com\/wp-content\/uploads\/2020\/10\/LASIBERIA-G-NEGRE-2.jpg","datePublished":"2014-07-22T23:58:04+00:00","dateModified":"2025-09-22T09:47:12+00:00","description":"Piel dise\u00f1ada y cofeccionada en Barcelona. Colecci\u00f3n de todo tipo de prendas y complementos de piel y ante. Para mujer y caballero. Confecci\u00f3n a medida","breadcrumb":{"@id":"https:\/\/www.pelleterialasiberia.com\/es\/whats-new\/#breadcrumb"},"inLanguage":"es","potentialAction":[{"@type":"ReadAction","target":["https:\/\/www.pelleterialasiberia.com\/es\/whats-new\/"]}]},{"@type":"ImageObject","inLanguage":"es","@id":"https:\/\/www.pelleterialasiberia.com\/es\/whats-new\/#primaryimage","url":"http:\/\/www.pelleterialasiberia.com\/wp-content\/uploads\/2020\/10\/LASIBERIA-G-NEGRE-2.jpg","contentUrl":"http:\/\/www.pelleterialasiberia.com\/wp-content\/uploads\/2020\/10\/LASIBERIA-G-NEGRE-2.jpg"},{"@type":"BreadcrumbList","@id":"https:\/\/www.pelleterialasiberia.com\/es\/whats-new\/#breadcrumb","itemListElement":[{"@type":"ListItem","position":1,"name":"Inici","item":"https:\/\/www.pelleterialasiberia.com\/es\/"},{"@type":"ListItem","position":2,"name":"What&#8217;s new"}]},{"@type":"WebSite","@id":"https:\/\/www.pelleterialasiberia.com\/es\/#website","url":"https:\/\/www.pelleterialasiberia.com\/es\/","name":"Peleter\u00eda la Siberia","description":"PELLETERIA BARCELONA","potentialAction":[{"@type":"SearchAction","target":{"@type":"EntryPoint","urlTemplate":"https:\/\/www.pelleterialasiberia.com\/es\/?s={search_term_string}"},"query-input":{"@type":"PropertyValueSpecification","valueRequired":true,"valueName":"search_term_string"}}],"inLanguage":"es"}]}},"_links":{"self":[{"href":"https:\/\/www.pelleterialasiberia.com\/es\/wp-json\/wp\/v2\/pages\/13312","targetHints":{"allow":["GET"]}}],"collection":[{"href":"https:\/\/www.pelleterialasiberia.com\/es\/wp-json\/wp\/v2\/pages"}],"about":[{"href":"https:\/\/www.pelleterialasiberia.com\/es\/wp-json\/wp\/v2\/types\/page"}],"author":[{"embeddable":true,"href":"https:\/\/www.pelleterialasiberia.com\/es\/wp-json\/wp\/v2\/users\/1"}],"replies":[{"embeddable":true,"href":"https:\/\/www.pelleterialasiberia.com\/es\/wp-json\/wp\/v2\/comments?post=13312"}],"version-history":[{"count":94,"href":"https:\/\/www.pelleterialasiberia.com\/es\/wp-json\/wp\/v2\/pages\/13312\/revisions"}],"predecessor-version":[{"id":14709,"href":"https:\/\/www.pelleterialasiberia.com\/es\/wp-json\/wp\/v2\/pages\/13312\/revisions\/14709"}],"wp:attachment":[{"href":"https:\/\/www.pelleterialasiberia.com\/es\/wp-json\/wp\/v2\/media?parent=13312"}],"curies":[{"name":"wp","href":"https:\/\/api.w.org\/{rel}","templated":true}]}}