{"id":14550,"date":"2017-05-17T19:57:21","date_gmt":"2017-05-17T17:57:21","guid":{"rendered":"http:\/\/www.pelleterialasiberia.com\/?page_id=14550"},"modified":"2022-10-15T11:47:25","modified_gmt":"2022-10-15T09:47:25","slug":"why-natural-skin","status":"publish","type":"page","link":"https:\/\/www.pelleterialasiberia.com\/en\/why-natural-skin\/","title":{"rendered":"Why natural skin?"},"content":{"rendered":"<p>The skin is NATURAL.<\/p>\n<p>The skin is a natural, renewable resource. It is the oldest material known to man and is the one that housed our ancestors.<\/p>\n<p>The skin used has two origins; Livestock and the management of abundant species to control wildlife.<\/p>\n<p>Farms breed domestic animals in accordance with the strict existing regulations to preserve maximum animal welfare. The animals raised in these farms are the rabbit, the mink, the fox and the chinchilla. Farm animals feed on waste and by-products from other agricultural industries, thus avoiding the environment being damaged. Other used animals, such as lamb, in all its versions and origins, usually come from flocks and the skin is a spare material that is recycled through the pellet industry.<\/p>\n<p>The making of leather garments is still a very handcrafted trade that is often transmitted from generation to generation. It is a trade that creates more than one million qualified jobs around the world.<\/p>\n<p>La pell \u00e9s <strong>\u00c8TICA<\/strong><\/p>\n<p>Aquest tema\u00a0\u00e9s prioritari \u00a0per la Federaci\u00f3 Internacional de pelleteria i tots els membres de la ind\u00fastria pelletera internacional. Cada vegada avancem m\u00e9s sobre aquest tema i per aix\u00f3 la industria pelletera \u00e9s cada vegada m\u00e9s transparent. Actualment ja hi ha molts pa\u00efsos que operen sota la pol\u00edtica de granja oberta.<\/p>\n<p>Per qualsevol dubte sobre les pol\u00edtiques i les pr\u00e0ctiques de benestar animal es poden posar en contacte amb info@iftf.com.<\/p>\n<p>La pell \u00e9s<strong> SOSTENIBLE<\/strong><\/p>\n<p>La pell \u00e9s una opci\u00f3 conscient per respecar el Medi ambient.<\/p>\n<p>L&#8217;impacte ambiental de la pell natural, si el comparem amb la pell artificial, \u00e9s molt m\u00e9s petit. Un estudi fet per a la DSS Management Consultans Inc aix\u00ed ho demostra.<\/p>\n<p>El terme pell ecologica, per referir-se a la pell artificial \u00e9s del tot equivocat. <strong>La pell ecol\u00f2gica \u00a0\u00e9s la natural.<\/strong><\/p>\n<p>La pell natural \u00e9s biodegradable, contrariament a l&#8217;\u00a0artificial que no deixa de ser pl\u00e0stic.<\/p>\n<p>Les peces de pell s\u00f3n uniques i duren molt temps. Sovint passen de mares a filles. Les peces de pell es poden <strong>reutilitzar, reciclar<\/strong>. Es modernitzen, es tranformen.<\/p>\n<p>La pell \u00e9s<strong>\u00a0BONICA<\/strong><\/p>\n<p>Actualment la pell llueix amb una llum diferent.<\/p>\n<p>Les noves tecniques per tractar la pell permeten dissenys innovadors que la barregen amb tot tipus de materials, llanes, cuirs, sedes&#8230;Les possibilitats s\u00f3n inmenses .<\/p>\n<p>Cal tenir en compte que els dissenys amb pell no s\u00f3n nom\u00e9s per les dones, els homes han entrat amb for\u00e7a dins d&#8217;aquest m\u00f3n.<\/p>\n<p>La pell est\u00e0 lluny d&#8217;estar passada de moda. \u00c9s contempor\u00e0nia, est\u00e0 a l&#8217;avanguarda de la moda i s&#8217;est\u00e0 utilitzant m\u00e9s que mai. La majoria de dissenyadors que presenten col.leccions en les pasarel.les de moda internacional estan utilitzant \u00a0pell.<\/p>\n<p>&nbsp;<\/p>\n","protected":false},"excerpt":{"rendered":"<p>The skin is NATURAL. The skin is a natural, renewable resource. It is the oldest material known to man and is the one that housed our ancestors. The skin used has two origins; Livestock and the management of abundant species to control wildlife. Farms breed domestic animals in accordance with the strict existing regulations to&hellip;<\/p>\n","protected":false},"author":2,"featured_media":0,"parent":0,"menu_order":0,"comment_status":"open","ping_status":"open","template":"","meta":{"footnotes":""},"class_list":["post-14550","page","type-page","status-publish","hentry","description-off"],"yoast_head":"<!-- This site is optimized with the Yoast SEO plugin v25.0 - https:\/\/yoast.com\/wordpress\/plugins\/seo\/ -->\n<title>Why natural skin? - La Siberia Fur shop<\/title>\n<meta name=\"robots\" content=\"index, follow, max-snippet:-1, max-image-preview:large, max-video-preview:-1\" \/>\n<link rel=\"canonical\" href=\"https:\/\/www.pelleterialasiberia.com\/en\/why-natural-skin\/\" \/>\n<meta property=\"og:locale\" content=\"ca_ES\" \/>\n<meta property=\"og:type\" content=\"article\" \/>\n<meta property=\"og:title\" content=\"Why natural skin? - La Siberia Fur shop\" \/>\n<meta property=\"og:description\" content=\"The skin is NATURAL. The skin is a natural, renewable resource. It is the oldest material known to man and is the one that housed our ancestors. The skin used has two origins; Livestock and the management of abundant species to control wildlife. Farms breed domestic animals in accordance with the strict existing regulations to&hellip;\" \/>\n<meta property=\"og:url\" content=\"https:\/\/www.pelleterialasiberia.com\/en\/why-natural-skin\/\" \/>\n<meta property=\"og:site_name\" content=\"La Siberia Fur shop\" \/>\n<meta property=\"article:modified_time\" content=\"2022-10-15T09:47:25+00:00\" \/>\n<meta name=\"twitter:card\" content=\"summary_large_image\" \/>\n<meta name=\"twitter:label1\" content=\"Temps estimat de lectura\" \/>\n\t<meta name=\"twitter:data1\" content=\"2 minuts\" \/>\n<script type=\"application\/ld+json\" class=\"yoast-schema-graph\">{\"@context\":\"https:\/\/schema.org\",\"@graph\":[{\"@type\":\"WebPage\",\"@id\":\"https:\/\/www.pelleterialasiberia.com\/en\/why-natural-skin\/\",\"url\":\"https:\/\/www.pelleterialasiberia.com\/en\/why-natural-skin\/\",\"name\":\"Why natural skin? - La Siberia Fur shop\",\"isPartOf\":{\"@id\":\"https:\/\/www.pelleterialasiberia.com\/en\/#website\"},\"datePublished\":\"2017-05-17T17:57:21+00:00\",\"dateModified\":\"2022-10-15T09:47:25+00:00\",\"breadcrumb\":{\"@id\":\"https:\/\/www.pelleterialasiberia.com\/en\/why-natural-skin\/#breadcrumb\"},\"inLanguage\":\"ca\",\"potentialAction\":[{\"@type\":\"ReadAction\",\"target\":[\"https:\/\/www.pelleterialasiberia.com\/en\/why-natural-skin\/\"]}]},{\"@type\":\"BreadcrumbList\",\"@id\":\"https:\/\/www.pelleterialasiberia.com\/en\/why-natural-skin\/#breadcrumb\",\"itemListElement\":[{\"@type\":\"ListItem\",\"position\":1,\"name\":\"Inici\",\"item\":\"https:\/\/www.pelleterialasiberia.com\/en\/\"},{\"@type\":\"ListItem\",\"position\":2,\"name\":\"Why natural skin?\"}]},{\"@type\":\"WebSite\",\"@id\":\"https:\/\/www.pelleterialasiberia.com\/en\/#website\",\"url\":\"https:\/\/www.pelleterialasiberia.com\/en\/\",\"name\":\"La Siberia Fur shop\",\"description\":\"PELLETERIA BARCELONA\",\"potentialAction\":[{\"@type\":\"SearchAction\",\"target\":{\"@type\":\"EntryPoint\",\"urlTemplate\":\"https:\/\/www.pelleterialasiberia.com\/en\/?s={search_term_string}\"},\"query-input\":{\"@type\":\"PropertyValueSpecification\",\"valueRequired\":true,\"valueName\":\"search_term_string\"}}],\"inLanguage\":\"ca\"}]}<\/script>\n<!-- \/ Yoast SEO plugin. -->","yoast_head_json":{"title":"Why natural skin? - La Siberia Fur shop","robots":{"index":"index","follow":"follow","max-snippet":"max-snippet:-1","max-image-preview":"max-image-preview:large","max-video-preview":"max-video-preview:-1"},"canonical":"https:\/\/www.pelleterialasiberia.com\/en\/why-natural-skin\/","og_locale":"ca_ES","og_type":"article","og_title":"Why natural skin? - La Siberia Fur shop","og_description":"The skin is NATURAL. The skin is a natural, renewable resource. It is the oldest material known to man and is the one that housed our ancestors. The skin used has two origins; Livestock and the management of abundant species to control wildlife. Farms breed domestic animals in accordance with the strict existing regulations to&hellip;","og_url":"https:\/\/www.pelleterialasiberia.com\/en\/why-natural-skin\/","og_site_name":"La Siberia Fur shop","article_modified_time":"2022-10-15T09:47:25+00:00","twitter_card":"summary_large_image","twitter_misc":{"Temps estimat de lectura":"2 minuts"},"schema":{"@context":"https:\/\/schema.org","@graph":[{"@type":"WebPage","@id":"https:\/\/www.pelleterialasiberia.com\/en\/why-natural-skin\/","url":"https:\/\/www.pelleterialasiberia.com\/en\/why-natural-skin\/","name":"Why natural skin? - La Siberia Fur shop","isPartOf":{"@id":"https:\/\/www.pelleterialasiberia.com\/en\/#website"},"datePublished":"2017-05-17T17:57:21+00:00","dateModified":"2022-10-15T09:47:25+00:00","breadcrumb":{"@id":"https:\/\/www.pelleterialasiberia.com\/en\/why-natural-skin\/#breadcrumb"},"inLanguage":"ca","potentialAction":[{"@type":"ReadAction","target":["https:\/\/www.pelleterialasiberia.com\/en\/why-natural-skin\/"]}]},{"@type":"BreadcrumbList","@id":"https:\/\/www.pelleterialasiberia.com\/en\/why-natural-skin\/#breadcrumb","itemListElement":[{"@type":"ListItem","position":1,"name":"Inici","item":"https:\/\/www.pelleterialasiberia.com\/en\/"},{"@type":"ListItem","position":2,"name":"Why natural skin?"}]},{"@type":"WebSite","@id":"https:\/\/www.pelleterialasiberia.com\/en\/#website","url":"https:\/\/www.pelleterialasiberia.com\/en\/","name":"La Siberia Fur shop","description":"PELLETERIA BARCELONA","potentialAction":[{"@type":"SearchAction","target":{"@type":"EntryPoint","urlTemplate":"https:\/\/www.pelleterialasiberia.com\/en\/?s={search_term_string}"},"query-input":{"@type":"PropertyValueSpecification","valueRequired":true,"valueName":"search_term_string"}}],"inLanguage":"ca"}]}},"_links":{"self":[{"href":"https:\/\/www.pelleterialasiberia.com\/en\/wp-json\/wp\/v2\/pages\/14550","targetHints":{"allow":["GET"]}}],"collection":[{"href":"https:\/\/www.pelleterialasiberia.com\/en\/wp-json\/wp\/v2\/pages"}],"about":[{"href":"https:\/\/www.pelleterialasiberia.com\/en\/wp-json\/wp\/v2\/types\/page"}],"author":[{"embeddable":true,"href":"https:\/\/www.pelleterialasiberia.com\/en\/wp-json\/wp\/v2\/users\/2"}],"replies":[{"embeddable":true,"href":"https:\/\/www.pelleterialasiberia.com\/en\/wp-json\/wp\/v2\/comments?post=14550"}],"version-history":[{"count":6,"href":"https:\/\/www.pelleterialasiberia.com\/en\/wp-json\/wp\/v2\/pages\/14550\/revisions"}],"predecessor-version":[{"id":14625,"href":"https:\/\/www.pelleterialasiberia.com\/en\/wp-json\/wp\/v2\/pages\/14550\/revisions\/14625"}],"wp:attachment":[{"href":"https:\/\/www.pelleterialasiberia.com\/en\/wp-json\/wp\/v2\/media?parent=14550"}],"curies":[{"name":"wp","href":"https:\/\/api.w.org\/{rel}","templated":true}]}}