{"id":13332,"date":"2014-07-23T00:08:47","date_gmt":"2014-07-23T00:08:47","guid":{"rendered":"http:\/\/www.pelleterialasiberia.com\/?page_id=13332"},"modified":"2024-07-04T19:30:47","modified_gmt":"2024-07-04T17:30:47","slug":"transformation-update","status":"publish","type":"page","link":"https:\/\/www.pelleterialasiberia.com\/en\/transformation-update\/","title":{"rendered":"Transformation \/ update"},"content":{"rendered":"<div class=\"wpb-content-wrapper\"><p>[vc_row][vc_column][vc_column_text]There are objects that are part of our life, of our essence. This also happens with the skin pieces. When we get up, we evoke memories of unforgettable moments in our lives. However fashion changes, and we stop using them.<\/p>\n<p>That is why, in Siberia, we offer you our fish upgrade service.<\/p>\n<p>The team of professionals in our workshops will make this piece, which we no longer carry, transform into another totally modern and portable. We can also transform it into a plaid for the sofa, a stole, a hat &#8230;<\/p>\n<p>It should be remembered that the skin pieces are sustainable, reusable and biodegradable.<\/p>\n<p>In the hands of our consultants, your favorite piece of skin will come back to life!<\/p>\n<blockquote><p>&nbsp;<\/p>\n\n\t\t\t<style type='text\/css'>\n\t\t\t\t#gallery-2 {\n\t\t\t\t\tmargin: auto;\n\t\t\t\t}\n\t\t\t\t#gallery-2 .gallery-item {\n\t\t\t\t\tfloat: left;\n\t\t\t\t\tmargin-top: 10px;\n\t\t\t\t\ttext-align: center;\n\t\t\t\t\twidth: 33%;\n\t\t\t\t}\n\t\t\t\t#gallery-2 img {\n\t\t\t\t\tborder: 2px solid #cfcfcf;\n\t\t\t\t}\n\t\t\t\t#gallery-2 .gallery-caption {\n\t\t\t\t\tmargin-left: 0;\n\t\t\t\t}\n\t\t\t\t\/* see gallery_shortcode() in wp-includes\/media.php *\/\n\t\t\t<\/style>\n\t\t<div id='gallery-2' class='dt-gallery-container gallery galleryid-13332 gallery-columns-3 gallery-size-thumbnail'><dl class='gallery-item'>\n\t\t\t\t<dt class='gallery-icon portrait'>\n\t\t\t\t\t<a class=\"rollover\" href='https:\/\/www.pelleterialasiberia.com\/en\/dt_gallery\/moda-col-leccions\/siberia-taller\/'><img loading=\"lazy\" decoding=\"async\" width=\"150\" height=\"150\" src=\"https:\/\/www.pelleterialasiberia.com\/en\/wp-content\/uploads\/sites\/5\/2014\/11\/siberia-taller-150x150.jpg\" class=\"attachment-thumbnail size-thumbnail\" alt=\"artesania-lasiberia-pelleteria\" aria-describedby=\"gallery-2-13447\" \/><\/a>\n\t\t\t\t<\/dt>\n\t\t\t\t\t<dd class='wp-caption-text gallery-caption' id='gallery-2-13447'>\n\t\t\t\t\tDesfer abrics per transformar-los\n\t\t\t\t\t<\/dd><\/dl><dl class='gallery-item'>\n\t\t\t\t<dt class='gallery-icon portrait'>\n\t\t\t\t\t<a class=\"rollover\" href='https:\/\/www.pelleterialasiberia.com\/en\/transformation-update\/vm-lasiberia-abadias-proces12\/'><img loading=\"lazy\" decoding=\"async\" width=\"150\" height=\"150\" src=\"https:\/\/www.pelleterialasiberia.com\/en\/wp-content\/uploads\/sites\/5\/2014\/07\/vm-lasiberia-abadias-proces12-150x150.jpg\" class=\"attachment-thumbnail size-thumbnail\" alt=\"arreglos-pelleteria\" aria-describedby=\"gallery-2-14397\" \/><\/a>\n\t\t\t\t<\/dt>\n\t\t\t\t\t<dd class='wp-caption-text gallery-caption' id='gallery-2-14397'>\n\t\t\t\t\tPreparaci\u00f3 pells per clavar\n\t\t\t\t\t<\/dd><\/dl><dl class='gallery-item'>\n\t\t\t\t<dt class='gallery-icon landscape'>\n\t\t\t\t\t<a class=\"rollover\" href='https:\/\/www.pelleterialasiberia.com\/en\/transformation-update\/vm-lasiberia-abadias-proces10\/'><img loading=\"lazy\" decoding=\"async\" width=\"150\" height=\"150\" src=\"https:\/\/www.pelleterialasiberia.com\/en\/wp-content\/uploads\/sites\/5\/2014\/07\/vm-lasiberia-abadias-proces10-150x150.jpg\" class=\"attachment-thumbnail size-thumbnail\" alt=\"arreglos-pell-vison\" aria-describedby=\"gallery-2-14398\" \/><\/a>\n\t\t\t\t<\/dt>\n\t\t\t\t\t<dd class='wp-caption-text gallery-caption' id='gallery-2-14398'>\n\t\t\t\t\tClassificaci\u00f3 pells segons patr\u00f3\n\t\t\t\t\t<\/dd><\/dl><br style=\"clear: both\" \/><dl class='gallery-item'>\n\t\t\t\t<dt class='gallery-icon portrait'>\n\t\t\t\t\t<a class=\"rollover\" href='https:\/\/www.pelleterialasiberia.com\/en\/transformation-update\/vm-lasiberia-abadias-proces1\/'><img loading=\"lazy\" decoding=\"async\" width=\"150\" height=\"150\" src=\"https:\/\/www.pelleterialasiberia.com\/en\/wp-content\/uploads\/sites\/5\/2014\/07\/vm-lasiberia-abadias-proces1-150x150.jpg\" class=\"attachment-thumbnail size-thumbnail\" alt=\"taller-transformacio\" aria-describedby=\"gallery-2-14401\" \/><\/a>\n\t\t\t\t<\/dt>\n\t\t\t\t\t<dd class='wp-caption-text gallery-caption' id='gallery-2-14401'>\n\t\t\t\t\tClavatge de les pells\n\t\t\t\t\t<\/dd><\/dl><dl class='gallery-item'>\n\t\t\t\t<dt class='gallery-icon portrait'>\n\t\t\t\t\t<a class=\"rollover\" href='https:\/\/www.pelleterialasiberia.com\/en\/transformation-update\/vm-lasiberia-abadias-proces2\/'><img loading=\"lazy\" decoding=\"async\" width=\"150\" height=\"150\" src=\"https:\/\/www.pelleterialasiberia.com\/en\/wp-content\/uploads\/sites\/5\/2014\/07\/vm-lasiberia-abadias-proces2-150x150.jpg\" class=\"attachment-thumbnail size-thumbnail\" alt=\"arreglos-peleteria-piel\" aria-describedby=\"gallery-2-14402\" \/><\/a>\n\t\t\t\t<\/dt>\n\t\t\t\t\t<dd class='wp-caption-text gallery-caption' id='gallery-2-14402'>\n\t\t\t\t\tDesclavatge de les pells\n\t\t\t\t\t<\/dd><\/dl><dl class='gallery-item'>\n\t\t\t\t<dt class='gallery-icon portrait'>\n\t\t\t\t\t<a class=\"rollover\" href='https:\/\/www.pelleterialasiberia.com\/en\/transformation-update\/vm-lasiberia-abadias-proces11\/'><img loading=\"lazy\" decoding=\"async\" width=\"150\" height=\"150\" src=\"https:\/\/www.pelleterialasiberia.com\/en\/wp-content\/uploads\/sites\/5\/2014\/07\/vm-lasiberia-abadias-proces11-150x150.jpg\" class=\"attachment-thumbnail size-thumbnail\" alt=\"custom made furs\" aria-describedby=\"gallery-2-14399\" \/><\/a>\n\t\t\t\t<\/dt>\n\t\t\t\t\t<dd class='wp-caption-text gallery-caption' id='gallery-2-14399'>\n\t\t\t\t\tCosit peces m\u00e0quina pelletera\n\t\t\t\t\t<\/dd><\/dl><br style=\"clear: both\" \/><dl class='gallery-item'>\n\t\t\t\t<dt class='gallery-icon portrait'>\n\t\t\t\t\t<a class=\"rollover\" href='https:\/\/www.pelleterialasiberia.com\/en\/transformation-update\/vm-lasiberia-abadias-proces3\/'><img loading=\"lazy\" decoding=\"async\" width=\"150\" height=\"150\" src=\"https:\/\/www.pelleterialasiberia.com\/en\/wp-content\/uploads\/sites\/5\/2014\/07\/vm-lasiberia-abadias-proces3-150x150.jpg\" class=\"attachment-thumbnail size-thumbnail\" alt=\"arreglos-peleteria\" aria-describedby=\"gallery-2-14403\" \/><\/a>\n\t\t\t\t<\/dt>\n\t\t\t\t\t<dd class='wp-caption-text gallery-caption' id='gallery-2-14403'>\n\t\t\t\t\tRetallat de pells per formar peces\n\t\t\t\t\t<\/dd><\/dl><dl class='gallery-item'>\n\t\t\t\t<dt class='gallery-icon landscape'>\n\t\t\t\t\t<a class=\"rollover\" href='https:\/\/www.pelleterialasiberia.com\/en\/transformation-update\/vm-lasiberia-abadias-proces4\/'><img loading=\"lazy\" decoding=\"async\" width=\"150\" height=\"150\" src=\"https:\/\/www.pelleterialasiberia.com\/en\/wp-content\/uploads\/sites\/5\/2014\/07\/vm-lasiberia-abadias-proces4-150x150.jpg\" class=\"attachment-thumbnail size-thumbnail\" alt=\"arreglos-peleteria\" aria-describedby=\"gallery-2-14404\" \/><\/a>\n\t\t\t\t<\/dt>\n\t\t\t\t\t<dd class='wp-caption-text gallery-caption' id='gallery-2-14404'>\n\t\t\t\t\tTallar pells segons patr\u00f3\n\t\t\t\t\t<\/dd><\/dl><dl class='gallery-item'>\n\t\t\t\t<dt class='gallery-icon portrait'>\n\t\t\t\t\t<a class=\"rollover\" href='https:\/\/www.pelleterialasiberia.com\/en\/?attachment_id=13537'><img loading=\"lazy\" decoding=\"async\" width=\"150\" height=\"150\" src=\"https:\/\/www.pelleterialasiberia.com\/en\/wp-content\/uploads\/sites\/5\/2014\/11\/foto-1-e1416907951378-150x150.jpg\" class=\"attachment-thumbnail size-thumbnail\" alt=\"pelleteria-siberia-transformacion\" \/><\/a>\n\t\t\t\t<\/dt><\/dl><br style=\"clear: both\" \/><dl class='gallery-item'>\n\t\t\t\t<dt class='gallery-icon portrait'>\n\t\t\t\t\t<a class=\"rollover\" href='https:\/\/www.pelleterialasiberia.com\/en\/transformation-update\/vm-lasiberia-abadias-proces5\/'><img loading=\"lazy\" decoding=\"async\" width=\"150\" height=\"150\" src=\"https:\/\/www.pelleterialasiberia.com\/en\/wp-content\/uploads\/sites\/5\/2014\/07\/vm-lasiberia-abadias-proces5-150x150.jpg\" class=\"attachment-thumbnail size-thumbnail\" alt=\"confeccio-pelleteria-piel-arreglo\" aria-describedby=\"gallery-2-14405\" \/><\/a>\n\t\t\t\t<\/dt>\n\t\t\t\t\t<dd class='wp-caption-text gallery-caption' id='gallery-2-14405'>\n\t\t\t\t\tProc\u00e8s encintat\n\t\t\t\t\t<\/dd><\/dl><dl class='gallery-item'>\n\t\t\t\t<dt class='gallery-icon landscape'>\n\t\t\t\t\t<a class=\"rollover\" href='https:\/\/www.pelleterialasiberia.com\/en\/transformation-update\/foto-4-2\/'><img loading=\"lazy\" decoding=\"async\" width=\"150\" height=\"150\" src=\"https:\/\/www.pelleterialasiberia.com\/en\/wp-content\/uploads\/sites\/5\/2014\/07\/foto-4-150x150.jpg\" class=\"attachment-thumbnail size-thumbnail\" alt=\"handmade fur\" aria-describedby=\"gallery-2-14168\" \/><\/a>\n\t\t\t\t<\/dt>\n\t\t\t\t\t<dd class='wp-caption-text gallery-caption' id='gallery-2-14168'>\n\t\t\t\t\tTirejat de pells\n\t\t\t\t\t<\/dd><\/dl><dl class='gallery-item'>\n\t\t\t\t<dt class='gallery-icon landscape'>\n\t\t\t\t\t<a class=\"rollover\" href='https:\/\/www.pelleterialasiberia.com\/en\/?attachment_id=13538'><img loading=\"lazy\" decoding=\"async\" width=\"150\" height=\"150\" src=\"https:\/\/www.pelleterialasiberia.com\/en\/wp-content\/uploads\/sites\/5\/2014\/11\/foto-2-e1434623032523-150x150.jpg\" class=\"attachment-thumbnail size-thumbnail\" alt=\"arreglos-pelleteria-piel\" aria-describedby=\"gallery-2-13538\" \/><\/a>\n\t\t\t\t<\/dt>\n\t\t\t\t\t<dd class='wp-caption-text gallery-caption' id='gallery-2-13538'>\n\t\t\t\t\tRetallar peces de pell\n\t\t\t\t\t<\/dd><\/dl><br style=\"clear: both\" \/><dl class='gallery-item'>\n\t\t\t\t<dt class='gallery-icon landscape'>\n\t\t\t\t\t<a class=\"rollover\" href='https:\/\/www.pelleterialasiberia.com\/en\/recerca-3\/'><img loading=\"lazy\" decoding=\"async\" width=\"150\" height=\"150\" src=\"https:\/\/www.pelleterialasiberia.com\/en\/wp-content\/uploads\/sites\/5\/2014\/12\/recerca1-150x150.jpg\" class=\"attachment-thumbnail size-thumbnail\" alt=\"\" aria-describedby=\"gallery-2-13605\" \/><\/a>\n\t\t\t\t<\/dt>\n\t\t\t\t\t<dd class='wp-caption-text gallery-caption' id='gallery-2-13605'>\n\t\t\t\t\tCombinaci\u00f3 punt i pell\n\t\t\t\t\t<\/dd><\/dl><dl class='gallery-item'>\n\t\t\t\t<dt class='gallery-icon landscape'>\n\t\t\t\t\t<a class=\"rollover\" href='https:\/\/www.pelleterialasiberia.com\/en\/?attachment_id=13539'><img loading=\"lazy\" decoding=\"async\" width=\"150\" height=\"150\" src=\"https:\/\/www.pelleterialasiberia.com\/en\/wp-content\/uploads\/sites\/5\/2014\/11\/foto-3-e1416907929203-150x150.jpg\" class=\"attachment-thumbnail size-thumbnail\" alt=\"fetama-lasiberia-taller-arreglos\" aria-describedby=\"gallery-2-13539\" \/><\/a>\n\t\t\t\t<\/dt>\n\t\t\t\t\t<dd class='wp-caption-text gallery-caption' id='gallery-2-13539'>\n\t\t\t\t\tFolrar \n\t\t\t\t\t<\/dd><\/dl><dl class='gallery-item'>\n\t\t\t\t<dt class='gallery-icon portrait'>\n\t\t\t\t\t<a class=\"rollover\" href='https:\/\/www.pelleterialasiberia.com\/en\/transformation-update\/vm-lasiberia-abadias-proces6\/'><img loading=\"lazy\" decoding=\"async\" width=\"150\" height=\"150\" src=\"https:\/\/www.pelleterialasiberia.com\/en\/wp-content\/uploads\/sites\/5\/2014\/07\/vm-lasiberia-abadias-proces6-150x150.jpg\" class=\"attachment-thumbnail size-thumbnail\" alt=\"Arreglos-pelleteria-custom-made\" aria-describedby=\"gallery-2-14400\" \/><\/a>\n\t\t\t\t<\/dt>\n\t\t\t\t\t<dd class='wp-caption-text gallery-caption' id='gallery-2-14400'>\n\t\t\t\t\tFolrat\n\t\t\t\t\t<\/dd><\/dl><br style=\"clear: both\" \/>\n\t\t\t<\/div>\n<\/blockquote>\n<p>[\/vc_column_text]<div class=\"gap\" style=\"line-height: 20px; height: 20px;\"><\/div>[\/vc_column][\/vc_row]<\/p>\n<\/div>","protected":false},"excerpt":{"rendered":"<p>[vc_row][vc_column][vc_column_text]There are objects that are part of our life, of our essence. This also happens with the skin pieces. When we get up, we evoke memories of unforgettable moments in our lives. However fashion changes, and we stop using them. That is why, in Siberia, we offer you our fish upgrade service. The team of&hellip;<\/p>\n","protected":false},"author":1,"featured_media":0,"parent":0,"menu_order":0,"comment_status":"closed","ping_status":"closed","template":"","meta":{"footnotes":""},"class_list":["post-13332","page","type-page","status-publish","hentry","description-off"],"yoast_head":"<!-- This site is optimized with the Yoast SEO plugin v25.0 - https:\/\/yoast.com\/wordpress\/plugins\/seo\/ -->\n<title>Transformation \/ update - La Siberia Fur shop<\/title>\n<meta name=\"description\" content=\"Transformaci\u00f3, actualitzaci\u00f3, modernitzaci\u00f3 de peces de pell. Transformacion, arreglos de peleteria, actualizacion\" \/>\n<meta name=\"robots\" content=\"index, follow, max-snippet:-1, max-image-preview:large, max-video-preview:-1\" \/>\n<link rel=\"canonical\" href=\"https:\/\/www.pelleterialasiberia.com\/en\/transformation-update\/\" \/>\n<meta property=\"og:locale\" content=\"ca_ES\" \/>\n<meta property=\"og:type\" content=\"article\" \/>\n<meta property=\"og:title\" content=\"Transformation \/ update - La Siberia Fur shop\" \/>\n<meta property=\"og:description\" content=\"Transformaci\u00f3, actualitzaci\u00f3, modernitzaci\u00f3 de peces de pell. Transformacion, arreglos de peleteria, actualizacion\" \/>\n<meta property=\"og:url\" content=\"https:\/\/www.pelleterialasiberia.com\/en\/transformation-update\/\" \/>\n<meta property=\"og:site_name\" content=\"La Siberia Fur shop\" \/>\n<meta property=\"article:modified_time\" content=\"2024-07-04T17:30:47+00:00\" \/>\n<meta name=\"twitter:card\" content=\"summary_large_image\" \/>\n<meta name=\"twitter:label1\" content=\"Temps estimat de lectura\" \/>\n\t<meta name=\"twitter:data1\" content=\"1 minut\" \/>\n<script type=\"application\/ld+json\" class=\"yoast-schema-graph\">{\"@context\":\"https:\/\/schema.org\",\"@graph\":[{\"@type\":\"WebPage\",\"@id\":\"https:\/\/www.pelleterialasiberia.com\/en\/transformation-update\/\",\"url\":\"https:\/\/www.pelleterialasiberia.com\/en\/transformation-update\/\",\"name\":\"Transformation \/ update - La Siberia Fur shop\",\"isPartOf\":{\"@id\":\"https:\/\/www.pelleterialasiberia.com\/en\/#website\"},\"datePublished\":\"2014-07-23T00:08:47+00:00\",\"dateModified\":\"2024-07-04T17:30:47+00:00\",\"description\":\"Transformaci\u00f3, actualitzaci\u00f3, modernitzaci\u00f3 de peces de pell. Transformacion, arreglos de peleteria, actualizacion\",\"breadcrumb\":{\"@id\":\"https:\/\/www.pelleterialasiberia.com\/en\/transformation-update\/#breadcrumb\"},\"inLanguage\":\"ca\",\"potentialAction\":[{\"@type\":\"ReadAction\",\"target\":[\"https:\/\/www.pelleterialasiberia.com\/en\/transformation-update\/\"]}]},{\"@type\":\"BreadcrumbList\",\"@id\":\"https:\/\/www.pelleterialasiberia.com\/en\/transformation-update\/#breadcrumb\",\"itemListElement\":[{\"@type\":\"ListItem\",\"position\":1,\"name\":\"Inici\",\"item\":\"https:\/\/www.pelleterialasiberia.com\/en\/\"},{\"@type\":\"ListItem\",\"position\":2,\"name\":\"Transformation \/ update\"}]},{\"@type\":\"WebSite\",\"@id\":\"https:\/\/www.pelleterialasiberia.com\/en\/#website\",\"url\":\"https:\/\/www.pelleterialasiberia.com\/en\/\",\"name\":\"La Siberia Fur shop\",\"description\":\"PELLETERIA BARCELONA\",\"potentialAction\":[{\"@type\":\"SearchAction\",\"target\":{\"@type\":\"EntryPoint\",\"urlTemplate\":\"https:\/\/www.pelleterialasiberia.com\/en\/?s={search_term_string}\"},\"query-input\":{\"@type\":\"PropertyValueSpecification\",\"valueRequired\":true,\"valueName\":\"search_term_string\"}}],\"inLanguage\":\"ca\"}]}<\/script>\n<!-- \/ Yoast SEO plugin. -->","yoast_head_json":{"title":"Transformation \/ update - La Siberia Fur shop","description":"Transformaci\u00f3, actualitzaci\u00f3, modernitzaci\u00f3 de peces de pell. Transformacion, arreglos de peleteria, actualizacion","robots":{"index":"index","follow":"follow","max-snippet":"max-snippet:-1","max-image-preview":"max-image-preview:large","max-video-preview":"max-video-preview:-1"},"canonical":"https:\/\/www.pelleterialasiberia.com\/en\/transformation-update\/","og_locale":"ca_ES","og_type":"article","og_title":"Transformation \/ update - La Siberia Fur shop","og_description":"Transformaci\u00f3, actualitzaci\u00f3, modernitzaci\u00f3 de peces de pell. Transformacion, arreglos de peleteria, actualizacion","og_url":"https:\/\/www.pelleterialasiberia.com\/en\/transformation-update\/","og_site_name":"La Siberia Fur shop","article_modified_time":"2024-07-04T17:30:47+00:00","twitter_card":"summary_large_image","twitter_misc":{"Temps estimat de lectura":"1 minut"},"schema":{"@context":"https:\/\/schema.org","@graph":[{"@type":"WebPage","@id":"https:\/\/www.pelleterialasiberia.com\/en\/transformation-update\/","url":"https:\/\/www.pelleterialasiberia.com\/en\/transformation-update\/","name":"Transformation \/ update - La Siberia Fur shop","isPartOf":{"@id":"https:\/\/www.pelleterialasiberia.com\/en\/#website"},"datePublished":"2014-07-23T00:08:47+00:00","dateModified":"2024-07-04T17:30:47+00:00","description":"Transformaci\u00f3, actualitzaci\u00f3, modernitzaci\u00f3 de peces de pell. Transformacion, arreglos de peleteria, actualizacion","breadcrumb":{"@id":"https:\/\/www.pelleterialasiberia.com\/en\/transformation-update\/#breadcrumb"},"inLanguage":"ca","potentialAction":[{"@type":"ReadAction","target":["https:\/\/www.pelleterialasiberia.com\/en\/transformation-update\/"]}]},{"@type":"BreadcrumbList","@id":"https:\/\/www.pelleterialasiberia.com\/en\/transformation-update\/#breadcrumb","itemListElement":[{"@type":"ListItem","position":1,"name":"Inici","item":"https:\/\/www.pelleterialasiberia.com\/en\/"},{"@type":"ListItem","position":2,"name":"Transformation \/ update"}]},{"@type":"WebSite","@id":"https:\/\/www.pelleterialasiberia.com\/en\/#website","url":"https:\/\/www.pelleterialasiberia.com\/en\/","name":"La Siberia Fur shop","description":"PELLETERIA BARCELONA","potentialAction":[{"@type":"SearchAction","target":{"@type":"EntryPoint","urlTemplate":"https:\/\/www.pelleterialasiberia.com\/en\/?s={search_term_string}"},"query-input":{"@type":"PropertyValueSpecification","valueRequired":true,"valueName":"search_term_string"}}],"inLanguage":"ca"}]}},"_links":{"self":[{"href":"https:\/\/www.pelleterialasiberia.com\/en\/wp-json\/wp\/v2\/pages\/13332","targetHints":{"allow":["GET"]}}],"collection":[{"href":"https:\/\/www.pelleterialasiberia.com\/en\/wp-json\/wp\/v2\/pages"}],"about":[{"href":"https:\/\/www.pelleterialasiberia.com\/en\/wp-json\/wp\/v2\/types\/page"}],"author":[{"embeddable":true,"href":"https:\/\/www.pelleterialasiberia.com\/en\/wp-json\/wp\/v2\/users\/1"}],"replies":[{"embeddable":true,"href":"https:\/\/www.pelleterialasiberia.com\/en\/wp-json\/wp\/v2\/comments?post=13332"}],"version-history":[{"count":14,"href":"https:\/\/www.pelleterialasiberia.com\/en\/wp-json\/wp\/v2\/pages\/13332\/revisions"}],"predecessor-version":[{"id":14629,"href":"https:\/\/www.pelleterialasiberia.com\/en\/wp-json\/wp\/v2\/pages\/13332\/revisions\/14629"}],"wp:attachment":[{"href":"https:\/\/www.pelleterialasiberia.com\/en\/wp-json\/wp\/v2\/media?parent=13332"}],"curies":[{"name":"wp","href":"https:\/\/api.w.org\/{rel}","templated":true}]}}