{"id":13315,"date":"2014-07-22T23:59:43","date_gmt":"2014-07-22T23:59:43","guid":{"rendered":"http:\/\/www.pelleterialasiberia.com\/?page_id=13315"},"modified":"2018-06-15T18:58:30","modified_gmt":"2018-06-15T16:58:30","slug":"leather-fur-collections","status":"publish","type":"page","link":"https:\/\/www.pelleterialasiberia.com\/en\/leather-fur-collections\/","title":{"rendered":"Collections"},"content":{"rendered":"<div class=\"wpb-content-wrapper\"><p>[vc_row][vc_column width=&#8221;1\/1&#8243;][vc_column_text]<strong>LONG HAIR \/ ANTE, NAPA, DOUBLE-FACE \/ BRIDAL \/ BLANKETS AND Plaid \/ YACHT HOME \/ ACCESSORIES<\/strong><\/p>\n<p><strong>Collection of coats of LONG HAIR, mink, renard, chinchilla, rex.<\/strong><\/p>\n<p><strong>New techniques of preparation and new combinations with wool, points, leathers ..<\/strong><\/p>\n<p><strong>Own brand VM LA SIBERIA, selection of international brands and tailor made.<\/strong><\/p>\n<p><strong>DOUBLE-FACE Collection, shearling, rotated skin<\/strong><\/p>\n<p><strong>ANTE AND NAPA collection for men and women. Also custom made<\/strong><\/p>\n<p><strong>BRIDAL collection for brides, stoles, boleros, capitas<\/strong><\/p>\n\n\t\t\t<style type='text\/css'>\n\t\t\t\t#gallery-2 {\n\t\t\t\t\tmargin: auto;\n\t\t\t\t}\n\t\t\t\t#gallery-2 .gallery-item {\n\t\t\t\t\tfloat: left;\n\t\t\t\t\tmargin-top: 10px;\n\t\t\t\t\ttext-align: center;\n\t\t\t\t\twidth: 33%;\n\t\t\t\t}\n\t\t\t\t#gallery-2 img {\n\t\t\t\t\tborder: 2px solid #cfcfcf;\n\t\t\t\t}\n\t\t\t\t#gallery-2 .gallery-caption {\n\t\t\t\t\tmargin-left: 0;\n\t\t\t\t}\n\t\t\t\t\/* see gallery_shortcode() in wp-includes\/media.php *\/\n\t\t\t<\/style>\n\t\t<div id='gallery-2' class='dt-gallery-container gallery galleryid-13315 gallery-columns-3 gallery-size-thumbnail'><dl class='gallery-item'>\n\t\t\t\t<dt class='gallery-icon landscape'>\n\t\t\t\t\t<a class=\"rollover\" href='https:\/\/www.pelleterialasiberia.com\/en\/dt_gallery\/icones\/foto-3-2\/'><img loading=\"lazy\" decoding=\"async\" width=\"150\" height=\"150\" src=\"https:\/\/www.pelleterialasiberia.com\/en\/wp-content\/uploads\/sites\/5\/2014\/11\/foto-31-150x150.jpg\" class=\"attachment-thumbnail size-thumbnail\" alt=\"\" aria-describedby=\"gallery-2-13585\" \/><\/a>\n\t\t\t\t<\/dt>\n\t\t\t\t\t<dd class='wp-caption-text gallery-caption' id='gallery-2-13585'>\n\t\t\t\t\tJaqueta vis\u00f3 perla\n\t\t\t\t\t<\/dd><\/dl><dl class='gallery-item'>\n\t\t\t\t<dt class='gallery-icon portrait'>\n\t\t\t\t\t<a class=\"rollover\" href='https:\/\/www.pelleterialasiberia.com\/en\/dt_gallery\/icones\/foto-2-2\/'><img loading=\"lazy\" decoding=\"async\" width=\"150\" height=\"150\" src=\"https:\/\/www.pelleterialasiberia.com\/en\/wp-content\/uploads\/sites\/5\/2014\/11\/foto-21-150x150.jpg\" class=\"attachment-thumbnail size-thumbnail\" alt=\"\" aria-describedby=\"gallery-2-13582\" \/><\/a>\n\t\t\t\t<\/dt>\n\t\t\t\t\t<dd class='wp-caption-text gallery-caption' id='gallery-2-13582'>\n\t\t\t\t\tJaqueta vis\u00f3 Blanc\n\t\t\t\t\t<\/dd><\/dl><dl class='gallery-item'>\n\t\t\t\t<dt class='gallery-icon landscape'>\n\t\t\t\t\t<a class=\"rollover\" href='https:\/\/www.pelleterialasiberia.com\/en\/dt_gallery\/icones\/foto-1-2\/'><img loading=\"lazy\" decoding=\"async\" width=\"150\" height=\"150\" src=\"https:\/\/www.pelleterialasiberia.com\/en\/wp-content\/uploads\/sites\/5\/2014\/11\/foto-11-150x150.jpg\" class=\"attachment-thumbnail size-thumbnail\" alt=\"la sib\u00e8ria col.lecci\u00f3 n\u00favies\" aria-describedby=\"gallery-2-13579\" \/><\/a>\n\t\t\t\t<\/dt>\n\t\t\t\t\t<dd class='wp-caption-text gallery-caption' id='gallery-2-13579'>\n\t\t\t\t\tEstola flors de rex\n\t\t\t\t\t<\/dd><\/dl><br style=\"clear: both\" \/>\n\t\t\t<\/div>\n\n<p><strong>Collection COMPLEMENTS of leather bags, customizables, hats, stoles, belts &#8230;<\/strong><\/p>\n\n\t\t\t<style type='text\/css'>\n\t\t\t\t#gallery-4 {\n\t\t\t\t\tmargin: auto;\n\t\t\t\t}\n\t\t\t\t#gallery-4 .gallery-item {\n\t\t\t\t\tfloat: left;\n\t\t\t\t\tmargin-top: 10px;\n\t\t\t\t\ttext-align: center;\n\t\t\t\t\twidth: 33%;\n\t\t\t\t}\n\t\t\t\t#gallery-4 img {\n\t\t\t\t\tborder: 2px solid #cfcfcf;\n\t\t\t\t}\n\t\t\t\t#gallery-4 .gallery-caption {\n\t\t\t\t\tmargin-left: 0;\n\t\t\t\t}\n\t\t\t\t\/* see gallery_shortcode() in wp-includes\/media.php *\/\n\t\t\t<\/style>\n\t\t<div id='gallery-4' class='dt-gallery-container gallery galleryid-13315 gallery-columns-3 gallery-size-thumbnail'><dl class='gallery-item'>\n\t\t\t\t<dt class='gallery-icon landscape'>\n\t\t\t\t\t<a class=\"rollover\" href='https:\/\/www.pelleterialasiberia.com\/en\/leather-fur-collections\/vmlasiberia-cavallino-sportbag080\/'><img loading=\"lazy\" decoding=\"async\" width=\"150\" height=\"150\" src=\"https:\/\/www.pelleterialasiberia.com\/en\/wp-content\/uploads\/sites\/5\/2014\/07\/vmlasiberia-cavallino-sportbag080-150x150.jpg\" class=\"attachment-thumbnail size-thumbnail\" alt=\"bag-cavallino-vmlasiberia\" aria-describedby=\"gallery-4-14250\" srcset=\"https:\/\/www.pelleterialasiberia.com\/en\/wp-content\/uploads\/sites\/5\/2014\/07\/vmlasiberia-cavallino-sportbag080-150x150.jpg 150w, https:\/\/www.pelleterialasiberia.com\/en\/wp-content\/uploads\/sites\/5\/2014\/07\/vmlasiberia-cavallino-sportbag080-300x300.jpg 300w, https:\/\/www.pelleterialasiberia.com\/en\/wp-content\/uploads\/sites\/5\/2014\/07\/vmlasiberia-cavallino-sportbag080.jpg 480w\" sizes=\"auto, (max-width: 150px) 100vw, 150px\" \/><\/a>\n\t\t\t\t<\/dt>\n\t\t\t\t\t<dd class='wp-caption-text gallery-caption' id='gallery-4-14250'>\n\t\t\t\t\tSportbag de cavallino marr\u00f3 i cuir\n\t\t\t\t\t<\/dd><\/dl><dl class='gallery-item'>\n\t\t\t\t<dt class='gallery-icon landscape'>\n\t\t\t\t\t<a class=\"rollover\" href='https:\/\/www.pelleterialasiberia.com\/en\/leather-fur-collections\/vmlasiberia-silverfox-bag080\/'><img loading=\"lazy\" decoding=\"async\" width=\"150\" height=\"150\" src=\"https:\/\/www.pelleterialasiberia.com\/en\/wp-content\/uploads\/sites\/5\/2014\/07\/vmlasiberia-silverfox-bag080-150x150.jpg\" class=\"attachment-thumbnail size-thumbnail\" alt=\"silverfox-bag-vmlasiberia\" aria-describedby=\"gallery-4-14251\" srcset=\"https:\/\/www.pelleterialasiberia.com\/en\/wp-content\/uploads\/sites\/5\/2014\/07\/vmlasiberia-silverfox-bag080-150x150.jpg 150w, https:\/\/www.pelleterialasiberia.com\/en\/wp-content\/uploads\/sites\/5\/2014\/07\/vmlasiberia-silverfox-bag080-300x300.jpg 300w, https:\/\/www.pelleterialasiberia.com\/en\/wp-content\/uploads\/sites\/5\/2014\/07\/vmlasiberia-silverfox-bag080.jpg 320w\" sizes=\"auto, (max-width: 150px) 100vw, 150px\" \/><\/a>\n\t\t\t\t<\/dt>\n\t\t\t\t\t<dd class='wp-caption-text gallery-caption' id='gallery-4-14251'>\n\t\t\t\t\tBolso renard argente i cuir\n\t\t\t\t\t<\/dd><\/dl><dl class='gallery-item'>\n\t\t\t\t<dt class='gallery-icon landscape'>\n\t\t\t\t\t<a class=\"rollover\" href='https:\/\/www.pelleterialasiberia.com\/en\/dt_gallery\/icones\/foto-2-2-2\/'><img loading=\"lazy\" decoding=\"async\" width=\"150\" height=\"150\" src=\"https:\/\/www.pelleterialasiberia.com\/en\/wp-content\/uploads\/sites\/5\/2014\/11\/foto-2-2-150x150.jpg\" class=\"attachment-thumbnail size-thumbnail\" alt=\"\" aria-describedby=\"gallery-4-13584\" \/><\/a>\n\t\t\t\t<\/dt>\n\t\t\t\t\t<dd class='wp-caption-text gallery-caption' id='gallery-4-13584'>\n\t\t\t\t\tBolso bandolera\n\t\t\t\t\t<\/dd><\/dl><br style=\"clear: both\" \/>\n\t\t\t<\/div>\n\n<p><strong>Collection of raincoats, raincoats, anoraks.<\/strong><\/p>\n\n\t\t\t<style type='text\/css'>\n\t\t\t\t#gallery-6 {\n\t\t\t\t\tmargin: auto;\n\t\t\t\t}\n\t\t\t\t#gallery-6 .gallery-item {\n\t\t\t\t\tfloat: left;\n\t\t\t\t\tmargin-top: 10px;\n\t\t\t\t\ttext-align: center;\n\t\t\t\t\twidth: 33%;\n\t\t\t\t}\n\t\t\t\t#gallery-6 img {\n\t\t\t\t\tborder: 2px solid #cfcfcf;\n\t\t\t\t}\n\t\t\t\t#gallery-6 .gallery-caption {\n\t\t\t\t\tmargin-left: 0;\n\t\t\t\t}\n\t\t\t\t\/* see gallery_shortcode() in wp-includes\/media.php *\/\n\t\t\t<\/style>\n\t\t<div id='gallery-6' class='dt-gallery-container gallery galleryid-13315 gallery-columns-3 gallery-size-thumbnail'><dl class='gallery-item'>\n\t\t\t\t<dt class='gallery-icon portrait'>\n\t\t\t\t\t<a class=\"rollover\" href='https:\/\/www.pelleterialasiberia.com\/en\/dt_gallery\/whats-new\/_llc1018\/'><img loading=\"lazy\" decoding=\"async\" width=\"150\" height=\"150\" src=\"https:\/\/www.pelleterialasiberia.com\/en\/wp-content\/uploads\/sites\/5\/2014\/12\/LLC1018-150x150.jpg\" class=\"attachment-thumbnail size-thumbnail\" alt=\"\" \/><\/a>\n\t\t\t\t<\/dt><\/dl><dl class='gallery-item'>\n\t\t\t\t<dt class='gallery-icon landscape'>\n\t\t\t\t\t<a class=\"rollover\" href='https:\/\/www.pelleterialasiberia.com\/en\/dt_gallery\/moda-col-leccions\/siberia-anorak-shearling\/'><img loading=\"lazy\" decoding=\"async\" width=\"150\" height=\"150\" src=\"https:\/\/www.pelleterialasiberia.com\/en\/wp-content\/uploads\/sites\/5\/2014\/11\/siberia-anorak-shearling-150x150.jpg\" class=\"attachment-thumbnail size-thumbnail\" alt=\"La Sib\u00e8ria gavardines, anoraks, impermeables\" \/><\/a>\n\t\t\t\t<\/dt><\/dl><dl class='gallery-item'>\n\t\t\t\t<dt class='gallery-icon portrait'>\n\t\t\t\t\t<a class=\"rollover\" href='https:\/\/www.pelleterialasiberia.com\/en\/dt_gallery\/moda-col-leccions\/siberia-anorak-renard\/'><img loading=\"lazy\" decoding=\"async\" width=\"150\" height=\"150\" src=\"https:\/\/www.pelleterialasiberia.com\/en\/wp-content\/uploads\/sites\/5\/2014\/11\/siberia-anorak-renard-e1415797525374-150x150.jpg\" class=\"attachment-thumbnail size-thumbnail\" alt=\"\" \/><\/a>\n\t\t\t\t<\/dt><\/dl><br style=\"clear: both\" \/>\n\t\t\t<\/div>\n\n<p><strong>Collection of blankets, plaids, cushions and home decor items. THE SIBERIA HOME, custom-made, custumitzables according to the decoration of the home.<\/strong><\/p>\n\n\t\t\t<style type='text\/css'>\n\t\t\t\t#gallery-8 {\n\t\t\t\t\tmargin: auto;\n\t\t\t\t}\n\t\t\t\t#gallery-8 .gallery-item {\n\t\t\t\t\tfloat: left;\n\t\t\t\t\tmargin-top: 10px;\n\t\t\t\t\ttext-align: center;\n\t\t\t\t\twidth: 33%;\n\t\t\t\t}\n\t\t\t\t#gallery-8 img {\n\t\t\t\t\tborder: 2px solid #cfcfcf;\n\t\t\t\t}\n\t\t\t\t#gallery-8 .gallery-caption {\n\t\t\t\t\tmargin-left: 0;\n\t\t\t\t}\n\t\t\t\t\/* see gallery_shortcode() in wp-includes\/media.php *\/\n\t\t\t<\/style>\n\t\t<div id='gallery-8' class='dt-gallery-container gallery galleryid-13315 gallery-columns-3 gallery-size-thumbnail'><dl class='gallery-item'>\n\t\t\t\t<dt class='gallery-icon portrait'>\n\t\t\t\t\t<a class=\"rollover\" href='https:\/\/www.pelleterialasiberia.com\/en\/leather-fur-collections\/vmlasiberia-manta-xinxilla6\/'><img loading=\"lazy\" decoding=\"async\" width=\"150\" height=\"150\" src=\"https:\/\/www.pelleterialasiberia.com\/en\/wp-content\/uploads\/sites\/5\/2014\/07\/vmlasiberia-manta-xinxilla6-150x150.jpg\" class=\"attachment-thumbnail size-thumbnail\" alt=\"vmlasib\u00e8ria manta xinxilla\" aria-describedby=\"gallery-8-14151\" \/><\/a>\n\t\t\t\t<\/dt>\n\t\t\t\t\t<dd class='wp-caption-text gallery-caption' id='gallery-8-14151'>\n\t\t\t\t\tmanta xinxilla natural folre cashmere 100%\n\t\t\t\t\t<\/dd><\/dl><dl class='gallery-item'>\n\t\t\t\t<dt class='gallery-icon landscape'>\n\t\t\t\t\t<a class=\"rollover\" href='https:\/\/www.pelleterialasiberia.com\/en\/whats-new\/img_6498-1\/'><img loading=\"lazy\" decoding=\"async\" width=\"150\" height=\"150\" src=\"https:\/\/www.pelleterialasiberia.com\/en\/wp-content\/uploads\/sites\/5\/2014\/07\/IMG_6498-1-150x150.jpg\" class=\"attachment-thumbnail size-thumbnail\" alt=\"\" aria-describedby=\"gallery-8-14363\" \/><\/a>\n\t\t\t\t<\/dt>\n\t\t\t\t\t<dd class='wp-caption-text gallery-caption' id='gallery-8-14363'>\n\t\t\t\t\tPlaid rex gris i punt\n\t\t\t\t\t<\/dd><\/dl><dl class='gallery-item'>\n\t\t\t\t<dt class='gallery-icon landscape'>\n\t\t\t\t\t<a class=\"rollover\" href='https:\/\/www.pelleterialasiberia.com\/en\/whats-new\/img_6501\/'><img loading=\"lazy\" decoding=\"async\" width=\"150\" height=\"150\" src=\"https:\/\/www.pelleterialasiberia.com\/en\/wp-content\/uploads\/sites\/5\/2014\/07\/IMG_6501-150x150.jpg\" class=\"attachment-thumbnail size-thumbnail\" alt=\"\" aria-describedby=\"gallery-8-14368\" \/><\/a>\n\t\t\t\t<\/dt>\n\t\t\t\t\t<dd class='wp-caption-text gallery-caption' id='gallery-8-14368'>\n\t\t\t\t\tManta renard argent\u00e9\n\t\t\t\t\t<\/dd><\/dl><br style=\"clear: both\" \/>\n\t\t\t<\/div>\n\n<p><strong>And also the YACHT HOME Collection, collection of blankets plaids and cushions custumitzables for boats. They can be personalized with the name of the boat (boatnamed)<\/strong><\/p>\n\n\t\t\t<style type='text\/css'>\n\t\t\t\t#gallery-10 {\n\t\t\t\t\tmargin: auto;\n\t\t\t\t}\n\t\t\t\t#gallery-10 .gallery-item {\n\t\t\t\t\tfloat: left;\n\t\t\t\t\tmargin-top: 10px;\n\t\t\t\t\ttext-align: center;\n\t\t\t\t\twidth: 33%;\n\t\t\t\t}\n\t\t\t\t#gallery-10 img {\n\t\t\t\t\tborder: 2px solid #cfcfcf;\n\t\t\t\t}\n\t\t\t\t#gallery-10 .gallery-caption {\n\t\t\t\t\tmargin-left: 0;\n\t\t\t\t}\n\t\t\t\t\/* see gallery_shortcode() in wp-includes\/media.php *\/\n\t\t\t<\/style>\n\t\t<div id='gallery-10' class='dt-gallery-container gallery galleryid-13315 gallery-columns-3 gallery-size-thumbnail'><dl class='gallery-item'>\n\t\t\t\t<dt class='gallery-icon landscape'>\n\t\t\t\t\t<a class=\"rollover\" href='https:\/\/www.pelleterialasiberia.com\/en\/whats-new\/la-siberia-portvell3\/'><img loading=\"lazy\" decoding=\"async\" width=\"150\" height=\"150\" src=\"https:\/\/www.pelleterialasiberia.com\/en\/wp-content\/uploads\/sites\/5\/2014\/07\/la-siberia-portvell3-150x150.jpg\" class=\"attachment-thumbnail size-thumbnail\" alt=\"la siberia manta castor marr\u00f3\" aria-describedby=\"gallery-10-14062\" \/><\/a>\n\t\t\t\t<\/dt>\n\t\t\t\t\t<dd class='wp-caption-text gallery-caption' id='gallery-10-14062'>\n\t\t\t\t\tManta castor marr\u00f3 Yacht Home Collection\n\t\t\t\t\t<\/dd><\/dl><dl class='gallery-item'>\n\t\t\t\t<dt class='gallery-icon portrait'>\n\t\t\t\t\t<a class=\"rollover\" href='https:\/\/www.pelleterialasiberia.com\/en\/whats-new\/la-siberia-yacht-collection3\/'><img loading=\"lazy\" decoding=\"async\" width=\"150\" height=\"150\" src=\"https:\/\/www.pelleterialasiberia.com\/en\/wp-content\/uploads\/sites\/5\/2014\/07\/la-siberia-yacht-collection3-150x150.jpg\" class=\"attachment-thumbnail size-thumbnail\" alt=\"la siberia yacht home collection\" aria-describedby=\"gallery-10-14058\" srcset=\"https:\/\/www.pelleterialasiberia.com\/en\/wp-content\/uploads\/sites\/5\/2014\/07\/la-siberia-yacht-collection3-150x150.jpg 150w, https:\/\/www.pelleterialasiberia.com\/en\/wp-content\/uploads\/sites\/5\/2014\/07\/la-siberia-yacht-collection3-300x300.jpg 300w, https:\/\/www.pelleterialasiberia.com\/en\/wp-content\/uploads\/sites\/5\/2014\/07\/la-siberia-yacht-collection3-1022x1024.jpg 1022w, https:\/\/www.pelleterialasiberia.com\/en\/wp-content\/uploads\/sites\/5\/2014\/07\/la-siberia-yacht-collection3.jpg 798w\" sizes=\"auto, (max-width: 150px) 100vw, 150px\" \/><\/a>\n\t\t\t\t<\/dt>\n\t\t\t\t\t<dd class='wp-caption-text gallery-caption' id='gallery-10-14058'>\n\t\t\t\t\tYacht Home Collection\n\t\t\t\t\t<\/dd><\/dl>\n\t\t\t\t<br style='clear: both' \/>\n\t\t\t<\/div>\n\n<p>[\/vc_column_text][\/vc_column][\/vc_row]<\/p>\n<\/div>","protected":false},"excerpt":{"rendered":"<p>[vc_row][vc_column width=&#8221;1\/1&#8243;][vc_column_text]LONG HAIR \/ ANTE, NAPA, DOUBLE-FACE \/ BRIDAL \/ BLANKETS AND Plaid \/ YACHT HOME \/ ACCESSORIES Collection of coats of LONG HAIR, mink, renard, chinchilla, rex. New techniques of preparation and new combinations with wool, points, leathers .. Own brand VM LA SIBERIA, selection of international brands and tailor made. DOUBLE-FACE Collection, shearling,&hellip;<\/p>\n","protected":false},"author":1,"featured_media":0,"parent":0,"menu_order":0,"comment_status":"closed","ping_status":"closed","template":"","meta":{"footnotes":""},"class_list":["post-13315","page","type-page","status-publish","hentry","description-off"],"yoast_head":"<!-- This site is optimized with the Yoast SEO plugin v25.0 - https:\/\/yoast.com\/wordpress\/plugins\/seo\/ -->\n<title>Collections - La Siberia Fur shop<\/title>\n<meta name=\"description\" content=\"Best collections fur and leather. Made in Barcelona. Custum made. Leather, rex, shearling, fox, mink, xinxilla ...coats and jackets and complements\" \/>\n<meta name=\"robots\" content=\"index, follow, max-snippet:-1, max-image-preview:large, max-video-preview:-1\" \/>\n<link rel=\"canonical\" href=\"https:\/\/www.pelleterialasiberia.com\/en\/leather-fur-collections\/\" \/>\n<meta property=\"og:locale\" content=\"ca_ES\" \/>\n<meta property=\"og:type\" content=\"article\" \/>\n<meta property=\"og:title\" content=\"Collections - La Siberia Fur shop\" \/>\n<meta property=\"og:description\" content=\"Best collections fur and leather. Made in Barcelona. Custum made. Leather, rex, shearling, fox, mink, xinxilla ...coats and jackets and complements\" \/>\n<meta property=\"og:url\" content=\"https:\/\/www.pelleterialasiberia.com\/en\/leather-fur-collections\/\" \/>\n<meta property=\"og:site_name\" content=\"La Siberia Fur shop\" \/>\n<meta property=\"article:modified_time\" content=\"2018-06-15T16:58:30+00:00\" \/>\n<meta name=\"twitter:card\" content=\"summary_large_image\" \/>\n<meta name=\"twitter:label1\" content=\"Temps estimat de lectura\" \/>\n\t<meta name=\"twitter:data1\" content=\"1 minut\" \/>\n<script type=\"application\/ld+json\" class=\"yoast-schema-graph\">{\"@context\":\"https:\/\/schema.org\",\"@graph\":[{\"@type\":\"WebPage\",\"@id\":\"https:\/\/www.pelleterialasiberia.com\/en\/leather-fur-collections\/\",\"url\":\"https:\/\/www.pelleterialasiberia.com\/en\/leather-fur-collections\/\",\"name\":\"Collections - La Siberia Fur shop\",\"isPartOf\":{\"@id\":\"https:\/\/www.pelleterialasiberia.com\/en\/#website\"},\"datePublished\":\"2014-07-22T23:59:43+00:00\",\"dateModified\":\"2018-06-15T16:58:30+00:00\",\"description\":\"Best collections fur and leather. Made in Barcelona. Custum made. Leather, rex, shearling, fox, mink, xinxilla ...coats and jackets and complements\",\"breadcrumb\":{\"@id\":\"https:\/\/www.pelleterialasiberia.com\/en\/leather-fur-collections\/#breadcrumb\"},\"inLanguage\":\"ca\",\"potentialAction\":[{\"@type\":\"ReadAction\",\"target\":[\"https:\/\/www.pelleterialasiberia.com\/en\/leather-fur-collections\/\"]}]},{\"@type\":\"BreadcrumbList\",\"@id\":\"https:\/\/www.pelleterialasiberia.com\/en\/leather-fur-collections\/#breadcrumb\",\"itemListElement\":[{\"@type\":\"ListItem\",\"position\":1,\"name\":\"Inici\",\"item\":\"https:\/\/www.pelleterialasiberia.com\/en\/\"},{\"@type\":\"ListItem\",\"position\":2,\"name\":\"Collections\"}]},{\"@type\":\"WebSite\",\"@id\":\"https:\/\/www.pelleterialasiberia.com\/en\/#website\",\"url\":\"https:\/\/www.pelleterialasiberia.com\/en\/\",\"name\":\"La Siberia Fur shop\",\"description\":\"PELLETERIA BARCELONA\",\"potentialAction\":[{\"@type\":\"SearchAction\",\"target\":{\"@type\":\"EntryPoint\",\"urlTemplate\":\"https:\/\/www.pelleterialasiberia.com\/en\/?s={search_term_string}\"},\"query-input\":{\"@type\":\"PropertyValueSpecification\",\"valueRequired\":true,\"valueName\":\"search_term_string\"}}],\"inLanguage\":\"ca\"}]}<\/script>\n<!-- \/ Yoast SEO plugin. -->","yoast_head_json":{"title":"Collections - La Siberia Fur shop","description":"Best collections fur and leather. Made in Barcelona. Custum made. Leather, rex, shearling, fox, mink, xinxilla ...coats and jackets and complements","robots":{"index":"index","follow":"follow","max-snippet":"max-snippet:-1","max-image-preview":"max-image-preview:large","max-video-preview":"max-video-preview:-1"},"canonical":"https:\/\/www.pelleterialasiberia.com\/en\/leather-fur-collections\/","og_locale":"ca_ES","og_type":"article","og_title":"Collections - La Siberia Fur shop","og_description":"Best collections fur and leather. Made in Barcelona. Custum made. Leather, rex, shearling, fox, mink, xinxilla ...coats and jackets and complements","og_url":"https:\/\/www.pelleterialasiberia.com\/en\/leather-fur-collections\/","og_site_name":"La Siberia Fur shop","article_modified_time":"2018-06-15T16:58:30+00:00","twitter_card":"summary_large_image","twitter_misc":{"Temps estimat de lectura":"1 minut"},"schema":{"@context":"https:\/\/schema.org","@graph":[{"@type":"WebPage","@id":"https:\/\/www.pelleterialasiberia.com\/en\/leather-fur-collections\/","url":"https:\/\/www.pelleterialasiberia.com\/en\/leather-fur-collections\/","name":"Collections - La Siberia Fur shop","isPartOf":{"@id":"https:\/\/www.pelleterialasiberia.com\/en\/#website"},"datePublished":"2014-07-22T23:59:43+00:00","dateModified":"2018-06-15T16:58:30+00:00","description":"Best collections fur and leather. Made in Barcelona. Custum made. Leather, rex, shearling, fox, mink, xinxilla ...coats and jackets and complements","breadcrumb":{"@id":"https:\/\/www.pelleterialasiberia.com\/en\/leather-fur-collections\/#breadcrumb"},"inLanguage":"ca","potentialAction":[{"@type":"ReadAction","target":["https:\/\/www.pelleterialasiberia.com\/en\/leather-fur-collections\/"]}]},{"@type":"BreadcrumbList","@id":"https:\/\/www.pelleterialasiberia.com\/en\/leather-fur-collections\/#breadcrumb","itemListElement":[{"@type":"ListItem","position":1,"name":"Inici","item":"https:\/\/www.pelleterialasiberia.com\/en\/"},{"@type":"ListItem","position":2,"name":"Collections"}]},{"@type":"WebSite","@id":"https:\/\/www.pelleterialasiberia.com\/en\/#website","url":"https:\/\/www.pelleterialasiberia.com\/en\/","name":"La Siberia Fur shop","description":"PELLETERIA BARCELONA","potentialAction":[{"@type":"SearchAction","target":{"@type":"EntryPoint","urlTemplate":"https:\/\/www.pelleterialasiberia.com\/en\/?s={search_term_string}"},"query-input":{"@type":"PropertyValueSpecification","valueRequired":true,"valueName":"search_term_string"}}],"inLanguage":"ca"}]}},"_links":{"self":[{"href":"https:\/\/www.pelleterialasiberia.com\/en\/wp-json\/wp\/v2\/pages\/13315","targetHints":{"allow":["GET"]}}],"collection":[{"href":"https:\/\/www.pelleterialasiberia.com\/en\/wp-json\/wp\/v2\/pages"}],"about":[{"href":"https:\/\/www.pelleterialasiberia.com\/en\/wp-json\/wp\/v2\/types\/page"}],"author":[{"embeddable":true,"href":"https:\/\/www.pelleterialasiberia.com\/en\/wp-json\/wp\/v2\/users\/1"}],"replies":[{"embeddable":true,"href":"https:\/\/www.pelleterialasiberia.com\/en\/wp-json\/wp\/v2\/comments?post=13315"}],"version-history":[{"count":24,"href":"https:\/\/www.pelleterialasiberia.com\/en\/wp-json\/wp\/v2\/pages\/13315\/revisions"}],"predecessor-version":[{"id":14614,"href":"https:\/\/www.pelleterialasiberia.com\/en\/wp-json\/wp\/v2\/pages\/13315\/revisions\/14614"}],"wp:attachment":[{"href":"https:\/\/www.pelleterialasiberia.com\/en\/wp-json\/wp\/v2\/media?parent=13315"}],"curies":[{"name":"wp","href":"https:\/\/api.w.org\/{rel}","templated":true}]}}