{"id":12915,"date":"2013-12-17T09:27:51","date_gmt":"2013-12-17T09:27:51","guid":{"rendered":"http:\/\/the7.dream-demo.com\/dummy\/?page_id=12915"},"modified":"2014-11-25T12:55:35","modified_gmt":"2014-11-25T12:55:35","slug":"blog-2","status":"publish","type":"page","link":"https:\/\/www.pelleterialasiberia.com\/en\/blog-2\/","title":{"rendered":"Blog"},"content":{"rendered":"<div class=\"wpb-content-wrapper\"><p>[vc_row margin_top=&#8221;0&#8243; margin_bottom=&#8221;0&#8243; padding_left=&#8221;40&#8243; padding_right=&#8221;40&#8243; animation=&#8221;scale-up&#8221; bg_position=&#8221;top&#8221; bg_repeat=&#8221;no-repeat&#8221; bg_cover=&#8221;false&#8221; bg_attachment=&#8221;false&#8221; padding_top=&#8221;40&#8243; padding_bottom=&#8221;40&#8243; parallax_speed=&#8221;0.1&#8243; el_class=&#8221;imagenes-pie&#8221;][vc_column width=&#8221;1\/3&#8243;][vc_single_image image=&#8221;13376&#8243; css_animation=&#8221;appear&#8221; alignment=&#8221;center&#8221; style=&#8221;vc_box_shadow&#8221; border_color=&#8221;grey&#8221; img_link_target=&#8221;_self&#8221; img_size=&#8221;362&#215;206&#8243;][vc_column_text]<\/p>\n<p style=\"text-align: center;\">qualitat i garant\u00eda<\/p>\n<p>[\/vc_column_text]<div class=\"gap\" style=\"line-height: 10px; height: 10px;\"><\/div>[vc_column_text]Tots els nostres productes estan pensats tant pel disseny com per l\\&#8217;\u00fas de pells de la m\u00e9s bona qualitat . La seva confecci\u00f3 \u00e9s acurada i moltes vegades gaireb\u00e9 artesanal[\/vc_column_text][\/vc_column][vc_column width=&#8221;1\/3&#8243;][vc_single_image image=&#8221;13377&#8243; css_animation=&#8221;appear&#8221; alignment=&#8221;center&#8221; style=&#8221;vc_box_shadow&#8221; border_color=&#8221;grey&#8221; img_link_target=&#8221;_self&#8221; img_size=&#8221;362&#215;206&#8243;][vc_column_text]<\/p>\n<p style=\"text-align: center;\">selecci\u00f3<\/p>\n<p>[\/vc_column_text]<div class=\"gap\" style=\"line-height: 10px; height: 10px;\"><\/div>[vc_column_text]Oferim una \u00e0mplia selecci\u00f3 de models exclusius fruit de la passi\u00f3 que tenim pel m\u00f3n de la moda.[\/vc_column_text][\/vc_column][vc_column width=&#8221;1\/3&#8243;][vc_single_image image=&#8221;13378&#8243; css_animation=&#8221;appear&#8221; alignment=&#8221;center&#8221; style=&#8221;vc_box_shadow&#8221; border_color=&#8221;grey&#8221; img_link_target=&#8221;_self&#8221; img_size=&#8221;362&#215;206&#8243;][vc_column_text]<\/p>\n<p style=\"text-align: center;\">recerca<\/p>\n<p>[\/vc_column_text]<div class=\"gap\" style=\"line-height: 10px; height: 10px;\"><\/div>[vc_column_text]Constantment estem buscant noves tend\u00e8ncies tant en el m\u00f3n del disseny com en el del tractament i confecci\u00f3 de les peces de pelleteria.[\/vc_column_text][\/vc_column][\/vc_row]<\/p>\n<\/div>","protected":false},"excerpt":{"rendered":"<p>[vc_row margin_top=&#8221;0&#8243; margin_bottom=&#8221;0&#8243; padding_left=&#8221;40&#8243; padding_right=&#8221;40&#8243; animation=&#8221;scale-up&#8221; bg_position=&#8221;top&#8221; bg_repeat=&#8221;no-repeat&#8221; bg_cover=&#8221;false&#8221; bg_attachment=&#8221;false&#8221; padding_top=&#8221;40&#8243; padding_bottom=&#8221;40&#8243; parallax_speed=&#8221;0.1&#8243; el_class=&#8221;imagenes-pie&#8221;][vc_column width=&#8221;1\/3&#8243;][vc_single_image image=&#8221;13376&#8243; css_animation=&#8221;appear&#8221; alignment=&#8221;center&#8221; style=&#8221;vc_box_shadow&#8221; border_color=&#8221;grey&#8221; img_link_target=&#8221;_self&#8221; img_size=&#8221;362&#215;206&#8243;][vc_column_text] qualitat i garant\u00eda [\/vc_column_text][vc_column_text]Tots els nostres productes estan pensats tant pel disseny com per l\\&#8217;\u00fas de pells de la m\u00e9s bona qualitat . La seva confecci\u00f3 \u00e9s acurada i moltes vegades gaireb\u00e9 artesanal[\/vc_column_text][\/vc_column][vc_column&hellip;<\/p>\n","protected":false},"author":1,"featured_media":0,"parent":0,"menu_order":20,"comment_status":"closed","ping_status":"closed","template":"template-blog-masonry.php","meta":{"footnotes":""},"class_list":["post-12915","page","type-page","status-publish","hentry","description-off"],"yoast_head":"<!-- This site is optimized with the Yoast SEO plugin v25.0 - https:\/\/yoast.com\/wordpress\/plugins\/seo\/ -->\n<title>Blog - La Siberia Fur shop<\/title>\n<meta name=\"robots\" content=\"index, follow, max-snippet:-1, max-image-preview:large, max-video-preview:-1\" \/>\n<link rel=\"canonical\" href=\"https:\/\/www.pelleterialasiberia.com\/en\/blog-2\/\" \/>\n<meta property=\"og:locale\" content=\"ca_ES\" \/>\n<meta property=\"og:type\" content=\"article\" \/>\n<meta property=\"og:title\" content=\"Blog - La Siberia Fur shop\" \/>\n<meta property=\"og:description\" content=\"[vc_row margin_top=&#8221;0&#8243; margin_bottom=&#8221;0&#8243; padding_left=&#8221;40&#8243; padding_right=&#8221;40&#8243; animation=&#8221;scale-up&#8221; bg_position=&#8221;top&#8221; bg_repeat=&#8221;no-repeat&#8221; bg_cover=&#8221;false&#8221; bg_attachment=&#8221;false&#8221; padding_top=&#8221;40&#8243; padding_bottom=&#8221;40&#8243; parallax_speed=&#8221;0.1&#8243; el_class=&#8221;imagenes-pie&#8221;][vc_column width=&#8221;1\/3&#8243;][vc_single_image image=&#8221;13376&#8243; css_animation=&#8221;appear&#8221; alignment=&#8221;center&#8221; style=&#8221;vc_box_shadow&#8221; border_color=&#8221;grey&#8221; img_link_target=&#8221;_self&#8221; img_size=&#8221;362&#215;206&#8243;][vc_column_text] qualitat i garant\u00eda [\/vc_column_text][vc_column_text]Tots els nostres productes estan pensats tant pel disseny com per l&#8217;\u00fas de pells de la m\u00e9s bona qualitat . La seva confecci\u00f3 \u00e9s acurada i moltes vegades gaireb\u00e9 artesanal[\/vc_column_text][\/vc_column][vc_column&hellip;\" \/>\n<meta property=\"og:url\" content=\"https:\/\/www.pelleterialasiberia.com\/en\/blog-2\/\" \/>\n<meta property=\"og:site_name\" content=\"La Siberia Fur shop\" \/>\n<meta property=\"article:modified_time\" content=\"2014-11-25T12:55:35+00:00\" \/>\n<meta name=\"twitter:card\" content=\"summary_large_image\" \/>\n<meta name=\"twitter:label1\" content=\"Temps estimat de lectura\" \/>\n\t<meta name=\"twitter:data1\" content=\"1 minut\" \/>\n<script type=\"application\/ld+json\" class=\"yoast-schema-graph\">{\"@context\":\"https:\/\/schema.org\",\"@graph\":[{\"@type\":\"WebPage\",\"@id\":\"https:\/\/www.pelleterialasiberia.com\/en\/blog-2\/\",\"url\":\"https:\/\/www.pelleterialasiberia.com\/en\/blog-2\/\",\"name\":\"Blog - La Siberia Fur shop\",\"isPartOf\":{\"@id\":\"https:\/\/www.pelleterialasiberia.com\/en\/#website\"},\"datePublished\":\"2013-12-17T09:27:51+00:00\",\"dateModified\":\"2014-11-25T12:55:35+00:00\",\"breadcrumb\":{\"@id\":\"https:\/\/www.pelleterialasiberia.com\/en\/blog-2\/#breadcrumb\"},\"inLanguage\":\"ca\",\"potentialAction\":[{\"@type\":\"ReadAction\",\"target\":[\"https:\/\/www.pelleterialasiberia.com\/en\/blog-2\/\"]}]},{\"@type\":\"BreadcrumbList\",\"@id\":\"https:\/\/www.pelleterialasiberia.com\/en\/blog-2\/#breadcrumb\",\"itemListElement\":[{\"@type\":\"ListItem\",\"position\":1,\"name\":\"Inici\",\"item\":\"https:\/\/www.pelleterialasiberia.com\/en\/\"},{\"@type\":\"ListItem\",\"position\":2,\"name\":\"Blog\"}]},{\"@type\":\"WebSite\",\"@id\":\"https:\/\/www.pelleterialasiberia.com\/en\/#website\",\"url\":\"https:\/\/www.pelleterialasiberia.com\/en\/\",\"name\":\"La Siberia Fur shop\",\"description\":\"PELLETERIA BARCELONA\",\"potentialAction\":[{\"@type\":\"SearchAction\",\"target\":{\"@type\":\"EntryPoint\",\"urlTemplate\":\"https:\/\/www.pelleterialasiberia.com\/en\/?s={search_term_string}\"},\"query-input\":{\"@type\":\"PropertyValueSpecification\",\"valueRequired\":true,\"valueName\":\"search_term_string\"}}],\"inLanguage\":\"ca\"}]}<\/script>\n<!-- \/ Yoast SEO plugin. -->","yoast_head_json":{"title":"Blog - La Siberia Fur shop","robots":{"index":"index","follow":"follow","max-snippet":"max-snippet:-1","max-image-preview":"max-image-preview:large","max-video-preview":"max-video-preview:-1"},"canonical":"https:\/\/www.pelleterialasiberia.com\/en\/blog-2\/","og_locale":"ca_ES","og_type":"article","og_title":"Blog - La Siberia Fur shop","og_description":"[vc_row margin_top=&#8221;0&#8243; margin_bottom=&#8221;0&#8243; padding_left=&#8221;40&#8243; padding_right=&#8221;40&#8243; animation=&#8221;scale-up&#8221; bg_position=&#8221;top&#8221; bg_repeat=&#8221;no-repeat&#8221; bg_cover=&#8221;false&#8221; bg_attachment=&#8221;false&#8221; padding_top=&#8221;40&#8243; padding_bottom=&#8221;40&#8243; parallax_speed=&#8221;0.1&#8243; el_class=&#8221;imagenes-pie&#8221;][vc_column width=&#8221;1\/3&#8243;][vc_single_image image=&#8221;13376&#8243; css_animation=&#8221;appear&#8221; alignment=&#8221;center&#8221; style=&#8221;vc_box_shadow&#8221; border_color=&#8221;grey&#8221; img_link_target=&#8221;_self&#8221; img_size=&#8221;362&#215;206&#8243;][vc_column_text] qualitat i garant\u00eda [\/vc_column_text][vc_column_text]Tots els nostres productes estan pensats tant pel disseny com per l&#8217;\u00fas de pells de la m\u00e9s bona qualitat . La seva confecci\u00f3 \u00e9s acurada i moltes vegades gaireb\u00e9 artesanal[\/vc_column_text][\/vc_column][vc_column&hellip;","og_url":"https:\/\/www.pelleterialasiberia.com\/en\/blog-2\/","og_site_name":"La Siberia Fur shop","article_modified_time":"2014-11-25T12:55:35+00:00","twitter_card":"summary_large_image","twitter_misc":{"Temps estimat de lectura":"1 minut"},"schema":{"@context":"https:\/\/schema.org","@graph":[{"@type":"WebPage","@id":"https:\/\/www.pelleterialasiberia.com\/en\/blog-2\/","url":"https:\/\/www.pelleterialasiberia.com\/en\/blog-2\/","name":"Blog - La Siberia Fur shop","isPartOf":{"@id":"https:\/\/www.pelleterialasiberia.com\/en\/#website"},"datePublished":"2013-12-17T09:27:51+00:00","dateModified":"2014-11-25T12:55:35+00:00","breadcrumb":{"@id":"https:\/\/www.pelleterialasiberia.com\/en\/blog-2\/#breadcrumb"},"inLanguage":"ca","potentialAction":[{"@type":"ReadAction","target":["https:\/\/www.pelleterialasiberia.com\/en\/blog-2\/"]}]},{"@type":"BreadcrumbList","@id":"https:\/\/www.pelleterialasiberia.com\/en\/blog-2\/#breadcrumb","itemListElement":[{"@type":"ListItem","position":1,"name":"Inici","item":"https:\/\/www.pelleterialasiberia.com\/en\/"},{"@type":"ListItem","position":2,"name":"Blog"}]},{"@type":"WebSite","@id":"https:\/\/www.pelleterialasiberia.com\/en\/#website","url":"https:\/\/www.pelleterialasiberia.com\/en\/","name":"La Siberia Fur shop","description":"PELLETERIA BARCELONA","potentialAction":[{"@type":"SearchAction","target":{"@type":"EntryPoint","urlTemplate":"https:\/\/www.pelleterialasiberia.com\/en\/?s={search_term_string}"},"query-input":{"@type":"PropertyValueSpecification","valueRequired":true,"valueName":"search_term_string"}}],"inLanguage":"ca"}]}},"_links":{"self":[{"href":"https:\/\/www.pelleterialasiberia.com\/en\/wp-json\/wp\/v2\/pages\/12915","targetHints":{"allow":["GET"]}}],"collection":[{"href":"https:\/\/www.pelleterialasiberia.com\/en\/wp-json\/wp\/v2\/pages"}],"about":[{"href":"https:\/\/www.pelleterialasiberia.com\/en\/wp-json\/wp\/v2\/types\/page"}],"author":[{"embeddable":true,"href":"https:\/\/www.pelleterialasiberia.com\/en\/wp-json\/wp\/v2\/users\/1"}],"replies":[{"embeddable":true,"href":"https:\/\/www.pelleterialasiberia.com\/en\/wp-json\/wp\/v2\/comments?post=12915"}],"version-history":[{"count":6,"href":"https:\/\/www.pelleterialasiberia.com\/en\/wp-json\/wp\/v2\/pages\/12915\/revisions"}],"predecessor-version":[{"id":13574,"href":"https:\/\/www.pelleterialasiberia.com\/en\/wp-json\/wp\/v2\/pages\/12915\/revisions\/13574"}],"wp:attachment":[{"href":"https:\/\/www.pelleterialasiberia.com\/en\/wp-json\/wp\/v2\/media?parent=12915"}],"curies":[{"name":"wp","href":"https:\/\/api.w.org\/{rel}","templated":true}]}}