{"id":1021,"date":"2014-03-22T13:09:25","date_gmt":"2014-03-22T13:09:25","guid":{"rendered":"http:\/\/demos.the7.dream-demo.com\/onepage\/?page_id=1021"},"modified":"2024-09-26T17:51:47","modified_gmt":"2024-09-26T15:51:47","slug":"la-siberia-fur-shop","status":"publish","type":"page","link":"https:\/\/www.pelleterialasiberia.com\/en\/","title":{"rendered":"pell Barcelona inici"},"content":{"rendered":"<div class=\"wpb-content-wrapper\"><p>[vc_row][vc_column][rev_slider_vc alias=&#8221;Home_cat&#8221;][\/vc_column][\/vc_row][vc_row][vc_column][vc_masonry_grid post_type=&#8221;ids&#8221; element_width=&#8221;6&#8243; gap=&#8221;15&#8243; item=&#8221;masonryGrid_BlurOut&#8221; grid_id=&#8221;vc_gid:1726571392423-73a9d151-b287-1&#8243; include=&#8221;13312, 15397, 13318, 14462, 14543, 13332, 13335, 13326, 13424, 14550, 13238&#8243;][\/vc_column][\/vc_row][vc_row][vc_column width=&#8221;1\/2&#8243;][vc_video link=&#8221;https:\/\/www.youtube.com\/watch?v=Z94WQ1QdpQs&#8221; align=&#8221;center&#8221; title=&#8221;RUTA DELS EMBLEM\u00c0TICS PELLETERIA LA SIB\u00c8RIA&#8221;][\/vc_column][vc_column width=&#8221;1\/2&#8243;][vc_video link=&#8221;https:\/\/www.youtube.com\/watch?v=TNUPGEYjyzA&amp;t=13s&#8221; align=&#8221;center&#8221; title=&#8221;PELLETERIA LA SIB\u00c8RIA, LA M\u00c9S ANTIGA D&#8217;EUROPA. BETEV\u00c9&#8221;][\/vc_column][\/vc_row]<\/p>\n<\/div>","protected":false},"excerpt":{"rendered":"<p>[vc_row][vc_column][rev_slider_vc alias=&#8221;Home_cat&#8221;][\/vc_column][\/vc_row][vc_row][vc_column][vc_masonry_grid post_type=&#8221;ids&#8221; element_width=&#8221;6&#8243; gap=&#8221;15&#8243; item=&#8221;masonryGrid_BlurOut&#8221; grid_id=&#8221;vc_gid:1726571392423-73a9d151-b287-1&#8243; include=&#8221;13312, 15397, 13318, 14462, 14543, 13332, 13335, 13326, 13424, 14550, 13238&#8243;][\/vc_column][\/vc_row][vc_row][vc_column width=&#8221;1\/2&#8243;][vc_video link=&#8221;https:\/\/www.youtube.com\/watch?v=Z94WQ1QdpQs&#8221; align=&#8221;center&#8221; title=&#8221;RUTA DELS EMBLEM\u00c0TICS PELLETERIA LA SIB\u00c8RIA&#8221;][\/vc_column][vc_column width=&#8221;1\/2&#8243;][vc_video link=&#8221;https:\/\/www.youtube.com\/watch?v=TNUPGEYjyzA&amp;t=13s&#8221; align=&#8221;center&#8221; title=&#8221;PELLETERIA LA SIB\u00c8RIA, LA M\u00c9S ANTIGA D&#8217;EUROPA. BETEV\u00c9&#8221;][\/vc_column][\/vc_row]<\/p>\n","protected":false},"author":1,"featured_media":0,"parent":0,"menu_order":1,"comment_status":"closed","ping_status":"closed","template":"","meta":{"footnotes":""},"class_list":["post-1021","page","type-page","status-publish","hentry","description-off"],"yoast_head":"<!-- This site is optimized with the Yoast SEO plugin v25.0 - https:\/\/yoast.com\/wordpress\/plugins\/seo\/ -->\n<title>pell Barcelona inici - La Siberia Fur shop<\/title>\n<meta name=\"description\" content=\"Fur and leather fashion shop in Barcelona since 1891. Fur designed to inspire. Leather fashion in Barcelona. Custum made. Best quality in leathers and furs.\" \/>\n<meta name=\"robots\" content=\"index, follow, max-snippet:-1, max-image-preview:large, max-video-preview:-1\" \/>\n<link rel=\"canonical\" href=\"https:\/\/www.pelleterialasiberia.com\/en\/\" \/>\n<meta property=\"og:locale\" content=\"ca_ES\" \/>\n<meta property=\"og:type\" content=\"article\" \/>\n<meta property=\"og:title\" content=\"pell Barcelona inici - La Siberia Fur shop\" \/>\n<meta property=\"og:description\" content=\"Fur and leather fashion shop in Barcelona since 1891. Fur designed to inspire. Leather fashion in Barcelona. Custum made. Best quality in leathers and furs.\" \/>\n<meta property=\"og:url\" content=\"https:\/\/www.pelleterialasiberia.com\/en\/\" \/>\n<meta property=\"og:site_name\" content=\"La Siberia Fur shop\" \/>\n<meta property=\"article:modified_time\" content=\"2024-09-26T15:51:47+00:00\" \/>\n<meta name=\"twitter:card\" content=\"summary_large_image\" \/>\n<meta name=\"twitter:label1\" content=\"Temps estimat de lectura\" \/>\n\t<meta name=\"twitter:data1\" content=\"1 minut\" \/>\n<script type=\"application\/ld+json\" class=\"yoast-schema-graph\">{\"@context\":\"https:\/\/schema.org\",\"@graph\":[{\"@type\":\"WebPage\",\"@id\":\"https:\/\/www.pelleterialasiberia.com\/en\/\",\"url\":\"https:\/\/www.pelleterialasiberia.com\/en\/\",\"name\":\"pell Barcelona inici - La Siberia Fur shop\",\"isPartOf\":{\"@id\":\"https:\/\/www.pelleterialasiberia.com\/en\/#website\"},\"datePublished\":\"2014-03-22T13:09:25+00:00\",\"dateModified\":\"2024-09-26T15:51:47+00:00\",\"description\":\"Fur and leather fashion shop in Barcelona since 1891. Fur designed to inspire. Leather fashion in Barcelona. Custum made. Best quality in leathers and furs.\",\"breadcrumb\":{\"@id\":\"https:\/\/www.pelleterialasiberia.com\/en\/#breadcrumb\"},\"inLanguage\":\"ca\",\"potentialAction\":[{\"@type\":\"ReadAction\",\"target\":[\"https:\/\/www.pelleterialasiberia.com\/en\/\"]}]},{\"@type\":\"BreadcrumbList\",\"@id\":\"https:\/\/www.pelleterialasiberia.com\/en\/#breadcrumb\",\"itemListElement\":[{\"@type\":\"ListItem\",\"position\":1,\"name\":\"Inici\",\"item\":\"https:\/\/www.pelleterialasiberia.com\/en\/\"},{\"@type\":\"ListItem\",\"position\":2,\"name\":\"pell Barcelona inici\"}]},{\"@type\":\"WebSite\",\"@id\":\"https:\/\/www.pelleterialasiberia.com\/en\/#website\",\"url\":\"https:\/\/www.pelleterialasiberia.com\/en\/\",\"name\":\"La Siberia Fur shop\",\"description\":\"PELLETERIA BARCELONA\",\"potentialAction\":[{\"@type\":\"SearchAction\",\"target\":{\"@type\":\"EntryPoint\",\"urlTemplate\":\"https:\/\/www.pelleterialasiberia.com\/en\/?s={search_term_string}\"},\"query-input\":{\"@type\":\"PropertyValueSpecification\",\"valueRequired\":true,\"valueName\":\"search_term_string\"}}],\"inLanguage\":\"ca\"}]}<\/script>\n<!-- \/ Yoast SEO plugin. -->","yoast_head_json":{"title":"pell Barcelona inici - La Siberia Fur shop","description":"Fur and leather fashion shop in Barcelona since 1891. Fur designed to inspire. Leather fashion in Barcelona. Custum made. Best quality in leathers and furs.","robots":{"index":"index","follow":"follow","max-snippet":"max-snippet:-1","max-image-preview":"max-image-preview:large","max-video-preview":"max-video-preview:-1"},"canonical":"https:\/\/www.pelleterialasiberia.com\/en\/","og_locale":"ca_ES","og_type":"article","og_title":"pell Barcelona inici - La Siberia Fur shop","og_description":"Fur and leather fashion shop in Barcelona since 1891. Fur designed to inspire. Leather fashion in Barcelona. Custum made. Best quality in leathers and furs.","og_url":"https:\/\/www.pelleterialasiberia.com\/en\/","og_site_name":"La Siberia Fur shop","article_modified_time":"2024-09-26T15:51:47+00:00","twitter_card":"summary_large_image","twitter_misc":{"Temps estimat de lectura":"1 minut"},"schema":{"@context":"https:\/\/schema.org","@graph":[{"@type":"WebPage","@id":"https:\/\/www.pelleterialasiberia.com\/en\/","url":"https:\/\/www.pelleterialasiberia.com\/en\/","name":"pell Barcelona inici - La Siberia Fur shop","isPartOf":{"@id":"https:\/\/www.pelleterialasiberia.com\/en\/#website"},"datePublished":"2014-03-22T13:09:25+00:00","dateModified":"2024-09-26T15:51:47+00:00","description":"Fur and leather fashion shop in Barcelona since 1891. Fur designed to inspire. Leather fashion in Barcelona. Custum made. Best quality in leathers and furs.","breadcrumb":{"@id":"https:\/\/www.pelleterialasiberia.com\/en\/#breadcrumb"},"inLanguage":"ca","potentialAction":[{"@type":"ReadAction","target":["https:\/\/www.pelleterialasiberia.com\/en\/"]}]},{"@type":"BreadcrumbList","@id":"https:\/\/www.pelleterialasiberia.com\/en\/#breadcrumb","itemListElement":[{"@type":"ListItem","position":1,"name":"Inici","item":"https:\/\/www.pelleterialasiberia.com\/en\/"},{"@type":"ListItem","position":2,"name":"pell Barcelona inici"}]},{"@type":"WebSite","@id":"https:\/\/www.pelleterialasiberia.com\/en\/#website","url":"https:\/\/www.pelleterialasiberia.com\/en\/","name":"La Siberia Fur shop","description":"PELLETERIA BARCELONA","potentialAction":[{"@type":"SearchAction","target":{"@type":"EntryPoint","urlTemplate":"https:\/\/www.pelleterialasiberia.com\/en\/?s={search_term_string}"},"query-input":{"@type":"PropertyValueSpecification","valueRequired":true,"valueName":"search_term_string"}}],"inLanguage":"ca"}]}},"_links":{"self":[{"href":"https:\/\/www.pelleterialasiberia.com\/en\/wp-json\/wp\/v2\/pages\/1021","targetHints":{"allow":["GET"]}}],"collection":[{"href":"https:\/\/www.pelleterialasiberia.com\/en\/wp-json\/wp\/v2\/pages"}],"about":[{"href":"https:\/\/www.pelleterialasiberia.com\/en\/wp-json\/wp\/v2\/types\/page"}],"author":[{"embeddable":true,"href":"https:\/\/www.pelleterialasiberia.com\/en\/wp-json\/wp\/v2\/users\/1"}],"replies":[{"embeddable":true,"href":"https:\/\/www.pelleterialasiberia.com\/en\/wp-json\/wp\/v2\/comments?post=1021"}],"version-history":[{"count":73,"href":"https:\/\/www.pelleterialasiberia.com\/en\/wp-json\/wp\/v2\/pages\/1021\/revisions"}],"predecessor-version":[{"id":13877,"href":"https:\/\/www.pelleterialasiberia.com\/en\/wp-json\/wp\/v2\/pages\/1021\/revisions\/13877"}],"wp:attachment":[{"href":"https:\/\/www.pelleterialasiberia.com\/en\/wp-json\/wp\/v2\/media?parent=1021"}],"curies":[{"name":"wp","href":"https:\/\/api.w.org\/{rel}","templated":true}]}}